{"id":9025,"date":"2025-11-20T18:10:33","date_gmt":"2025-11-20T15:10:33","guid":{"rendered":"https:\/\/leinfelder-juweler.com\/?post_type=product&#038;p=9025"},"modified":"2025-11-20T20:15:09","modified_gmt":"2025-11-20T17:15:09","slug":"klappcreolen-750-gelbgold-6","status":"publish","type":"product","link":"https:\/\/leinfelder-juweler.com\/en\/product\/klappcreolen-750-gelbgold-6\/","title":{"rendered":"Klappcreolen 750 Gelbgold"},"content":{"rendered":"<p><strong>Ohrschmuck Klappcreolen<span data-mce-fragment=\"1\"><\/span><\/strong><\/p>\n<p><strong>Material: <\/strong>750 Yellow Gold<\/p>\n<p><strong>Ma\u00dfe: <\/strong>30 mm au\u00dfen \u00d8 3 x 2 mm ovales Profil<span data-mce-fragment=\"1\"><\/span><\/p>\n<div>\n<p class=\"MsoNormal\"><strong><span style=\"font-size: 11.0pt; font-family: 'Calibri',sans-serif; mso-ascii-theme-font: minor-latin; mso-hansi-theme-font: minor-latin; mso-bidi-theme-font: minor-latin;\">Pur- Schlichte Eleganz in reinem Gold.<\/span><\/strong><span style=\"font-size: 11.0pt; font-family: 'Calibri',sans-serif; mso-ascii-theme-font: minor-latin; mso-hansi-theme-font: minor-latin; mso-bidi-theme-font: minor-latin;\"><br \/><strong><span style=\"font-family: 'Calibri',sans-serif; mso-ascii-theme-font: minor-latin; mso-hansi-theme-font: minor-latin; mso-bidi-theme-font: minor-latin;\">Unsere &#8218;Pur&#8216;-Kollektion besticht durch ihre klare, unverf\u00e4lschte Formensprache. In 750 Gold gefertigt, ohne den Einsatz von Edelsteinen, verk\u00f6rpern diese Schmuckst\u00fccke zeitlose Sch\u00f6nheit und reduzierte Eleganz. Perfekt f\u00fcr alle, die das Wesentliche sch\u00e4tzen und den Luxus der Einfachheit lieben.<\/span><\/strong><\/span><\/p>\n<p><strong>Forever young! <\/strong>\n<\/div>\n<div><strong>Diese l\u00e4ssigen Creolen stehen f\u00fcr ein Lebensgef\u00fchl ganzer Generationen. <\/strong><\/div>\n<div><strong>In verschiedenen Gr\u00f6\u00dfen erh\u00e4ltlich. <\/strong><\/div>\n<div><strong>Auch mit unseren vielf\u00e4ltigen Einh\u00e4ngern kombinierbar.<\/strong><\/div>\n<p><strong><\/strong>\u00a0<\/p>\n<p><strong>Zu diesen Klappcreolen empfehlen wir die folgenden Einh\u00e4nger:<\/strong><\/p>\n<p><strong>Einh\u00e4nger 750 Gelbgold mit Aquamarinen:<\/strong><\/p>\n<p><a href=\"https:\/\/shop.leinfelder-goldschmiede.de\/products\/einhanger-fur-klappcreolen-mit-aquamarinen?_pos=7&amp;_sid=71514c9dc&amp;_ss=r\"><img decoding=\"async\" alt=\"Einh\u00e4nger 750 Gelbgold mit Aquamarinen\" src=\"https:\/\/cdn.shopify.com\/s\/files\/1\/0537\/7205\/8797\/files\/97_85_335.jpg?v=1625492423\"><\/a><\/p>\n<p><strong>Einh\u00e4nger 750 Wei\u00dfgold mit Peridot Cabochons:<\/strong><\/p>\n<p><a href=\"https:\/\/shop.leinfelder-goldschmiede.de\/products\/einhanger-fur-klappcreolen-mit-peridot-cabochons?_pos=3&amp;_sid=fbd20236a&amp;_ss=r\"><img decoding=\"async\" src=\"https:\/\/cdn.shopify.com\/s\/files\/1\/0537\/7205\/8797\/files\/97_85_176.jpg?v=1619175378\" alt=\"Einh\u00e4nger 750 Wei\u00dfgold mit Peridot Cabochons\"><\/a><\/p>\n<p><strong><br \/><\/strong><\/p>\n<p>\u00a0<\/p>","protected":false},"excerpt":{"rendered":"<p>Ohrschmuck Klappcreolen Material: 750 Gelbgold Ma\u00dfe: 30 mm au\u00dfen \u00d8 3 x 2 mm ovales Profil Pur- Schlichte Eleganz in reinem Gold.Unsere &#8218;Pur&#8216;-Kollektion besticht durch ihre klare, unverf\u00e4lschte Formensprache. In 750 Gold gefertigt, ohne den Einsatz von Edelsteinen, verk\u00f6rpern diese Schmuckst\u00fccke zeitlose Sch\u00f6nheit und reduzierte Eleganz. Perfekt f\u00fcr alle, die das Wesentliche sch\u00e4tzen und den [&hellip;]<\/p>","protected":false},"featured_media":10194,"comment_status":"open","ping_status":"closed","template":"","meta":{"_acf_changed":false,"_et_pb_use_builder":"","_et_pb_old_content":"","_et_gb_content_width":"","inline_featured_image":false},"product_brand":[332],"product_cat":[331],"product_tag":[370],"class_list":{"0":"post-9025","1":"product","2":"type-product","3":"status-publish","4":"has-post-thumbnail","6":"product_brand-leinfelder","7":"product_cat-ohrschmuck","8":"product_tag-pur","10":"first","11":"outofstock","12":"shipping-taxable","13":"purchasable","14":"product-type-simple"},"acf":[],"_links":{"self":[{"href":"https:\/\/leinfelder-juweler.com\/en\/wp-json\/wp\/v2\/product\/9025","targetHints":{"allow":["GET"]}}],"collection":[{"href":"https:\/\/leinfelder-juweler.com\/en\/wp-json\/wp\/v2\/product"}],"about":[{"href":"https:\/\/leinfelder-juweler.com\/en\/wp-json\/wp\/v2\/types\/product"}],"replies":[{"embeddable":true,"href":"https:\/\/leinfelder-juweler.com\/en\/wp-json\/wp\/v2\/comments?post=9025"}],"wp:featuredmedia":[{"embeddable":true,"href":"https:\/\/leinfelder-juweler.com\/en\/wp-json\/wp\/v2\/media\/10194"}],"wp:attachment":[{"href":"https:\/\/leinfelder-juweler.com\/en\/wp-json\/wp\/v2\/media?parent=9025"}],"wp:term":[{"taxonomy":"product_brand","embeddable":true,"href":"https:\/\/leinfelder-juweler.com\/en\/wp-json\/wp\/v2\/product_brand?post=9025"},{"taxonomy":"product_cat","embeddable":true,"href":"https:\/\/leinfelder-juweler.com\/en\/wp-json\/wp\/v2\/product_cat?post=9025"},{"taxonomy":"product_tag","embeddable":true,"href":"https:\/\/leinfelder-juweler.com\/en\/wp-json\/wp\/v2\/product_tag?post=9025"}],"curies":[{"name":"wp","href":"https:\/\/api.w.org\/{rel}","templated":true}]}}