{"id":9026,"date":"2025-11-20T18:10:33","date_gmt":"2025-11-20T15:10:33","guid":{"rendered":"https:\/\/leinfelder-juweler.com\/?post_type=product&#038;p=9026"},"modified":"2025-11-20T20:15:15","modified_gmt":"2025-11-20T17:15:15","slug":"klappcreolen-750-gelbgold-mit-peridot-einhaengern-2","status":"publish","type":"product","link":"https:\/\/leinfelder-juweler.com\/en\/product\/klappcreolen-750-gelbgold-mit-peridot-einhaengern-2\/","title":{"rendered":"Klappcreolen 750 Gelbgold mit Peridot Einh\u00e4ngern"},"content":{"rendered":"<p><strong>Ohrschmuck\u00a0Klappcreolen<\/strong><\/p>\n<p><strong>Material: <\/strong>750 Yellow Gold<\/p>\n<p><strong>Ma\u00dfe: <\/strong>20 mm au\u00dfen \u00d8 3 x 2 mm ovales Profil<\/p>\n<p><strong>Einh\u00e4nger:\u00a0<\/strong>750 Gelbgold\u00a0mit <span data-mce-fragment=\"1\">Peridot Cabochons 10 x 8 mm<\/span><span data-mce-fragment=\"1\"><\/span><\/p>\n<div><strong>Die erfrischend gr\u00fcnen Peridoteinh\u00e4nger komplettieren <\/strong><\/div>\n<div><strong>den l\u00e4ssigen Look der zeitlosen Klappcreolen.<\/strong><\/div>","protected":false},"excerpt":{"rendered":"<p>Ohrschmuck\u00a0Klappcreolen Material: 750 Gelbgold Ma\u00dfe: 20 mm au\u00dfen \u00d8 3 x 2 mm ovales Profil Einh\u00e4nger:\u00a0\ufeff750 Gelbgold\u00a0mit Peridot Cabochons 10 x 8 mm Die erfrischend gr\u00fcnen Peridoteinh\u00e4nger komplettieren den l\u00e4ssigen Look der zeitlosen Klappcreolen.<\/p>","protected":false},"featured_media":10195,"comment_status":"open","ping_status":"closed","template":"","meta":{"_acf_changed":false,"_et_pb_use_builder":"","_et_pb_old_content":"","_et_gb_content_width":"","inline_featured_image":false},"product_brand":[332],"product_cat":[331],"product_tag":[],"class_list":{"0":"post-9026","1":"product","2":"type-product","3":"status-publish","4":"has-post-thumbnail","6":"product_brand-leinfelder","7":"product_cat-ohrschmuck","9":"first","10":"instock","11":"shipping-taxable","12":"purchasable","13":"product-type-simple"},"acf":[],"_links":{"self":[{"href":"https:\/\/leinfelder-juweler.com\/en\/wp-json\/wp\/v2\/product\/9026","targetHints":{"allow":["GET"]}}],"collection":[{"href":"https:\/\/leinfelder-juweler.com\/en\/wp-json\/wp\/v2\/product"}],"about":[{"href":"https:\/\/leinfelder-juweler.com\/en\/wp-json\/wp\/v2\/types\/product"}],"replies":[{"embeddable":true,"href":"https:\/\/leinfelder-juweler.com\/en\/wp-json\/wp\/v2\/comments?post=9026"}],"wp:featuredmedia":[{"embeddable":true,"href":"https:\/\/leinfelder-juweler.com\/en\/wp-json\/wp\/v2\/media\/10195"}],"wp:attachment":[{"href":"https:\/\/leinfelder-juweler.com\/en\/wp-json\/wp\/v2\/media?parent=9026"}],"wp:term":[{"taxonomy":"product_brand","embeddable":true,"href":"https:\/\/leinfelder-juweler.com\/en\/wp-json\/wp\/v2\/product_brand?post=9026"},{"taxonomy":"product_cat","embeddable":true,"href":"https:\/\/leinfelder-juweler.com\/en\/wp-json\/wp\/v2\/product_cat?post=9026"},{"taxonomy":"product_tag","embeddable":true,"href":"https:\/\/leinfelder-juweler.com\/en\/wp-json\/wp\/v2\/product_tag?post=9026"}],"curies":[{"name":"wp","href":"https:\/\/api.w.org\/{rel}","templated":true}]}}