{"id":9033,"date":"2025-11-20T18:10:36","date_gmt":"2025-11-20T15:10:36","guid":{"rendered":"https:\/\/leinfelder-juweler.com\/?post_type=product&#038;p=9033"},"modified":"2025-11-20T20:16:04","modified_gmt":"2025-11-20T17:16:04","slug":"klappcreolen-750-gelbgold-mit-perleinhaengern-7","status":"publish","type":"product","link":"https:\/\/leinfelder-juweler.com\/en\/product\/klappcreolen-750-gelbgold-mit-perleinhaengern-7\/","title":{"rendered":"Klappcreolen 750 Gelbgold mit Perleinh\u00e4ngern"},"content":{"rendered":"<p><strong>Ohrschmuck\u00a0Klappcreolen<\/strong><\/p>\n<p><strong>Material: <\/strong>750 Yellow Gold<\/p>\n<p><strong>Ma\u00dfe: <\/strong>30 mm au\u00dfen \u00d8 3 x 2 mm ovales Profil<\/p>\n<p><strong>Einh\u00e4nger:\u00a0<\/strong>750 Gelbgold\u00a0mit S\u00fc\u00dfwasser- Perlen<span>\u00a0<\/span>10,5 mm rund\u00a0<\/p>\n<div><strong>Die zart schimmernden Perleinh\u00e4nger komplettieren den l\u00e4ssigen Look <\/strong><\/div>\n<div><strong>der zeitlosen Klappcreolen.<\/strong><\/div>","protected":false},"excerpt":{"rendered":"<p>Ohrschmuck\u00a0Klappcreolen Material: 750 Gelbgold Ma\u00dfe: 30 mm au\u00dfen \u00d8 3 x 2 mm ovales Profil Einh\u00e4nger:\u00a0\ufeff750 Gelbgold\u00a0mit S\u00fc\u00dfwasser- Perlen\u00a010,5 mm rund\u00a0 Die zart schimmernden Perleinh\u00e4nger komplettieren den l\u00e4ssigen Look der zeitlosen Klappcreolen.<\/p>","protected":false},"featured_media":10202,"comment_status":"open","ping_status":"closed","template":"","meta":{"_acf_changed":false,"_et_pb_use_builder":"","_et_pb_old_content":"","_et_gb_content_width":"","inline_featured_image":false},"product_brand":[332],"product_cat":[331],"product_tag":[],"class_list":{"0":"post-9033","1":"product","2":"type-product","3":"status-publish","4":"has-post-thumbnail","6":"product_brand-leinfelder","7":"product_cat-ohrschmuck","9":"first","10":"outofstock","11":"shipping-taxable","12":"purchasable","13":"product-type-simple"},"acf":[],"_links":{"self":[{"href":"https:\/\/leinfelder-juweler.com\/en\/wp-json\/wp\/v2\/product\/9033","targetHints":{"allow":["GET"]}}],"collection":[{"href":"https:\/\/leinfelder-juweler.com\/en\/wp-json\/wp\/v2\/product"}],"about":[{"href":"https:\/\/leinfelder-juweler.com\/en\/wp-json\/wp\/v2\/types\/product"}],"replies":[{"embeddable":true,"href":"https:\/\/leinfelder-juweler.com\/en\/wp-json\/wp\/v2\/comments?post=9033"}],"wp:featuredmedia":[{"embeddable":true,"href":"https:\/\/leinfelder-juweler.com\/en\/wp-json\/wp\/v2\/media\/10202"}],"wp:attachment":[{"href":"https:\/\/leinfelder-juweler.com\/en\/wp-json\/wp\/v2\/media?parent=9033"}],"wp:term":[{"taxonomy":"product_brand","embeddable":true,"href":"https:\/\/leinfelder-juweler.com\/en\/wp-json\/wp\/v2\/product_brand?post=9033"},{"taxonomy":"product_cat","embeddable":true,"href":"https:\/\/leinfelder-juweler.com\/en\/wp-json\/wp\/v2\/product_cat?post=9033"},{"taxonomy":"product_tag","embeddable":true,"href":"https:\/\/leinfelder-juweler.com\/en\/wp-json\/wp\/v2\/product_tag?post=9033"}],"curies":[{"name":"wp","href":"https:\/\/api.w.org\/{rel}","templated":true}]}}