{"id":9035,"date":"2025-11-20T18:10:37","date_gmt":"2025-11-20T15:10:37","guid":{"rendered":"https:\/\/leinfelder-juweler.com\/?post_type=product&#038;p=9035"},"modified":"2025-11-20T20:16:19","modified_gmt":"2025-11-20T17:16:19","slug":"armband-750-gelbgold-rundanker-mit-1-brillant-im-verschluss","status":"publish","type":"product","link":"https:\/\/leinfelder-juweler.com\/en\/product\/armband-750-gelbgold-rundanker-mit-1-brillant-im-verschluss\/","title":{"rendered":"Armband 750 Gelbgold Rundanker mit 1 Brillant im Verschluss"},"content":{"rendered":"<p data-mce-fragment=\"1\"><strong>Armband 750 Gelbgold<\/strong><\/p>\n<p data-mce-fragment=\"1\"><strong>Material: <\/strong>750 Yellow Gold<\/p>\n<p data-mce-fragment=\"1\"><span><strong>Stein:<\/strong> 1 Brillant\u00a0 <\/span><span lang=\"EN-US\">\u00d8 1,6 mm 0,015 ct tw vsi<\/span><\/p>\n<p data-mce-fragment=\"1\"><strong>Ma\u00dfe: <\/strong>Rundanker 17,6 x 13,8 x 3,5 mm \/ 21 cm lang<\/p>\n<p data-mce-fragment=\"1\"><strong>Mit diesem Armband setzen Sie ein Statement! Beeindruckt durch seine \u00fcppigen Elemente. Der Verschluss ist ein Meisterwerk an Sch\u00f6nheit und Funktionalit\u00e4t, durch einen Brillanten gekr\u00f6nt. <\/strong><\/p>","protected":false},"excerpt":{"rendered":"<p>Armband 750 Gelbgold Material: 750 Gelbgold Stein: 1 Brillant\u00a0 \u00d8 1,6 mm 0,015 ct tw vsi Ma\u00dfe: Rundanker 17,6 x 13,8 x 3,5 mm \/ 21 cm lang Mit diesem Armband setzen Sie ein Statement! Beeindruckt durch seine \u00fcppigen Elemente. Der Verschluss ist ein Meisterwerk an Sch\u00f6nheit und Funktionalit\u00e4t, durch einen Brillanten gekr\u00f6nt.<\/p>","protected":false},"featured_media":10204,"comment_status":"open","ping_status":"closed","template":"","meta":{"_acf_changed":false,"_et_pb_use_builder":"","_et_pb_old_content":"","_et_gb_content_width":"","inline_featured_image":false},"product_brand":[332],"product_cat":[335],"product_tag":[],"class_list":{"0":"post-9035","1":"product","2":"type-product","3":"status-publish","4":"has-post-thumbnail","6":"product_brand-leinfelder","7":"product_cat-armschmuck","9":"first","10":"outofstock","11":"shipping-taxable","12":"purchasable","13":"product-type-simple"},"acf":[],"_links":{"self":[{"href":"https:\/\/leinfelder-juweler.com\/en\/wp-json\/wp\/v2\/product\/9035","targetHints":{"allow":["GET"]}}],"collection":[{"href":"https:\/\/leinfelder-juweler.com\/en\/wp-json\/wp\/v2\/product"}],"about":[{"href":"https:\/\/leinfelder-juweler.com\/en\/wp-json\/wp\/v2\/types\/product"}],"replies":[{"embeddable":true,"href":"https:\/\/leinfelder-juweler.com\/en\/wp-json\/wp\/v2\/comments?post=9035"}],"wp:featuredmedia":[{"embeddable":true,"href":"https:\/\/leinfelder-juweler.com\/en\/wp-json\/wp\/v2\/media\/10204"}],"wp:attachment":[{"href":"https:\/\/leinfelder-juweler.com\/en\/wp-json\/wp\/v2\/media?parent=9035"}],"wp:term":[{"taxonomy":"product_brand","embeddable":true,"href":"https:\/\/leinfelder-juweler.com\/en\/wp-json\/wp\/v2\/product_brand?post=9035"},{"taxonomy":"product_cat","embeddable":true,"href":"https:\/\/leinfelder-juweler.com\/en\/wp-json\/wp\/v2\/product_cat?post=9035"},{"taxonomy":"product_tag","embeddable":true,"href":"https:\/\/leinfelder-juweler.com\/en\/wp-json\/wp\/v2\/product_tag?post=9035"}],"curies":[{"name":"wp","href":"https:\/\/api.w.org\/{rel}","templated":true}]}}