{"id":9036,"date":"2025-11-20T18:10:37","date_gmt":"2025-11-20T15:10:37","guid":{"rendered":"https:\/\/leinfelder-juweler.com\/?post_type=product&#038;p=9036"},"modified":"2025-11-20T20:16:26","modified_gmt":"2025-11-20T17:16:26","slug":"spiralhalsreif-3-reihig","status":"publish","type":"product","link":"https:\/\/leinfelder-juweler.com\/en\/product\/spiralhalsreif-3-reihig\/","title":{"rendered":"Spiralhalsreif 3-reihig"},"content":{"rendered":"<p><strong>Spiralhalsreif 3-reihig 750 Gelbgold mit Bajonett<br \/><\/strong><\/p>\n<p><strong>Material:<\/strong> 750 Yellow Gold<\/p>\n<p><strong>Ma\u00dfe:<\/strong>\u00a00,5 mm \/ 45 cm, Bajonett 2,0 mm<\/p>\n<p><strong>Durch \u00e4sthetische Klarheit begeistert dieser flexible Halsreif, der aus drei Goldseilen besteht. Der Bajonettverschlu\u00df ist einfach und sicher in der Handhabung. Eine sch\u00f6ne Pr\u00e4sentation unserer vielf\u00e4ltigen Anh\u00e4nger.<\/strong><\/p>\n<p><\/p>","protected":false},"excerpt":{"rendered":"<p>Spiralhalsreif 3-reihig 750 Gelbgold mit Bajonett Material: 750 Gelbgold Ma\u00dfe:\u00a00,5 mm \/ 45 cm, Bajonett 2,0 mm Durch \u00e4sthetische Klarheit begeistert dieser flexible Halsreif, der aus drei Goldseilen besteht. Der Bajonettverschlu\u00df ist einfach und sicher in der Handhabung. Eine sch\u00f6ne Pr\u00e4sentation unserer vielf\u00e4ltigen Anh\u00e4nger.<\/p>","protected":false},"featured_media":10205,"comment_status":"open","ping_status":"closed","template":"","meta":{"_acf_changed":false,"_et_pb_use_builder":"","_et_pb_old_content":"","_et_gb_content_width":"","inline_featured_image":false},"product_brand":[332],"product_cat":[333],"product_tag":[],"class_list":{"0":"post-9036","1":"product","2":"type-product","3":"status-publish","4":"has-post-thumbnail","6":"product_brand-leinfelder","7":"product_cat-halsschmuck","9":"first","10":"outofstock","11":"shipping-taxable","12":"purchasable","13":"product-type-simple"},"acf":[],"_links":{"self":[{"href":"https:\/\/leinfelder-juweler.com\/en\/wp-json\/wp\/v2\/product\/9036","targetHints":{"allow":["GET"]}}],"collection":[{"href":"https:\/\/leinfelder-juweler.com\/en\/wp-json\/wp\/v2\/product"}],"about":[{"href":"https:\/\/leinfelder-juweler.com\/en\/wp-json\/wp\/v2\/types\/product"}],"replies":[{"embeddable":true,"href":"https:\/\/leinfelder-juweler.com\/en\/wp-json\/wp\/v2\/comments?post=9036"}],"wp:featuredmedia":[{"embeddable":true,"href":"https:\/\/leinfelder-juweler.com\/en\/wp-json\/wp\/v2\/media\/10205"}],"wp:attachment":[{"href":"https:\/\/leinfelder-juweler.com\/en\/wp-json\/wp\/v2\/media?parent=9036"}],"wp:term":[{"taxonomy":"product_brand","embeddable":true,"href":"https:\/\/leinfelder-juweler.com\/en\/wp-json\/wp\/v2\/product_brand?post=9036"},{"taxonomy":"product_cat","embeddable":true,"href":"https:\/\/leinfelder-juweler.com\/en\/wp-json\/wp\/v2\/product_cat?post=9036"},{"taxonomy":"product_tag","embeddable":true,"href":"https:\/\/leinfelder-juweler.com\/en\/wp-json\/wp\/v2\/product_tag?post=9036"}],"curies":[{"name":"wp","href":"https:\/\/api.w.org\/{rel}","templated":true}]}}