{"id":9038,"date":"2025-11-20T18:10:38","date_gmt":"2025-11-20T15:10:38","guid":{"rendered":"https:\/\/leinfelder-juweler.com\/?post_type=product&#038;p=9038"},"modified":"2025-11-20T20:16:40","modified_gmt":"2025-11-20T17:16:40","slug":"clipoese-mon-cuer-750-weissgold","status":"publish","type":"product","link":"https:\/\/leinfelder-juweler.com\/en\/product\/clipoese-mon-cuer-750-weissgold\/","title":{"rendered":"Clip\u00f6se \u201emon cuer\u2026\u201c 750 Wei\u00dfgold"},"content":{"rendered":"<p><strong>Clip\u00f6se mit Inschrift \u201emon cuer avez canc decypartir\u201c in 750 Wei\u00dfgold<\/strong><\/p>\n<p>MON CUER AVEZ CANC DECYPARTIR<\/p>\n<p>&#8222;Du hast mein Herz ganz ungeteilt&#8220;<\/p>\n<p>Die Inschrift stammt aus dem Marienkult und wurde ab dem sp\u00e4ten Mittelalter auf Liebesringen eingraviert. Diesen sch\u00f6nen Brauch f\u00fchrt Leinfelder weiter.<\/p>\n<p><strong>Material:\u00a0<\/strong>750 Wei\u00dfgold<\/p>\n<p><strong>Ma\u00dfe:<\/strong> 18 mm<\/p>\n<p><strong>Die au\u00dfergew\u00f6hnliche Clip\u00f6se, dient als Verschluss und zugleich als Tr\u00e4ger f\u00fcr viele unserer Anh\u00e4nger, in Kombination mit einem Satinband mit H\u00fclsen oder einer endlosen Goldkette.<\/strong><\/p>","protected":false},"excerpt":{"rendered":"<p>Clip\u00f6se mit Inschrift \u201emon cuer avez canc decypartir\u201c in 750 Wei\u00dfgold MON CUER AVEZ CANC DECYPARTIR &#8222;Du hast mein Herz ganz ungeteilt&#8220; Die Inschrift stammt aus dem Marienkult und wurde ab dem sp\u00e4ten Mittelalter auf Liebesringen eingraviert. Diesen sch\u00f6nen Brauch f\u00fchrt Leinfelder weiter. Material:\u00a0750 Wei\u00dfgold Ma\u00dfe: 18 mm Die au\u00dfergew\u00f6hnliche Clip\u00f6se, dient als Verschluss und [&hellip;]<\/p>","protected":false},"featured_media":10207,"comment_status":"open","ping_status":"closed","template":"","meta":{"_acf_changed":false,"_et_pb_use_builder":"","_et_pb_old_content":"","_et_gb_content_width":"","inline_featured_image":false},"product_brand":[332],"product_cat":[333],"product_tag":[377],"class_list":{"0":"post-9038","1":"product","2":"type-product","3":"status-publish","4":"has-post-thumbnail","6":"product_brand-leinfelder","7":"product_cat-halsschmuck","8":"product_tag-mon-cuer","10":"first","11":"outofstock","12":"shipping-taxable","13":"purchasable","14":"product-type-simple"},"acf":[],"_links":{"self":[{"href":"https:\/\/leinfelder-juweler.com\/en\/wp-json\/wp\/v2\/product\/9038","targetHints":{"allow":["GET"]}}],"collection":[{"href":"https:\/\/leinfelder-juweler.com\/en\/wp-json\/wp\/v2\/product"}],"about":[{"href":"https:\/\/leinfelder-juweler.com\/en\/wp-json\/wp\/v2\/types\/product"}],"replies":[{"embeddable":true,"href":"https:\/\/leinfelder-juweler.com\/en\/wp-json\/wp\/v2\/comments?post=9038"}],"wp:featuredmedia":[{"embeddable":true,"href":"https:\/\/leinfelder-juweler.com\/en\/wp-json\/wp\/v2\/media\/10207"}],"wp:attachment":[{"href":"https:\/\/leinfelder-juweler.com\/en\/wp-json\/wp\/v2\/media?parent=9038"}],"wp:term":[{"taxonomy":"product_brand","embeddable":true,"href":"https:\/\/leinfelder-juweler.com\/en\/wp-json\/wp\/v2\/product_brand?post=9038"},{"taxonomy":"product_cat","embeddable":true,"href":"https:\/\/leinfelder-juweler.com\/en\/wp-json\/wp\/v2\/product_cat?post=9038"},{"taxonomy":"product_tag","embeddable":true,"href":"https:\/\/leinfelder-juweler.com\/en\/wp-json\/wp\/v2\/product_tag?post=9038"}],"curies":[{"name":"wp","href":"https:\/\/api.w.org\/{rel}","templated":true}]}}