{"id":9040,"date":"2025-11-20T18:10:39","date_gmt":"2025-11-20T15:10:39","guid":{"rendered":"https:\/\/leinfelder-juweler.com\/?post_type=product&#038;p=9040"},"modified":"2025-11-20T20:16:54","modified_gmt":"2025-11-20T17:16:54","slug":"einhaenger-fuer-klappcreolen-mit-tsavoriten","status":"publish","type":"product","link":"https:\/\/leinfelder-juweler.com\/en\/product\/einhaenger-fuer-klappcreolen-mit-tsavoriten\/","title":{"rendered":"Einh\u00e4nger f\u00fcr Klappcreolen mit Tsavoriten"},"content":{"rendered":"<p><strong>Einh\u00e4nger f\u00fcr\u00a0Klappcreolen<\/strong><\/p>\n<p><strong>Material: <\/strong>750 Yellow Gold<\/p>\n<p><strong>Stones: <\/strong>2<strong> <\/strong>Tsavorite\u00a0\u00d8 6 mm rund facettiert<\/p>\n<div><strong>Die intensiv gr\u00fcnen Tsavorit-Einh\u00e4nger sind eine wundervolle <\/strong><\/div>\n<div><strong>Erg\u00e4nzung zu unseren Klappcreolen<span data-mce-fragment=\"1\"><\/span><\/strong><\/div>","protected":false},"excerpt":{"rendered":"<p>Einh\u00e4nger f\u00fcr\u00a0Klappcreolen Material: 750 Gelbgold Steine: 2 Tsavorite\u00a0\u00d8 6 mm rund facettiert Die intensiv gr\u00fcnen Tsavorit-Einh\u00e4nger sind eine wundervolle Erg\u00e4nzung zu unseren Klappcreolen<\/p>","protected":false},"featured_media":10209,"comment_status":"open","ping_status":"closed","template":"","meta":{"_acf_changed":false,"_et_pb_use_builder":"","_et_pb_old_content":"","_et_gb_content_width":"","inline_featured_image":false},"product_brand":[332],"product_cat":[331],"product_tag":[],"class_list":{"0":"post-9040","1":"product","2":"type-product","3":"status-publish","4":"has-post-thumbnail","6":"product_brand-leinfelder","7":"product_cat-ohrschmuck","9":"first","10":"outofstock","11":"shipping-taxable","12":"purchasable","13":"product-type-simple"},"acf":[],"_links":{"self":[{"href":"https:\/\/leinfelder-juweler.com\/en\/wp-json\/wp\/v2\/product\/9040","targetHints":{"allow":["GET"]}}],"collection":[{"href":"https:\/\/leinfelder-juweler.com\/en\/wp-json\/wp\/v2\/product"}],"about":[{"href":"https:\/\/leinfelder-juweler.com\/en\/wp-json\/wp\/v2\/types\/product"}],"replies":[{"embeddable":true,"href":"https:\/\/leinfelder-juweler.com\/en\/wp-json\/wp\/v2\/comments?post=9040"}],"wp:featuredmedia":[{"embeddable":true,"href":"https:\/\/leinfelder-juweler.com\/en\/wp-json\/wp\/v2\/media\/10209"}],"wp:attachment":[{"href":"https:\/\/leinfelder-juweler.com\/en\/wp-json\/wp\/v2\/media?parent=9040"}],"wp:term":[{"taxonomy":"product_brand","embeddable":true,"href":"https:\/\/leinfelder-juweler.com\/en\/wp-json\/wp\/v2\/product_brand?post=9040"},{"taxonomy":"product_cat","embeddable":true,"href":"https:\/\/leinfelder-juweler.com\/en\/wp-json\/wp\/v2\/product_cat?post=9040"},{"taxonomy":"product_tag","embeddable":true,"href":"https:\/\/leinfelder-juweler.com\/en\/wp-json\/wp\/v2\/product_tag?post=9040"}],"curies":[{"name":"wp","href":"https:\/\/api.w.org\/{rel}","templated":true}]}}