{"id":9041,"date":"2025-11-20T18:10:55","date_gmt":"2025-11-20T15:10:55","guid":{"rendered":"https:\/\/leinfelder-juweler.com\/?post_type=product&#038;p=9041"},"modified":"2025-11-20T20:17:03","modified_gmt":"2025-11-20T17:17:03","slug":"klappcreolen-750-gelbgold-mit-brillanten-und-tsavorit-einhaengern","status":"publish","type":"product","link":"https:\/\/leinfelder-juweler.com\/en\/product\/klappcreolen-750-gelbgold-mit-brillanten-und-tsavorit-einhaengern\/","title":{"rendered":"Klappcreolen 750 Gelbgold mit Brillanten und Tsavorit Einh\u00e4ngern"},"content":{"rendered":"<p><strong>Ohrschmuck\u00a0Klappcreolen<\/strong><\/p>\n<p><strong>Material: <\/strong>750 Yellow Gold<\/p>\n<p><strong>Stones:\u00a0<\/strong>Vorderseite 3-reihig<span>\u00a0<\/span>pav\u00e9 mit 68 Brillanten\u00a0= 0,878 ct tw vsi<\/p>\n<p><strong>Ma\u00dfe: <\/strong>5 mm breit \/ au\u00dfen \u00d8 15\u00a0mm<\/p>\n<p><strong>Einh\u00e4nger:\u00a0<\/strong>750 Gelbgold mit\u00a0<span data-mce-fragment=\"1\">Tsavoriten \u00d8 6 mm rund facettiert<\/span><\/p>\n<div>\n<p style=\"margin-bottom: .0001pt;\" class=\"MsoNormal\"><strong><span style=\"font-family: 'Calibri',sans-serif; mso-ascii-theme-font: minor-latin; mso-hansi-theme-font: minor-latin; mso-bidi-font-family: 'Times New Roman'; mso-bidi-theme-font: minor-bidi;\">Einzigartige Brillanz: Diamantschmuck in meisterhafter Handarbeit.<\/span><\/strong><br \/><strong><span style=\"font-family: 'Calibri',sans-serif; mso-ascii-theme-font: minor-latin; mso-hansi-theme-font: minor-latin; mso-bidi-font-family: 'Times New Roman'; mso-bidi-theme-font: minor-bidi;\">jedes Schmuckst\u00fcck \u2013 mit Sorgfalt und Hingabe f\u00fcr Sie gefertigt.<\/span><\/strong><\/p>\n<p style=\"margin-bottom: .0001pt;\" class=\"MsoNormal\">\u00a0<\/p>\n<p style=\"margin-bottom: .0001pt; line-height: normal;\" class=\"MsoNormal\"><b><span style=\"mso-fareast-font-family: 'Times New Roman'; mso-bidi-font-family: Calibri; mso-bidi-theme-font: minor-latin; mso-fareast-language: DE;\">Diese Creolen in abgerundeter Form sind sehr angenehm zu tragen. Sie sind wie winzige Armreife gearbeitet und umschmeicheln sanft das Ohr.<\/span><\/b><b style=\"mso-bidi-font-weight: normal;\"><span style=\"mso-fareast-font-family: 'Times New Roman'; mso-bidi-font-family: Calibri; mso-bidi-theme-font: minor-latin; mso-fareast-language: DE;\"><\/span><\/b><\/p>\n<p style=\"margin-bottom: .0001pt; line-height: normal;\" class=\"MsoNormal\"><b><span style=\"mso-fareast-font-family: 'Times New Roman'; mso-bidi-font-family: Calibri; mso-bidi-theme-font: minor-latin; mso-fareast-language: DE;\">68 funkelnde Brillanten, in drei Reihen pav\u00e9 gefasst <\/span><\/b><b style=\"mso-bidi-font-weight: normal;\"><span style=\"mso-bidi-font-family: Calibri; mso-bidi-theme-font: minor-latin;\">(aus dem Franz\u00f6sischen: gepflastert)<\/span><\/b><b><span style=\"mso-fareast-font-family: 'Times New Roman'; mso-bidi-font-family: Calibri; mso-bidi-theme-font: minor-latin; mso-fareast-language: DE;\">, verleihen ihnen den besonderen Reiz.<\/span><\/b><\/p>\n<\/div>\n<div><strong>Die leuchtend gr\u00fcnen Tsavorit-Einh\u00e4nger sind eine wundervolle Erg\u00e4nzung.<\/strong><\/div>\n<p>\u00a0<\/p>","protected":false},"excerpt":{"rendered":"<p>Ohrschmuck\u00a0Klappcreolen Material: 750 Gelbgold Steine:\u00a0Vorderseite 3-reihig\u00a0pav\u00e9 mit 68 Brillanten\u00a0= 0,878 ct tw vsi Ma\u00dfe: 5 mm breit \/ au\u00dfen \u00d8 15\u00a0mm Einh\u00e4nger:\u00a0750 Gelbgold mit\u00a0Tsavoriten \u00d8 6 mm rund facettiert Einzigartige Brillanz: Diamantschmuck in meisterhafter Handarbeit.jedes Schmuckst\u00fcck \u2013 mit Sorgfalt und Hingabe f\u00fcr Sie gefertigt. \u00a0 Diese Creolen in abgerundeter Form sind sehr angenehm zu tragen. [&hellip;]<\/p>","protected":false},"featured_media":10210,"comment_status":"open","ping_status":"closed","template":"","meta":{"_acf_changed":false,"_et_pb_use_builder":"","_et_pb_old_content":"","_et_gb_content_width":"","inline_featured_image":false},"product_brand":[332],"product_cat":[331],"product_tag":[],"class_list":{"0":"post-9041","1":"product","2":"type-product","3":"status-publish","4":"has-post-thumbnail","6":"product_brand-leinfelder","7":"product_cat-ohrschmuck","9":"first","10":"outofstock","11":"shipping-taxable","12":"purchasable","13":"product-type-simple"},"acf":[],"_links":{"self":[{"href":"https:\/\/leinfelder-juweler.com\/en\/wp-json\/wp\/v2\/product\/9041","targetHints":{"allow":["GET"]}}],"collection":[{"href":"https:\/\/leinfelder-juweler.com\/en\/wp-json\/wp\/v2\/product"}],"about":[{"href":"https:\/\/leinfelder-juweler.com\/en\/wp-json\/wp\/v2\/types\/product"}],"replies":[{"embeddable":true,"href":"https:\/\/leinfelder-juweler.com\/en\/wp-json\/wp\/v2\/comments?post=9041"}],"wp:featuredmedia":[{"embeddable":true,"href":"https:\/\/leinfelder-juweler.com\/en\/wp-json\/wp\/v2\/media\/10210"}],"wp:attachment":[{"href":"https:\/\/leinfelder-juweler.com\/en\/wp-json\/wp\/v2\/media?parent=9041"}],"wp:term":[{"taxonomy":"product_brand","embeddable":true,"href":"https:\/\/leinfelder-juweler.com\/en\/wp-json\/wp\/v2\/product_brand?post=9041"},{"taxonomy":"product_cat","embeddable":true,"href":"https:\/\/leinfelder-juweler.com\/en\/wp-json\/wp\/v2\/product_cat?post=9041"},{"taxonomy":"product_tag","embeddable":true,"href":"https:\/\/leinfelder-juweler.com\/en\/wp-json\/wp\/v2\/product_tag?post=9041"}],"curies":[{"name":"wp","href":"https:\/\/api.w.org\/{rel}","templated":true}]}}