{"id":9047,"date":"2025-11-20T18:10:57","date_gmt":"2025-11-20T15:10:57","guid":{"rendered":"https:\/\/leinfelder-juweler.com\/?post_type=product&#038;p=9047"},"modified":"2025-11-20T20:17:44","modified_gmt":"2025-11-20T17:17:44","slug":"ring-gecko-mit-tsavoriten-und-brillanten","status":"publish","type":"product","link":"https:\/\/leinfelder-juweler.com\/en\/product\/ring-gecko-mit-tsavoriten-und-brillanten\/","title":{"rendered":"Ring &#8222;Gecko&#8220; mit Tsavoriten und Brillanten"},"content":{"rendered":"<p><strong>Ring &#8222;Gecko&#8220; mit 91 Tsavoriten und 2 Brillanten<\/strong><\/p>\n<p><strong>Material:\u00a0<\/strong>750 Yellow Gold<\/p>\n<p><strong>Stones:\u00a0<\/strong>91 Tsavorite 0,9-1,8 mm und\u00a02 Brillanten \u00d8 2,5 mm = 0,11 ct tw vsi<\/p>\n<div><strong>Unser Gecko ist ein echter Star! <\/strong><\/div>\n<div><strong>Als Ring, in 750 Gelbgold gefertigt, wickelt er sich um den Finger der Tr\u00e4gerin, man k\u00f6nnte auch sagen: er wickelt seine Tr\u00e4gerin um den Finger. <\/strong><\/div>\n<div><strong>Den Kopf zieren 91 Tsavorite, pav\u00e9 gefasst. <\/strong><\/div>\n<div><strong>Besonders sch\u00f6n ist der Farbverlauf, so entsteht der Eindruck eines Kammes.\u00a0 <\/strong><\/div>\n<div><strong>Als Augen dienen dem Gecko zwei Brillanten.<\/strong><\/div>\n<div><strong><\/strong><\/div>\n<div><strong><\/strong><\/div>\n<p data-mce-fragment=\"1\"><b data-mce-fragment=\"1\">Hinweis: <\/b>Unsere Ringe sind in der angegebenen Gr\u00f6\u00dfe sofort lieferbar. Sollten sie sich einen Ring in einer anderen Gr\u00f6\u00dfe w\u00fcnschen, kontaktieren sie uns bitte. Wir informieren sie gerne \u00fcber die M\u00f6glichkeit und Dauer von Gr\u00f6\u00dfenanpassungen.<\/p>\n<p><\/p>","protected":false},"excerpt":{"rendered":"<p>Ring &#8222;Gecko&#8220; mit 91 Tsavoriten und 2 Brillanten Material:\u00a0750 Gelbgold Steine:\u00a091 Tsavorite 0,9-1,8 mm und\u00a02 Brillanten \u00d8 2,5 mm = 0,11 ct tw vsi Unser Gecko ist ein echter Star! Als Ring, in 750 Gelbgold gefertigt, wickelt er sich um den Finger der Tr\u00e4gerin, man k\u00f6nnte auch sagen: er wickelt seine Tr\u00e4gerin um den Finger. [&hellip;]<\/p>","protected":false},"featured_media":10216,"comment_status":"open","ping_status":"closed","template":"","meta":{"_acf_changed":false,"_et_pb_use_builder":"","_et_pb_old_content":"","_et_gb_content_width":"","inline_featured_image":false},"product_brand":[332],"product_cat":[295],"product_tag":[246],"class_list":{"0":"post-9047","1":"product","2":"type-product","3":"status-publish","4":"has-post-thumbnail","6":"product_brand-leinfelder","7":"product_cat-ringe","8":"product_tag-pave","10":"first","11":"outofstock","12":"shipping-taxable","13":"purchasable","14":"product-type-simple"},"acf":[],"_links":{"self":[{"href":"https:\/\/leinfelder-juweler.com\/en\/wp-json\/wp\/v2\/product\/9047","targetHints":{"allow":["GET"]}}],"collection":[{"href":"https:\/\/leinfelder-juweler.com\/en\/wp-json\/wp\/v2\/product"}],"about":[{"href":"https:\/\/leinfelder-juweler.com\/en\/wp-json\/wp\/v2\/types\/product"}],"replies":[{"embeddable":true,"href":"https:\/\/leinfelder-juweler.com\/en\/wp-json\/wp\/v2\/comments?post=9047"}],"wp:featuredmedia":[{"embeddable":true,"href":"https:\/\/leinfelder-juweler.com\/en\/wp-json\/wp\/v2\/media\/10216"}],"wp:attachment":[{"href":"https:\/\/leinfelder-juweler.com\/en\/wp-json\/wp\/v2\/media?parent=9047"}],"wp:term":[{"taxonomy":"product_brand","embeddable":true,"href":"https:\/\/leinfelder-juweler.com\/en\/wp-json\/wp\/v2\/product_brand?post=9047"},{"taxonomy":"product_cat","embeddable":true,"href":"https:\/\/leinfelder-juweler.com\/en\/wp-json\/wp\/v2\/product_cat?post=9047"},{"taxonomy":"product_tag","embeddable":true,"href":"https:\/\/leinfelder-juweler.com\/en\/wp-json\/wp\/v2\/product_tag?post=9047"}],"curies":[{"name":"wp","href":"https:\/\/api.w.org\/{rel}","templated":true}]}}