{"id":9048,"date":"2025-11-20T18:10:57","date_gmt":"2025-11-20T15:10:57","guid":{"rendered":"https:\/\/leinfelder-juweler.com\/?post_type=product&#038;p=9048"},"modified":"2025-11-20T20:17:51","modified_gmt":"2025-11-20T17:17:51","slug":"clipoese-mon-cuer-an-endloskette-mit-anhaenger","status":"publish","type":"product","link":"https:\/\/leinfelder-juweler.com\/en\/product\/clipoese-mon-cuer-an-endloskette-mit-anhaenger\/","title":{"rendered":"Clip\u00f6se &#8222;mon cuer&#8230;&#8220; an Endloskette mit Anh\u00e4nger"},"content":{"rendered":"<p><strong>Rundankerkette\u00a0<\/strong><\/p>\n<p><strong>Material:<\/strong>\u00a0750 Wei\u00dfgold<\/p>\n<p><strong>Ma\u00dfe:<\/strong>\u00a0<span data-mce-fragment=\"1\">1,9 mm \/ 100\u00a0cm endlos<\/span><\/p>\n<p>\u00a0<\/p>\n<p><strong>Eine Clip\u00f6se\u00a0\u201emon cuer\u2026\u201c\u00a0<\/strong><\/p>\n<p>MON CUER AVEZ CANC DECYPARTIR<\/p>\n<p>&#8222;Du hast mein Herz ganz ungeteilt&#8220;<\/p>\n<p>Die Inschrift stammt aus dem Marienkult und wurde ab dem sp\u00e4ten Mittelalter auf Liebesringen eingraviert. Diesen sch\u00f6nen Brauch f\u00fchrt Leinfelder weiter.<\/p>\n<p><strong>Material:<\/strong> 750 Wei\u00dfgold<\/p>\n<p><strong>Ma\u00dfe:<\/strong> 18 mm<\/p>\n<p>\u00a0<\/p>\n<p><strong>Anh\u00e4nger<\/strong><\/p>\n<p><strong>Material:<\/strong>\u00a0<span data-mce-fragment=\"1\">750 <\/span><span data-mce-fragment=\"1\">Wei\u00df<\/span><span data-mce-fragment=\"1\">gold<\/span><\/p>\n<p><strong>Stones:<\/strong> schwarze Spinelle an 24 Str\u00e4ngen<\/p>\n<div><strong>Mehr als ein Schmuckst\u00fcck!<\/strong><\/div>\n<div><strong>Die zarte Wei\u00dfgoldkette und der als Verschluss dienende Ring passen <\/strong><\/div>\n<div><strong>perfekt zu der schwarzen Spinellquaste.<\/strong><\/div>\n<div>\n<strong><\/strong>\n<\/div>","protected":false},"excerpt":{"rendered":"<p>Rundankerkette\u00a0 Material:\u00a0750 Wei\u00dfgold Ma\u00dfe:\u00a01,9 mm \/ 100\u00a0cm endlos \u00a0 Eine Clip\u00f6se\u00a0\u201emon cuer\u2026\u201c\u00a0 MON CUER AVEZ CANC DECYPARTIR &#8222;Du hast mein Herz ganz ungeteilt&#8220; Die Inschrift stammt aus dem Marienkult und wurde ab dem sp\u00e4ten Mittelalter auf Liebesringen eingraviert. Diesen sch\u00f6nen Brauch f\u00fchrt Leinfelder weiter. Material: 750 Wei\u00dfgold Ma\u00dfe: 18 mm \u00a0 Anh\u00e4nger Material:\u00a0750 Wei\u00dfgold Steine: [&hellip;]<\/p>","protected":false},"featured_media":10217,"comment_status":"open","ping_status":"closed","template":"","meta":{"_acf_changed":false,"_et_pb_use_builder":"","_et_pb_old_content":"","_et_gb_content_width":"","inline_featured_image":false},"product_brand":[332],"product_cat":[333],"product_tag":[],"class_list":{"0":"post-9048","1":"product","2":"type-product","3":"status-publish","4":"has-post-thumbnail","6":"product_brand-leinfelder","7":"product_cat-halsschmuck","9":"first","10":"outofstock","11":"shipping-taxable","12":"purchasable","13":"product-type-simple"},"acf":[],"_links":{"self":[{"href":"https:\/\/leinfelder-juweler.com\/en\/wp-json\/wp\/v2\/product\/9048","targetHints":{"allow":["GET"]}}],"collection":[{"href":"https:\/\/leinfelder-juweler.com\/en\/wp-json\/wp\/v2\/product"}],"about":[{"href":"https:\/\/leinfelder-juweler.com\/en\/wp-json\/wp\/v2\/types\/product"}],"replies":[{"embeddable":true,"href":"https:\/\/leinfelder-juweler.com\/en\/wp-json\/wp\/v2\/comments?post=9048"}],"wp:featuredmedia":[{"embeddable":true,"href":"https:\/\/leinfelder-juweler.com\/en\/wp-json\/wp\/v2\/media\/10217"}],"wp:attachment":[{"href":"https:\/\/leinfelder-juweler.com\/en\/wp-json\/wp\/v2\/media?parent=9048"}],"wp:term":[{"taxonomy":"product_brand","embeddable":true,"href":"https:\/\/leinfelder-juweler.com\/en\/wp-json\/wp\/v2\/product_brand?post=9048"},{"taxonomy":"product_cat","embeddable":true,"href":"https:\/\/leinfelder-juweler.com\/en\/wp-json\/wp\/v2\/product_cat?post=9048"},{"taxonomy":"product_tag","embeddable":true,"href":"https:\/\/leinfelder-juweler.com\/en\/wp-json\/wp\/v2\/product_tag?post=9048"}],"curies":[{"name":"wp","href":"https:\/\/api.w.org\/{rel}","templated":true}]}}