{"id":9050,"date":"2025-11-20T18:10:58","date_gmt":"2025-11-20T15:10:58","guid":{"rendered":"https:\/\/leinfelder-juweler.com\/?post_type=product&#038;p=9050"},"modified":"2025-11-20T20:18:03","modified_gmt":"2025-11-20T17:18:03","slug":"vario-ohrschmuck-ohrbuegel-2","status":"publish","type":"product","link":"https:\/\/leinfelder-juweler.com\/en\/product\/vario-ohrschmuck-ohrbuegel-2\/","title":{"rendered":"Vario Ohrschmuck Ohrb\u00fcgel"},"content":{"rendered":"<p data-mce-fragment=\"1\"><strong data-mce-fragment=\"1\">Vario Ohrschmuck Ohrb\u00fcgel kombinierbar mit verschiedenen Einh\u00e4ngern<\/strong><\/p>\n<p data-mce-fragment=\"1\"><strong data-mce-fragment=\"1\">Material: <\/strong>750 Yellow Gold<\/p>\n<div><strong>Schlichte Funktionalit\u00e4t.<\/strong><\/div>\n<div><strong>Die Ohrb\u00fcgel, die an Schwanenh\u00e4lse erinnern, setzen<\/strong><\/div>\n<div><strong>alle Einh\u00e4nger unserer Vario-Kollektion dezent in Szene.<\/strong><\/div>","protected":false},"excerpt":{"rendered":"<p>Vario Ohrschmuck Ohrb\u00fcgel kombinierbar mit verschiedenen Einh\u00e4ngern Material: 750 Gelbgold Schlichte Funktionalit\u00e4t. Die Ohrb\u00fcgel, die an Schwanenh\u00e4lse erinnern, setzen alle Einh\u00e4nger unserer Vario-Kollektion dezent in Szene.<\/p>","protected":false},"featured_media":10219,"comment_status":"open","ping_status":"closed","template":"","meta":{"_acf_changed":false,"_et_pb_use_builder":"","_et_pb_old_content":"","_et_gb_content_width":"","inline_featured_image":false},"product_brand":[332],"product_cat":[331],"product_tag":[],"class_list":{"0":"post-9050","1":"product","2":"type-product","3":"status-publish","4":"has-post-thumbnail","6":"product_brand-leinfelder","7":"product_cat-ohrschmuck","9":"first","10":"instock","11":"shipping-taxable","12":"purchasable","13":"product-type-simple"},"acf":[],"_links":{"self":[{"href":"https:\/\/leinfelder-juweler.com\/en\/wp-json\/wp\/v2\/product\/9050","targetHints":{"allow":["GET"]}}],"collection":[{"href":"https:\/\/leinfelder-juweler.com\/en\/wp-json\/wp\/v2\/product"}],"about":[{"href":"https:\/\/leinfelder-juweler.com\/en\/wp-json\/wp\/v2\/types\/product"}],"replies":[{"embeddable":true,"href":"https:\/\/leinfelder-juweler.com\/en\/wp-json\/wp\/v2\/comments?post=9050"}],"wp:featuredmedia":[{"embeddable":true,"href":"https:\/\/leinfelder-juweler.com\/en\/wp-json\/wp\/v2\/media\/10219"}],"wp:attachment":[{"href":"https:\/\/leinfelder-juweler.com\/en\/wp-json\/wp\/v2\/media?parent=9050"}],"wp:term":[{"taxonomy":"product_brand","embeddable":true,"href":"https:\/\/leinfelder-juweler.com\/en\/wp-json\/wp\/v2\/product_brand?post=9050"},{"taxonomy":"product_cat","embeddable":true,"href":"https:\/\/leinfelder-juweler.com\/en\/wp-json\/wp\/v2\/product_cat?post=9050"},{"taxonomy":"product_tag","embeddable":true,"href":"https:\/\/leinfelder-juweler.com\/en\/wp-json\/wp\/v2\/product_tag?post=9050"}],"curies":[{"name":"wp","href":"https:\/\/api.w.org\/{rel}","templated":true}]}}