{"id":9054,"date":"2025-11-20T18:10:59","date_gmt":"2025-11-20T15:10:59","guid":{"rendered":"https:\/\/leinfelder-juweler.com\/?post_type=product&#038;p=9054"},"modified":"2025-11-20T20:18:31","modified_gmt":"2025-11-20T17:18:31","slug":"vario-ohrschmuck-oberteile-mit-turmalinen","status":"publish","type":"product","link":"https:\/\/leinfelder-juweler.com\/en\/product\/vario-ohrschmuck-oberteile-mit-turmalinen\/","title":{"rendered":"Vario Ohrschmuck Oberteile mit Turmalinen"},"content":{"rendered":"<p><strong>Vario Ohrschmuck Oberteile kombinierbar mit verschiedenen Einh\u00e4ngern:<\/strong><\/p>\n<p><strong>Ohrstecker mit Turmalinen, doppelte bauchige Fassung<br \/><\/strong><\/p>\n<p><strong>Material: <\/strong>750 Yellow Gold<\/p>\n<p><strong>Stones: <\/strong>afr. Turmaline 3,67 ct 9 x 7 mm facettiert oval\u00a0<\/p>\n<div>\n<p style=\"margin: 0cm; margin-bottom: .0001pt;\"><b style=\"mso-bidi-font-weight: normal;\"><span style=\"font-size: 11.0pt; font-family: 'Calibri',sans-serif; mso-ascii-theme-font: minor-latin; mso-hansi-theme-font: minor-latin; mso-bidi-theme-font: minor-latin;\">Unser Vario Ohrschmuck aus 750 Gelb- oder Wei\u00dfgold bietet vielseitige Kombinationsm\u00f6glichkeiten. Die Oberteile k\u00f6nnen separat getragen werden und lassen sich mit einer Vielzahl von Einh\u00e4ngern erg\u00e4nzen. <\/span><\/b><\/p>\n<p style=\"margin: 0cm; margin-bottom: .0001pt;\"><b style=\"mso-bidi-font-weight: normal;\"><span style=\"font-size: 11.0pt; font-family: 'Calibri',sans-serif; mso-ascii-theme-font: minor-latin; mso-hansi-theme-font: minor-latin; mso-bidi-theme-font: minor-latin;\">Bezaubernd, anmutig und vielseitig, eine Bereicherung f\u00fcr jeden Anlass. <\/span><\/b><\/p>\n<p style=\"margin: 0cm; margin-bottom: .0001pt;\"><b style=\"mso-bidi-font-weight: normal;\"><span style=\"font-size: 11.0pt; font-family: 'Calibri',sans-serif; mso-ascii-theme-font: minor-latin; mso-hansi-theme-font: minor-latin; mso-bidi-theme-font: minor-latin;\">Das Auswechseln der Einh\u00e4nger ist einfach und sicher. <\/span><\/b><\/p>\n<p><strong><b style=\"mso-bidi-font-weight: normal;\"><span style=\"font-size: 11.0pt; line-height: 115%; font-family: 'Calibri',sans-serif; mso-ascii-theme-font: minor-latin; mso-fareast-font-family: Calibri; mso-fareast-theme-font: minor-latin; mso-hansi-theme-font: minor-latin; mso-bidi-theme-font: minor-latin; mso-ansi-language: DE; mso-fareast-language: EN-US; mso-bidi-language: AR-SA;\">Die Oberteile sind als Clip oder Stecker erh\u00e4ltlich.<\/span><\/b><\/strong>\n<\/div>\n<div><strong><\/strong><\/div>","protected":false},"excerpt":{"rendered":"<p>Vario Ohrschmuck Oberteile kombinierbar mit verschiedenen Einh\u00e4ngern: Ohrstecker mit Turmalinen, doppelte bauchige Fassung Material: 750 Gelbgold Steine: afr. Turmaline 3,67 ct 9 x 7 mm facettiert oval\u00a0 Unser Vario Ohrschmuck aus 750 Gelb- oder Wei\u00dfgold bietet vielseitige Kombinationsm\u00f6glichkeiten. Die Oberteile k\u00f6nnen separat getragen werden und lassen sich mit einer Vielzahl von Einh\u00e4ngern erg\u00e4nzen. Bezaubernd, anmutig [&hellip;]<\/p>","protected":false},"featured_media":10223,"comment_status":"open","ping_status":"closed","template":"","meta":{"_acf_changed":false,"_et_pb_use_builder":"","_et_pb_old_content":"","_et_gb_content_width":"","inline_featured_image":false},"product_brand":[332],"product_cat":[331],"product_tag":[],"class_list":{"0":"post-9054","1":"product","2":"type-product","3":"status-publish","4":"has-post-thumbnail","6":"product_brand-leinfelder","7":"product_cat-ohrschmuck","9":"first","10":"instock","11":"shipping-taxable","12":"purchasable","13":"product-type-simple"},"acf":[],"_links":{"self":[{"href":"https:\/\/leinfelder-juweler.com\/en\/wp-json\/wp\/v2\/product\/9054","targetHints":{"allow":["GET"]}}],"collection":[{"href":"https:\/\/leinfelder-juweler.com\/en\/wp-json\/wp\/v2\/product"}],"about":[{"href":"https:\/\/leinfelder-juweler.com\/en\/wp-json\/wp\/v2\/types\/product"}],"replies":[{"embeddable":true,"href":"https:\/\/leinfelder-juweler.com\/en\/wp-json\/wp\/v2\/comments?post=9054"}],"wp:featuredmedia":[{"embeddable":true,"href":"https:\/\/leinfelder-juweler.com\/en\/wp-json\/wp\/v2\/media\/10223"}],"wp:attachment":[{"href":"https:\/\/leinfelder-juweler.com\/en\/wp-json\/wp\/v2\/media?parent=9054"}],"wp:term":[{"taxonomy":"product_brand","embeddable":true,"href":"https:\/\/leinfelder-juweler.com\/en\/wp-json\/wp\/v2\/product_brand?post=9054"},{"taxonomy":"product_cat","embeddable":true,"href":"https:\/\/leinfelder-juweler.com\/en\/wp-json\/wp\/v2\/product_cat?post=9054"},{"taxonomy":"product_tag","embeddable":true,"href":"https:\/\/leinfelder-juweler.com\/en\/wp-json\/wp\/v2\/product_tag?post=9054"}],"curies":[{"name":"wp","href":"https:\/\/api.w.org\/{rel}","templated":true}]}}