{"id":9057,"date":"2025-11-20T18:11:00","date_gmt":"2025-11-20T15:11:00","guid":{"rendered":"https:\/\/leinfelder-juweler.com\/?post_type=product&#038;p=9057"},"modified":"2025-11-20T20:18:51","modified_gmt":"2025-11-20T17:18:51","slug":"vario-ohrschmuck-oberteile-mit-rubellit-cabochons-2","status":"publish","type":"product","link":"https:\/\/leinfelder-juweler.com\/en\/product\/vario-ohrschmuck-oberteile-mit-rubellit-cabochons-2\/","title":{"rendered":"Vario Ohrschmuck Oberteile mit Rubellit Cabochons"},"content":{"rendered":"<p><strong>Vario Ohrschmuck Oberteile kombinierbar mit verschiedenen Einh\u00e4ngern:<\/strong><\/p>\n<p><strong>Ohrstecker mit\u00a0Rubellit Cabochons<br \/><\/strong><\/p>\n<p><strong>Material: <\/strong>750 Yellow Gold<\/p>\n<p><strong>Stones:\u00a0<\/strong>Rubellit Cabochons\u00a015,50 ct Ia<span>\u00a0<\/span>13 x 11 mm<\/p>\n<div><strong>Die puristische, abgerundete Fassung bildet den perfekten Rahmen <\/strong><\/div>\n<div><strong>f\u00fcr die leuchtenden Rubellite im Cabochon-Schliff.<\/strong><\/div>\n<div><strong>Dank ihrer Einh\u00e4ngevorrichtung lassen sich die Ohrstecker wunderbar <\/strong><\/div>\n<div>\n<strong>mit vielen Einh\u00e4ngern unserer Vario-Kollektion kombinieren.<\/strong>\n<\/div>","protected":false},"excerpt":{"rendered":"<p>Vario Ohrschmuck Oberteile kombinierbar mit verschiedenen Einh\u00e4ngern: Ohrstecker mit\u00a0Rubellit Cabochons Material: 750 Gelbgold Steine:\u00a0Rubellit Cabochons\u00a015,50 ct Ia\u00a013 x 11 mm Die puristische, abgerundete Fassung bildet den perfekten Rahmen f\u00fcr die leuchtenden Rubellite im Cabochon-Schliff. Dank ihrer Einh\u00e4ngevorrichtung lassen sich die Ohrstecker wunderbar mit vielen Einh\u00e4ngern unserer Vario-Kollektion kombinieren.<\/p>","protected":false},"featured_media":10226,"comment_status":"open","ping_status":"closed","template":"","meta":{"_acf_changed":false,"_et_pb_use_builder":"","_et_pb_old_content":"","_et_gb_content_width":"","inline_featured_image":false},"product_brand":[332],"product_cat":[331],"product_tag":[],"class_list":{"0":"post-9057","1":"product","2":"type-product","3":"status-publish","4":"has-post-thumbnail","6":"product_brand-leinfelder","7":"product_cat-ohrschmuck","9":"first","10":"outofstock","11":"shipping-taxable","12":"purchasable","13":"product-type-simple"},"acf":[],"_links":{"self":[{"href":"https:\/\/leinfelder-juweler.com\/en\/wp-json\/wp\/v2\/product\/9057","targetHints":{"allow":["GET"]}}],"collection":[{"href":"https:\/\/leinfelder-juweler.com\/en\/wp-json\/wp\/v2\/product"}],"about":[{"href":"https:\/\/leinfelder-juweler.com\/en\/wp-json\/wp\/v2\/types\/product"}],"replies":[{"embeddable":true,"href":"https:\/\/leinfelder-juweler.com\/en\/wp-json\/wp\/v2\/comments?post=9057"}],"wp:featuredmedia":[{"embeddable":true,"href":"https:\/\/leinfelder-juweler.com\/en\/wp-json\/wp\/v2\/media\/10226"}],"wp:attachment":[{"href":"https:\/\/leinfelder-juweler.com\/en\/wp-json\/wp\/v2\/media?parent=9057"}],"wp:term":[{"taxonomy":"product_brand","embeddable":true,"href":"https:\/\/leinfelder-juweler.com\/en\/wp-json\/wp\/v2\/product_brand?post=9057"},{"taxonomy":"product_cat","embeddable":true,"href":"https:\/\/leinfelder-juweler.com\/en\/wp-json\/wp\/v2\/product_cat?post=9057"},{"taxonomy":"product_tag","embeddable":true,"href":"https:\/\/leinfelder-juweler.com\/en\/wp-json\/wp\/v2\/product_tag?post=9057"}],"curies":[{"name":"wp","href":"https:\/\/api.w.org\/{rel}","templated":true}]}}