{"id":9058,"date":"2025-11-20T18:11:01","date_gmt":"2025-11-20T15:11:01","guid":{"rendered":"https:\/\/leinfelder-juweler.com\/?post_type=product&#038;p=9058"},"modified":"2025-11-20T20:18:58","modified_gmt":"2025-11-20T17:18:58","slug":"vario-ohrschmuck-oberteile-kissen-dreiecke-gross","status":"publish","type":"product","link":"https:\/\/leinfelder-juweler.com\/en\/product\/vario-ohrschmuck-oberteile-kissen-dreiecke-gross\/","title":{"rendered":"Vario Ohrschmuck Oberteile Kissen Dreiecke &#8211; gro\u00df"},"content":{"rendered":"<p><strong>Vario Ohrschmuck Oberteile kombinierbar mit verschiedenen Einh\u00e4ngern:<\/strong><\/p>\n<p><strong>Dreieckige Kissen Ohrstecker,\u00a0gro\u00df<br \/><\/strong><\/p>\n<p><strong>Material: <\/strong>750 Yellow Gold<\/p>\n<p><strong>Ma\u00dfe: <\/strong>17,5 mm Kantenl\u00e4nge<\/p>\n<p data-mce-fragment=\"1\"><strong>Die Ohrstecker sind\u00a0 in einer dreieckigen Kissenform gestaltet, bestechend schlicht und geschmeidig lassen sie sich dank ihrer Einh\u00e4ngevorrichtung wunderbar mit vielen Einh\u00e4ngern unserer Vario-Kollektion kombinieren.<\/strong><\/p>\n<p><\/p>","protected":false},"excerpt":{"rendered":"<p>Vario Ohrschmuck Oberteile kombinierbar mit verschiedenen Einh\u00e4ngern: Dreieckige Kissen Ohrstecker,\u00a0gro\u00df Material: 750 Gelbgold Ma\u00dfe: 17,5 mm Kantenl\u00e4nge Die Ohrstecker sind\u00a0 in einer dreieckigen Kissenform gestaltet, bestechend schlicht und geschmeidig lassen sie sich dank ihrer Einh\u00e4ngevorrichtung wunderbar mit vielen Einh\u00e4ngern unserer Vario-Kollektion kombinieren.<\/p>","protected":false},"featured_media":10227,"comment_status":"open","ping_status":"closed","template":"","meta":{"_acf_changed":false,"_et_pb_use_builder":"","_et_pb_old_content":"","_et_gb_content_width":"","inline_featured_image":false},"product_brand":[332],"product_cat":[331],"product_tag":[364],"class_list":{"0":"post-9058","1":"product","2":"type-product","3":"status-publish","4":"has-post-thumbnail","6":"product_brand-leinfelder","7":"product_cat-ohrschmuck","8":"product_tag-kissen","10":"first","11":"instock","12":"shipping-taxable","13":"purchasable","14":"product-type-simple"},"acf":[],"_links":{"self":[{"href":"https:\/\/leinfelder-juweler.com\/en\/wp-json\/wp\/v2\/product\/9058","targetHints":{"allow":["GET"]}}],"collection":[{"href":"https:\/\/leinfelder-juweler.com\/en\/wp-json\/wp\/v2\/product"}],"about":[{"href":"https:\/\/leinfelder-juweler.com\/en\/wp-json\/wp\/v2\/types\/product"}],"replies":[{"embeddable":true,"href":"https:\/\/leinfelder-juweler.com\/en\/wp-json\/wp\/v2\/comments?post=9058"}],"wp:featuredmedia":[{"embeddable":true,"href":"https:\/\/leinfelder-juweler.com\/en\/wp-json\/wp\/v2\/media\/10227"}],"wp:attachment":[{"href":"https:\/\/leinfelder-juweler.com\/en\/wp-json\/wp\/v2\/media?parent=9058"}],"wp:term":[{"taxonomy":"product_brand","embeddable":true,"href":"https:\/\/leinfelder-juweler.com\/en\/wp-json\/wp\/v2\/product_brand?post=9058"},{"taxonomy":"product_cat","embeddable":true,"href":"https:\/\/leinfelder-juweler.com\/en\/wp-json\/wp\/v2\/product_cat?post=9058"},{"taxonomy":"product_tag","embeddable":true,"href":"https:\/\/leinfelder-juweler.com\/en\/wp-json\/wp\/v2\/product_tag?post=9058"}],"curies":[{"name":"wp","href":"https:\/\/api.w.org\/{rel}","templated":true}]}}