{"id":9063,"date":"2025-11-20T18:11:03","date_gmt":"2025-11-20T15:11:03","guid":{"rendered":"https:\/\/leinfelder-juweler.com\/?post_type=product&#038;p=9063"},"modified":"2025-11-20T20:19:29","modified_gmt":"2025-11-20T17:19:29","slug":"vario-ohrschmuck-oberteile-kissen-dreiecke-klein","status":"publish","type":"product","link":"https:\/\/leinfelder-juweler.com\/en\/product\/vario-ohrschmuck-oberteile-kissen-dreiecke-klein\/","title":{"rendered":"Vario Ohrschmuck Oberteile Kissen Dreiecke &#8211; klein"},"content":{"rendered":"<p><strong>Vario Ohrschmuck Oberteile kombinierbar mit verschiedenen Einh\u00e4ngern:<\/strong><\/p>\n<p><strong>Dreieckige Kissen Ohrstecker, klein<br \/><\/strong><\/p>\n<p><strong>Material: <\/strong>750 Wei\u00dfgold<\/p>\n<p><strong>Ma\u00dfe: <\/strong>11,7 mm Kantenl\u00e4nge<\/p>\n<p><strong>Absolut alltagstauglich!<\/strong><\/p>\n<p><strong>Die M\u00f6glichkeit verschiedene Einh\u00e4nger zu erg\u00e4nzen, macht diese Ohrstecker zu einem echten Allrounder.<\/strong><\/p>\n<div><strong><\/strong><\/div>\n<p>\u00a0<\/p>","protected":false},"excerpt":{"rendered":"<p>Vario Ohrschmuck Oberteile kombinierbar mit verschiedenen Einh\u00e4ngern: Dreieckige Kissen Ohrstecker, klein Material: 750 Wei\u00dfgold Ma\u00dfe: 11,7 mm Kantenl\u00e4nge Absolut alltagstauglich! Die M\u00f6glichkeit verschiedene Einh\u00e4nger zu erg\u00e4nzen, macht diese Ohrstecker zu einem echten Allrounder. \u00a0<\/p>","protected":false},"featured_media":10232,"comment_status":"open","ping_status":"closed","template":"","meta":{"_acf_changed":false,"_et_pb_use_builder":"","_et_pb_old_content":"","_et_gb_content_width":"","inline_featured_image":false},"product_brand":[332],"product_cat":[331],"product_tag":[364],"class_list":{"0":"post-9063","1":"product","2":"type-product","3":"status-publish","4":"has-post-thumbnail","6":"product_brand-leinfelder","7":"product_cat-ohrschmuck","8":"product_tag-kissen","10":"first","11":"instock","12":"shipping-taxable","13":"purchasable","14":"product-type-simple"},"acf":[],"_links":{"self":[{"href":"https:\/\/leinfelder-juweler.com\/en\/wp-json\/wp\/v2\/product\/9063","targetHints":{"allow":["GET"]}}],"collection":[{"href":"https:\/\/leinfelder-juweler.com\/en\/wp-json\/wp\/v2\/product"}],"about":[{"href":"https:\/\/leinfelder-juweler.com\/en\/wp-json\/wp\/v2\/types\/product"}],"replies":[{"embeddable":true,"href":"https:\/\/leinfelder-juweler.com\/en\/wp-json\/wp\/v2\/comments?post=9063"}],"wp:featuredmedia":[{"embeddable":true,"href":"https:\/\/leinfelder-juweler.com\/en\/wp-json\/wp\/v2\/media\/10232"}],"wp:attachment":[{"href":"https:\/\/leinfelder-juweler.com\/en\/wp-json\/wp\/v2\/media?parent=9063"}],"wp:term":[{"taxonomy":"product_brand","embeddable":true,"href":"https:\/\/leinfelder-juweler.com\/en\/wp-json\/wp\/v2\/product_brand?post=9063"},{"taxonomy":"product_cat","embeddable":true,"href":"https:\/\/leinfelder-juweler.com\/en\/wp-json\/wp\/v2\/product_cat?post=9063"},{"taxonomy":"product_tag","embeddable":true,"href":"https:\/\/leinfelder-juweler.com\/en\/wp-json\/wp\/v2\/product_tag?post=9063"}],"curies":[{"name":"wp","href":"https:\/\/api.w.org\/{rel}","templated":true}]}}