{"id":9064,"date":"2025-11-20T18:11:03","date_gmt":"2025-11-20T15:11:03","guid":{"rendered":"https:\/\/leinfelder-juweler.com\/?post_type=product&#038;p=9064"},"modified":"2025-11-20T20:19:36","modified_gmt":"2025-11-20T17:19:36","slug":"ring-mit-hyazinth-und-brillanten","status":"publish","type":"product","link":"https:\/\/leinfelder-juweler.com\/en\/product\/ring-mit-hyazinth-und-brillanten\/","title":{"rendered":"Ring mit Hyazinth und Brillanten"},"content":{"rendered":"<p><strong>Ring mit Hyazinth und 50 Brillanten<\/strong><\/p>\n<p><strong>Material:\u00a0<\/strong>750 Ros\u00e9gold<\/p>\n<p><strong>Stones:\u00a0<\/strong>Hyazinth 4,21 ct\u00a08 x 9 mm facettiert oval und\u00a050 Brillanten\u00a00,506 ct tw vsi<\/p>\n<div>\n<p class=\"MsoNormal\" style=\"margin-bottom: .0001pt;\"><b style=\"mso-bidi-font-weight: normal;\">Ein stilvoller Ring aus Rosgold, der durch einen strahlenden Hyazinth im Zentrum besticht. Der funkelnde Edelstein wird von Brillanten umgeben, die auch die Ringschiene zieren und das zarte Ros\u00e9gold perfekt erg\u00e4nzen. Die Kombination aus dem Hyazinth und den Brillanten verleiht dem Ring eine schlichte, aber dennoch edle Ausstrahlung. Ein zeitloses Schmuckst\u00fcck, das Eleganz und Alltagstauglichkeit vereint.<\/b><\/p>\n<\/div>\n<div>\n<strong><\/strong>\n<\/div>\n<p data-mce-fragment=\"1\"><b data-mce-fragment=\"1\">Hinweis: <\/b>Unsere Ringe sind in der angegebenen Gr\u00f6\u00dfe sofort lieferbar. Sollten sie sich einen Ring in einer anderen Gr\u00f6\u00dfe w\u00fcnschen, kontaktieren sie uns bitte. Wir informieren sie gerne \u00fcber die M\u00f6glichkeit und Dauer von Gr\u00f6\u00dfenanpassungen.<\/p>\n<p><\/p>","protected":false},"excerpt":{"rendered":"<p>Ring mit Hyazinth und 50 Brillanten Material:\u00a0750 Ros\u00e9gold Steine:\u00a0Hyazinth 4,21 ct\u00a08 x 9 mm facettiert oval und\u00a050 Brillanten\u00a00,506 ct tw vsi Ein stilvoller Ring aus Rosgold, der durch einen strahlenden Hyazinth im Zentrum besticht. Der funkelnde Edelstein wird von Brillanten umgeben, die auch die Ringschiene zieren und das zarte Ros\u00e9gold perfekt erg\u00e4nzen. Die Kombination aus [&hellip;]<\/p>","protected":false},"featured_media":10233,"comment_status":"open","ping_status":"closed","template":"","meta":{"_acf_changed":false,"_et_pb_use_builder":"","_et_pb_old_content":"","_et_gb_content_width":"","inline_featured_image":false},"product_brand":[332],"product_cat":[295],"product_tag":[],"class_list":{"0":"post-9064","1":"product","2":"type-product","3":"status-publish","4":"has-post-thumbnail","6":"product_brand-leinfelder","7":"product_cat-ringe","9":"first","10":"outofstock","11":"shipping-taxable","12":"purchasable","13":"product-type-simple"},"acf":[],"_links":{"self":[{"href":"https:\/\/leinfelder-juweler.com\/en\/wp-json\/wp\/v2\/product\/9064","targetHints":{"allow":["GET"]}}],"collection":[{"href":"https:\/\/leinfelder-juweler.com\/en\/wp-json\/wp\/v2\/product"}],"about":[{"href":"https:\/\/leinfelder-juweler.com\/en\/wp-json\/wp\/v2\/types\/product"}],"replies":[{"embeddable":true,"href":"https:\/\/leinfelder-juweler.com\/en\/wp-json\/wp\/v2\/comments?post=9064"}],"wp:featuredmedia":[{"embeddable":true,"href":"https:\/\/leinfelder-juweler.com\/en\/wp-json\/wp\/v2\/media\/10233"}],"wp:attachment":[{"href":"https:\/\/leinfelder-juweler.com\/en\/wp-json\/wp\/v2\/media?parent=9064"}],"wp:term":[{"taxonomy":"product_brand","embeddable":true,"href":"https:\/\/leinfelder-juweler.com\/en\/wp-json\/wp\/v2\/product_brand?post=9064"},{"taxonomy":"product_cat","embeddable":true,"href":"https:\/\/leinfelder-juweler.com\/en\/wp-json\/wp\/v2\/product_cat?post=9064"},{"taxonomy":"product_tag","embeddable":true,"href":"https:\/\/leinfelder-juweler.com\/en\/wp-json\/wp\/v2\/product_tag?post=9064"}],"curies":[{"name":"wp","href":"https:\/\/api.w.org\/{rel}","templated":true}]}}