{"id":9065,"date":"2025-11-20T18:11:03","date_gmt":"2025-11-20T15:11:03","guid":{"rendered":"https:\/\/leinfelder-juweler.com\/?post_type=product&#038;p=9065"},"modified":"2025-11-20T20:19:43","modified_gmt":"2025-11-20T17:19:43","slug":"ring-mit-starlit-und-brillanten","status":"publish","type":"product","link":"https:\/\/leinfelder-juweler.com\/en\/product\/ring-mit-starlit-und-brillanten\/","title":{"rendered":"Ring mit Starlit und Brillanten"},"content":{"rendered":"<p><strong>Ring mit Starlit und Brillanten<\/strong><\/p>\n<p><strong>Material:\u00a0<\/strong>750 Yellow Gold<\/p>\n<p><strong>Stones:\u00a0<\/strong>Starlit 5,83 ct\u00a0\u00d8 9 &#8211; 9,5 mm rund facettiert und\u00a050 Brillanten<span>\u00a0 <\/span>\u00d8 1,3-1,4 mm\u00a0gesamt 0,478 ct tw vsi<\/p>\n<div data-mce-fragment=\"1\">\n<p class=\"MsoNormal\" style=\"margin-bottom: .0001pt;\"><b style=\"mso-bidi-font-weight: normal;\">Ein stilvoller Ring aus Gelbgold, der durch einen strahlenden Starlit im Zentrum besticht. Der funkelnde Edelstein wird von Brillanten umgeben, die auch die Ringschiene zieren und das warme Gelbgold perfekt erg\u00e4nzen. Die Kombination aus dem Starlit und den Brillanten verleiht dem Ring eine schlichte, aber dennoch edle Ausstrahlung. Ein zeitloses Schmuckst\u00fcck, das Eleganz und Alltagstauglichkeit vereint.<\/b><\/p>\n<\/div>\n<div data-mce-fragment=\"1\"><strong><\/strong><\/div>\n<p data-mce-fragment=\"1\"><b data-mce-fragment=\"1\">Hinweis: <\/b>Unsere Ringe sind in der angegebenen Gr\u00f6\u00dfe sofort lieferbar. Sollten sie sich einen Ring in einer anderen Gr\u00f6\u00dfe w\u00fcnschen, kontaktieren sie uns bitte. Wir informieren sie gerne \u00fcber die M\u00f6glichkeit und Dauer von Gr\u00f6\u00dfenanpassungen.<\/p>","protected":false},"excerpt":{"rendered":"<p>Ring mit Starlit und Brillanten Material:\u00a0750 Gelbgold Steine:\u00a0Starlit 5,83 ct\u00a0\u00d8 9 &#8211; 9,5 mm rund facettiert und\u00a050 Brillanten\u00a0 \u00d8 1,3-1,4 mm\u00a0gesamt 0,478 ct tw vsi Ein stilvoller Ring aus Gelbgold, der durch einen strahlenden Starlit im Zentrum besticht. Der funkelnde Edelstein wird von Brillanten umgeben, die auch die Ringschiene zieren und das warme Gelbgold perfekt [&hellip;]<\/p>","protected":false},"featured_media":10234,"comment_status":"open","ping_status":"closed","template":"","meta":{"_acf_changed":false,"_et_pb_use_builder":"","_et_pb_old_content":"","_et_gb_content_width":"","inline_featured_image":false},"product_brand":[332],"product_cat":[295],"product_tag":[],"class_list":{"0":"post-9065","1":"product","2":"type-product","3":"status-publish","4":"has-post-thumbnail","6":"product_brand-leinfelder","7":"product_cat-ringe","9":"first","10":"outofstock","11":"shipping-taxable","12":"purchasable","13":"product-type-simple"},"acf":[],"_links":{"self":[{"href":"https:\/\/leinfelder-juweler.com\/en\/wp-json\/wp\/v2\/product\/9065","targetHints":{"allow":["GET"]}}],"collection":[{"href":"https:\/\/leinfelder-juweler.com\/en\/wp-json\/wp\/v2\/product"}],"about":[{"href":"https:\/\/leinfelder-juweler.com\/en\/wp-json\/wp\/v2\/types\/product"}],"replies":[{"embeddable":true,"href":"https:\/\/leinfelder-juweler.com\/en\/wp-json\/wp\/v2\/comments?post=9065"}],"wp:featuredmedia":[{"embeddable":true,"href":"https:\/\/leinfelder-juweler.com\/en\/wp-json\/wp\/v2\/media\/10234"}],"wp:attachment":[{"href":"https:\/\/leinfelder-juweler.com\/en\/wp-json\/wp\/v2\/media?parent=9065"}],"wp:term":[{"taxonomy":"product_brand","embeddable":true,"href":"https:\/\/leinfelder-juweler.com\/en\/wp-json\/wp\/v2\/product_brand?post=9065"},{"taxonomy":"product_cat","embeddable":true,"href":"https:\/\/leinfelder-juweler.com\/en\/wp-json\/wp\/v2\/product_cat?post=9065"},{"taxonomy":"product_tag","embeddable":true,"href":"https:\/\/leinfelder-juweler.com\/en\/wp-json\/wp\/v2\/product_tag?post=9065"}],"curies":[{"name":"wp","href":"https:\/\/api.w.org\/{rel}","templated":true}]}}