{"id":9066,"date":"2025-11-20T18:11:04","date_gmt":"2025-11-20T15:11:04","guid":{"rendered":"https:\/\/leinfelder-juweler.com\/?post_type=product&#038;p=9066"},"modified":"2025-11-20T20:19:50","modified_gmt":"2025-11-20T17:19:50","slug":"bandring-750-weissgold-mit-169-brillanten-und-einem-roten-turmalin","status":"publish","type":"product","link":"https:\/\/leinfelder-juweler.com\/en\/product\/bandring-750-weissgold-mit-169-brillanten-und-einem-roten-turmalin\/","title":{"rendered":"Bandring 750 Wei\u00dfgold mit 169 Brillanten und einem roten Turmalin"},"content":{"rendered":"<p data-mce-fragment=\"1\"><strong>Bandring 750 Wei\u00dfgold mit 169 Brillanten und einem roten Turmalin<\/strong><\/p>\n<p data-mce-fragment=\"1\"><strong>Material: <\/strong>750 Wei\u00dfgold<\/p>\n<p data-mce-fragment=\"1\"><strong>Stones:\u00a0<\/strong>roter Turmalin<span>\u00a0<\/span>5,97 ct\u00a014 x 9,8 mm facettiert oval und\u00a0169 Brillanten, gesamt 1,37 ct tw vvs<\/p>\n<p><strong><span style=\"font-size: 11.0pt; line-height: 115%; font-family: 'Calibri',sans-serif; mso-ascii-theme-font: minor-latin; mso-fareast-font-family: Calibri; mso-fareast-theme-font: minor-latin; mso-hansi-theme-font: minor-latin; mso-bidi-font-family: 'Times New Roman'; mso-bidi-theme-font: minor-bidi; mso-ansi-language: DE; mso-fareast-language: EN-US; mso-bidi-language: AR-SA;\">Einzigartige Brillanz: Diamantschmuck in meisterhafter Handarbeit.<\/span><\/strong><\/p>\n<p class=\"MsoNormal\" style=\"margin-bottom: .0001pt; line-height: normal;\"><b style=\"mso-bidi-font-weight: normal;\"><span style=\"mso-fareast-font-family: 'Times New Roman'; mso-bidi-font-family: Calibri; mso-bidi-theme-font: minor-latin; mso-fareast-language: DE;\">Jedes Schmuckst\u00fcck ist mit feinster Fasstechnik gefertigt, bei der unz\u00e4hlige funkelnde Edelsteine wie ein schimmerndes Mosaik aneinandergef\u00fcgt werden. Die zarte Balance zwischen Metall und Stein l\u00e4sst das Licht in unendlichen Facetten tanzen und verleiht jedem Detail ein unvergleichliches Strahlen. <\/span><\/b><\/p>\n<p class=\"MsoNormal\" style=\"margin-bottom: .0001pt; line-height: normal;\">\u00a0<\/p>\n<p><b>Hinweis: <\/b>Unsere Ringe sind in der angegebenen Gr\u00f6\u00dfe sofort lieferbar. Sollten sie sich einen Ring in einer anderen Gr\u00f6\u00dfe w\u00fcnschen, kontaktieren sie uns bitte. Wir informieren sie gerne \u00fcber die M\u00f6glichkeit und Dauer von Gr\u00f6\u00dfenanpassungen.<\/p>","protected":false},"excerpt":{"rendered":"<p>Bandring 750 Wei\u00dfgold mit 169 Brillanten und einem roten Turmalin Material: 750 Wei\u00dfgold Steine:\u00a0roter Turmalin\u00a05,97 ct\u00a014 x 9,8 mm facettiert oval und\u00a0169 Brillanten, gesamt 1,37 ct tw vvs Einzigartige Brillanz: Diamantschmuck in meisterhafter Handarbeit. Jedes Schmuckst\u00fcck ist mit feinster Fasstechnik gefertigt, bei der unz\u00e4hlige funkelnde Edelsteine wie ein schimmerndes Mosaik aneinandergef\u00fcgt werden. Die zarte Balance [&hellip;]<\/p>","protected":false},"featured_media":10235,"comment_status":"open","ping_status":"closed","template":"","meta":{"_acf_changed":false,"_et_pb_use_builder":"","_et_pb_old_content":"","_et_gb_content_width":"","inline_featured_image":false},"product_brand":[332],"product_cat":[295],"product_tag":[],"class_list":{"0":"post-9066","1":"product","2":"type-product","3":"status-publish","4":"has-post-thumbnail","6":"product_brand-leinfelder","7":"product_cat-ringe","9":"first","10":"outofstock","11":"shipping-taxable","12":"purchasable","13":"product-type-simple"},"acf":[],"_links":{"self":[{"href":"https:\/\/leinfelder-juweler.com\/en\/wp-json\/wp\/v2\/product\/9066","targetHints":{"allow":["GET"]}}],"collection":[{"href":"https:\/\/leinfelder-juweler.com\/en\/wp-json\/wp\/v2\/product"}],"about":[{"href":"https:\/\/leinfelder-juweler.com\/en\/wp-json\/wp\/v2\/types\/product"}],"replies":[{"embeddable":true,"href":"https:\/\/leinfelder-juweler.com\/en\/wp-json\/wp\/v2\/comments?post=9066"}],"wp:featuredmedia":[{"embeddable":true,"href":"https:\/\/leinfelder-juweler.com\/en\/wp-json\/wp\/v2\/media\/10235"}],"wp:attachment":[{"href":"https:\/\/leinfelder-juweler.com\/en\/wp-json\/wp\/v2\/media?parent=9066"}],"wp:term":[{"taxonomy":"product_brand","embeddable":true,"href":"https:\/\/leinfelder-juweler.com\/en\/wp-json\/wp\/v2\/product_brand?post=9066"},{"taxonomy":"product_cat","embeddable":true,"href":"https:\/\/leinfelder-juweler.com\/en\/wp-json\/wp\/v2\/product_cat?post=9066"},{"taxonomy":"product_tag","embeddable":true,"href":"https:\/\/leinfelder-juweler.com\/en\/wp-json\/wp\/v2\/product_tag?post=9066"}],"curies":[{"name":"wp","href":"https:\/\/api.w.org\/{rel}","templated":true}]}}