{"id":9067,"date":"2025-11-20T18:11:04","date_gmt":"2025-11-20T15:11:04","guid":{"rendered":"https:\/\/leinfelder-juweler.com\/?post_type=product&#038;p=9067"},"modified":"2025-11-20T20:19:57","modified_gmt":"2025-11-20T17:19:57","slug":"vario-ohrschmuck-einhaenger-78","status":"publish","type":"product","link":"https:\/\/leinfelder-juweler.com\/en\/product\/vario-ohrschmuck-einhaenger-78\/","title":{"rendered":"Vario Ohrschmuck Einh\u00e4nger"},"content":{"rendered":"<p><strong>Vario Ohrschmuck <\/strong><strong>Einh\u00e4nger:<\/strong><\/p>\n<p><strong>Material:\u00a0<\/strong>750 Yellow Gold<\/p>\n<p><strong>Stones:\u00a0<\/strong>2 Rubellite \u00d8 4 mm rund facettiert und graue Mondstein\u00a0Cabochons 12 x 10 mm<\/p>\n<p><strong>Diese bet\u00f6rend sch\u00f6nen Einh\u00e4nger mit den pinkfarbenen Rubelliten und den anthrazitfarbenen Mondsteinen sind eine wunderbare Erg\u00e4nzung zu den vielf\u00e4ltigen Oberteilen unserer Vario- Kollektion.<\/strong><\/p>","protected":false},"excerpt":{"rendered":"<p>Vario Ohrschmuck Einh\u00e4nger: Material:\u00a0750 Gelbgold Steine:\u00a02 Rubellite \u00d8 4 mm rund facettiert und graue Mondstein\u00a0Cabochons 12 x 10 mm Diese bet\u00f6rend sch\u00f6nen Einh\u00e4nger mit den pinkfarbenen Rubelliten und den anthrazitfarbenen Mondsteinen sind eine wunderbare Erg\u00e4nzung zu den vielf\u00e4ltigen Oberteilen unserer Vario- Kollektion.<\/p>","protected":false},"featured_media":10236,"comment_status":"open","ping_status":"closed","template":"","meta":{"_acf_changed":false,"_et_pb_use_builder":"","_et_pb_old_content":"","_et_gb_content_width":"","inline_featured_image":false},"product_brand":[332],"product_cat":[331],"product_tag":[],"class_list":{"0":"post-9067","1":"product","2":"type-product","3":"status-publish","4":"has-post-thumbnail","6":"product_brand-leinfelder","7":"product_cat-ohrschmuck","9":"first","10":"outofstock","11":"shipping-taxable","12":"purchasable","13":"product-type-simple"},"acf":[],"_links":{"self":[{"href":"https:\/\/leinfelder-juweler.com\/en\/wp-json\/wp\/v2\/product\/9067","targetHints":{"allow":["GET"]}}],"collection":[{"href":"https:\/\/leinfelder-juweler.com\/en\/wp-json\/wp\/v2\/product"}],"about":[{"href":"https:\/\/leinfelder-juweler.com\/en\/wp-json\/wp\/v2\/types\/product"}],"replies":[{"embeddable":true,"href":"https:\/\/leinfelder-juweler.com\/en\/wp-json\/wp\/v2\/comments?post=9067"}],"wp:featuredmedia":[{"embeddable":true,"href":"https:\/\/leinfelder-juweler.com\/en\/wp-json\/wp\/v2\/media\/10236"}],"wp:attachment":[{"href":"https:\/\/leinfelder-juweler.com\/en\/wp-json\/wp\/v2\/media?parent=9067"}],"wp:term":[{"taxonomy":"product_brand","embeddable":true,"href":"https:\/\/leinfelder-juweler.com\/en\/wp-json\/wp\/v2\/product_brand?post=9067"},{"taxonomy":"product_cat","embeddable":true,"href":"https:\/\/leinfelder-juweler.com\/en\/wp-json\/wp\/v2\/product_cat?post=9067"},{"taxonomy":"product_tag","embeddable":true,"href":"https:\/\/leinfelder-juweler.com\/en\/wp-json\/wp\/v2\/product_tag?post=9067"}],"curies":[{"name":"wp","href":"https:\/\/api.w.org\/{rel}","templated":true}]}}