{"id":9070,"date":"2025-11-20T18:11:05","date_gmt":"2025-11-20T15:11:05","guid":{"rendered":"https:\/\/leinfelder-juweler.com\/?post_type=product&#038;p=9070"},"modified":"2025-11-20T20:20:18","modified_gmt":"2025-11-20T17:20:18","slug":"vario-ohrschmuck-set-120","status":"publish","type":"product","link":"https:\/\/leinfelder-juweler.com\/en\/product\/vario-ohrschmuck-set-120\/","title":{"rendered":"Vario Ohrschmuck Set"},"content":{"rendered":"<p><strong>Vario Ohrschmuck Set aus Ohrsteckern und Einh\u00e4ngern: <\/strong><\/p>\n<p><strong>Oberteile: Ohrstecker <span data-mce-fragment=\"1\">\u201e<\/span><span data-mce-fragment=\"1\"><\/span><span data-mce-fragment=\"1\">Vario\u201c<\/span><span data-mce-fragment=\"1\"><\/span> Kissen-3-Ecke<\/strong><\/p>\n<p><strong>Material: <\/strong>750 Yellow Gold<\/p>\n<p><strong>Ma\u00dfe: <\/strong>11,7 mm<\/p>\n<p><strong>Einh\u00e4nger:\u00a0kleine Einh\u00e4nger mit Rubelliten und grauen Mondsteinen<br \/><\/strong><\/p>\n<p><strong>Material:\u00a0<\/strong>750 Yellow Gold<\/p>\n<p><strong>Stones:\u00a0<\/strong>2 Rubellite \u00d8 4 mm rund facettiert und graue Mondstein\u00a0Cabochons 12 x 10 mm<\/p>\n<div><strong>Unser Vario Ohrschmuck aus 750 Gelb- oder Wei\u00dfgold bietet vielseitige Kombinationsm\u00f6glichkeiten. Die Oberteile k\u00f6nnen separat getragen werden und lassen sich mit einer Vielzahl von Einh\u00e4ngern erg\u00e4nzen.\u00a0<br \/>Bezaubernd, anmutig und vielseitig, eine Bereicherung f\u00fcr jeden Anlass.\u00a0<br \/>Das Auswechseln der Einh\u00e4nger ist einfach und sicher.\u00a0<br \/>Die Oberteile sind als Clip oder Stecker erh\u00e4ltlich.<br \/><\/strong><\/div>\n<div><strong>Die schlichten Oberteile in ihrer dreieckigen Form setzen die Einh\u00e4nger mit den anthrazitfarbenen Mondstein Cabochons und den lebhaften Rubelliten im Brillantschliff in den Mittelpunkt.<br \/><\/strong><\/div>","protected":false},"excerpt":{"rendered":"<p>Vario Ohrschmuck Set aus Ohrsteckern und Einh\u00e4ngern: Oberteile: Ohrstecker \u201eVario\u201c Kissen-3-Ecke Material: 750 Gelbgold Ma\u00dfe: 11,7 mm Einh\u00e4nger:\u00a0kleine Einh\u00e4nger mit Rubelliten und grauen Mondsteinen Material:\u00a0750 Gelbgold Steine:\u00a02 Rubellite \u00d8 4 mm rund facettiert und graue Mondstein\u00a0Cabochons 12 x 10 mm Unser Vario Ohrschmuck aus 750 Gelb- oder Wei\u00dfgold bietet vielseitige Kombinationsm\u00f6glichkeiten. Die Oberteile k\u00f6nnen separat [&hellip;]<\/p>","protected":false},"featured_media":10239,"comment_status":"open","ping_status":"closed","template":"","meta":{"_acf_changed":false,"_et_pb_use_builder":"","_et_pb_old_content":"","_et_gb_content_width":"","inline_featured_image":false},"product_brand":[332],"product_cat":[331],"product_tag":[],"class_list":{"0":"post-9070","1":"product","2":"type-product","3":"status-publish","4":"has-post-thumbnail","6":"product_brand-leinfelder","7":"product_cat-ohrschmuck","9":"first","10":"outofstock","11":"shipping-taxable","12":"purchasable","13":"product-type-simple"},"acf":[],"_links":{"self":[{"href":"https:\/\/leinfelder-juweler.com\/en\/wp-json\/wp\/v2\/product\/9070","targetHints":{"allow":["GET"]}}],"collection":[{"href":"https:\/\/leinfelder-juweler.com\/en\/wp-json\/wp\/v2\/product"}],"about":[{"href":"https:\/\/leinfelder-juweler.com\/en\/wp-json\/wp\/v2\/types\/product"}],"replies":[{"embeddable":true,"href":"https:\/\/leinfelder-juweler.com\/en\/wp-json\/wp\/v2\/comments?post=9070"}],"wp:featuredmedia":[{"embeddable":true,"href":"https:\/\/leinfelder-juweler.com\/en\/wp-json\/wp\/v2\/media\/10239"}],"wp:attachment":[{"href":"https:\/\/leinfelder-juweler.com\/en\/wp-json\/wp\/v2\/media?parent=9070"}],"wp:term":[{"taxonomy":"product_brand","embeddable":true,"href":"https:\/\/leinfelder-juweler.com\/en\/wp-json\/wp\/v2\/product_brand?post=9070"},{"taxonomy":"product_cat","embeddable":true,"href":"https:\/\/leinfelder-juweler.com\/en\/wp-json\/wp\/v2\/product_cat?post=9070"},{"taxonomy":"product_tag","embeddable":true,"href":"https:\/\/leinfelder-juweler.com\/en\/wp-json\/wp\/v2\/product_tag?post=9070"}],"curies":[{"name":"wp","href":"https:\/\/api.w.org\/{rel}","templated":true}]}}