{"id":9071,"date":"2025-11-20T18:11:21","date_gmt":"2025-11-20T15:11:21","guid":{"rendered":"https:\/\/leinfelder-juweler.com\/?post_type=product&#038;p=9071"},"modified":"2025-11-20T20:20:25","modified_gmt":"2025-11-20T17:20:25","slug":"klappcreolen-750-weissgold-mit-peridot-einhaengern","status":"publish","type":"product","link":"https:\/\/leinfelder-juweler.com\/en\/product\/klappcreolen-750-weissgold-mit-peridot-einhaengern\/","title":{"rendered":"Klappcreolen 750 Wei\u00dfgold mit Peridot Einh\u00e4ngern"},"content":{"rendered":"<p><strong>Ohrschmuck\u00a0Klappcreolen<\/strong><\/p>\n<p><strong>Material: <\/strong>750 Wei\u00dfgold<\/p>\n<p><strong>Ma\u00dfe:\u00a0<\/strong>2,5 mm breit \/\u00a0au\u00dfen \u00d8 13,4 mm<\/p>\n<p><strong>Einh\u00e4nger:\u00a0<\/strong>750 Wei\u00dfgold mit <span data-mce-fragment=\"1\">Peridot Cabochons 10 x 8 mm<\/span><span data-mce-fragment=\"1\"><\/span><\/p>\n<div>\n<p class=\"MsoNormal\"><b><span style=\"mso-bidi-font-family: Calibri; mso-bidi-theme-font: minor-latin;\">Die Creolen in abgerundeter Form sind sehr angenehm zu tragen. Sie sind wie winzige Armreife gearbeitet und umschmeicheln sanft das Ohr.<\/span><\/b><\/p>\n<p class=\"MsoNormal\"><strong>Die abnehmbaren Einh\u00e4nger mit den hellgr\u00fcnen Peridot Cabochons sind eine geschmackvolle Erg\u00e4nzung.<\/strong><strong><\/strong><\/p>\n<\/div>","protected":false},"excerpt":{"rendered":"<p>Ohrschmuck\u00a0Klappcreolen Material: 750 Wei\u00dfgold Ma\u00dfe:\u00a02,5 mm breit \/\u00a0au\u00dfen \u00d8 13,4 mm Einh\u00e4nger:\u00a0750 Wei\u00dfgold mit Peridot Cabochons 10 x 8 mm Die Creolen in abgerundeter Form sind sehr angenehm zu tragen. Sie sind wie winzige Armreife gearbeitet und umschmeicheln sanft das Ohr. Die abnehmbaren Einh\u00e4nger mit den hellgr\u00fcnen Peridot Cabochons sind eine geschmackvolle Erg\u00e4nzung.<\/p>","protected":false},"featured_media":10240,"comment_status":"open","ping_status":"closed","template":"","meta":{"_acf_changed":false,"_et_pb_use_builder":"","_et_pb_old_content":"","_et_gb_content_width":"","inline_featured_image":false},"product_brand":[332],"product_cat":[331],"product_tag":[],"class_list":{"0":"post-9071","1":"product","2":"type-product","3":"status-publish","4":"has-post-thumbnail","6":"product_brand-leinfelder","7":"product_cat-ohrschmuck","9":"first","10":"outofstock","11":"shipping-taxable","12":"purchasable","13":"product-type-simple"},"acf":[],"_links":{"self":[{"href":"https:\/\/leinfelder-juweler.com\/en\/wp-json\/wp\/v2\/product\/9071","targetHints":{"allow":["GET"]}}],"collection":[{"href":"https:\/\/leinfelder-juweler.com\/en\/wp-json\/wp\/v2\/product"}],"about":[{"href":"https:\/\/leinfelder-juweler.com\/en\/wp-json\/wp\/v2\/types\/product"}],"replies":[{"embeddable":true,"href":"https:\/\/leinfelder-juweler.com\/en\/wp-json\/wp\/v2\/comments?post=9071"}],"wp:featuredmedia":[{"embeddable":true,"href":"https:\/\/leinfelder-juweler.com\/en\/wp-json\/wp\/v2\/media\/10240"}],"wp:attachment":[{"href":"https:\/\/leinfelder-juweler.com\/en\/wp-json\/wp\/v2\/media?parent=9071"}],"wp:term":[{"taxonomy":"product_brand","embeddable":true,"href":"https:\/\/leinfelder-juweler.com\/en\/wp-json\/wp\/v2\/product_brand?post=9071"},{"taxonomy":"product_cat","embeddable":true,"href":"https:\/\/leinfelder-juweler.com\/en\/wp-json\/wp\/v2\/product_cat?post=9071"},{"taxonomy":"product_tag","embeddable":true,"href":"https:\/\/leinfelder-juweler.com\/en\/wp-json\/wp\/v2\/product_tag?post=9071"}],"curies":[{"name":"wp","href":"https:\/\/api.w.org\/{rel}","templated":true}]}}