{"id":9073,"date":"2025-11-20T18:11:22","date_gmt":"2025-11-20T15:11:22","guid":{"rendered":"https:\/\/leinfelder-juweler.com\/?post_type=product&#038;p=9073"},"modified":"2025-11-20T20:20:39","modified_gmt":"2025-11-20T17:20:39","slug":"klappcreolen-750-weissgold-mit-brillanten-und-rubellit-einhaengern","status":"publish","type":"product","link":"https:\/\/leinfelder-juweler.com\/en\/product\/klappcreolen-750-weissgold-mit-brillanten-und-rubellit-einhaengern\/","title":{"rendered":"Klappcreolen 750 Wei\u00dfgold mit Brillanten und Rubellit Einh\u00e4ngern"},"content":{"rendered":"<p><strong>Ohrschmuck\u00a0Klappcreolen<\/strong><\/p>\n<p><strong>Material: <\/strong>750 Wei\u00dfgold<\/p>\n<p><strong>Ma\u00dfe:\u00a0<\/strong>2,5 mm breit \/\u00a0au\u00dfen \u00d8 13,4 mm<\/p>\n<p><strong>Einh\u00e4nger:\u00a0<\/strong>750 Wei\u00dfgold <span data-mce-fragment=\"1\">mit 2 Brillanten \u00d8 3,9 mm = 0,46 ct tw vsi und Rubellittropfen\u00a09 mm \/ 4,96 ct<\/span>\u00a0<\/p>\n<div><strong>Das Zusammenspiel von Form und Farbe macht diesen Ohrschmuck <\/strong><\/div>\n<div><strong>zu einem besonderen Erlebnis.<\/strong><\/div>","protected":false},"excerpt":{"rendered":"<p>Ohrschmuck\u00a0Klappcreolen Material: 750 Wei\u00dfgold Ma\u00dfe:\u00a02,5 mm breit \/\u00a0au\u00dfen \u00d8 13,4 mm Einh\u00e4nger:\u00a0\ufeff750 Wei\u00dfgold mit 2 Brillanten \u00d8 3,9 mm = 0,46 ct tw vsi und Rubellittropfen\u00a09 mm \/ 4,96 ct\u00a0 Das Zusammenspiel von Form und Farbe macht diesen Ohrschmuck zu einem besonderen Erlebnis.<\/p>","protected":false},"featured_media":10242,"comment_status":"open","ping_status":"closed","template":"","meta":{"_acf_changed":false,"_et_pb_use_builder":"","_et_pb_old_content":"","_et_gb_content_width":"","inline_featured_image":false},"product_brand":[332],"product_cat":[331],"product_tag":[],"class_list":{"0":"post-9073","1":"product","2":"type-product","3":"status-publish","4":"has-post-thumbnail","6":"product_brand-leinfelder","7":"product_cat-ohrschmuck","9":"first","10":"outofstock","11":"shipping-taxable","12":"purchasable","13":"product-type-simple"},"acf":[],"_links":{"self":[{"href":"https:\/\/leinfelder-juweler.com\/en\/wp-json\/wp\/v2\/product\/9073","targetHints":{"allow":["GET"]}}],"collection":[{"href":"https:\/\/leinfelder-juweler.com\/en\/wp-json\/wp\/v2\/product"}],"about":[{"href":"https:\/\/leinfelder-juweler.com\/en\/wp-json\/wp\/v2\/types\/product"}],"replies":[{"embeddable":true,"href":"https:\/\/leinfelder-juweler.com\/en\/wp-json\/wp\/v2\/comments?post=9073"}],"wp:featuredmedia":[{"embeddable":true,"href":"https:\/\/leinfelder-juweler.com\/en\/wp-json\/wp\/v2\/media\/10242"}],"wp:attachment":[{"href":"https:\/\/leinfelder-juweler.com\/en\/wp-json\/wp\/v2\/media?parent=9073"}],"wp:term":[{"taxonomy":"product_brand","embeddable":true,"href":"https:\/\/leinfelder-juweler.com\/en\/wp-json\/wp\/v2\/product_brand?post=9073"},{"taxonomy":"product_cat","embeddable":true,"href":"https:\/\/leinfelder-juweler.com\/en\/wp-json\/wp\/v2\/product_cat?post=9073"},{"taxonomy":"product_tag","embeddable":true,"href":"https:\/\/leinfelder-juweler.com\/en\/wp-json\/wp\/v2\/product_tag?post=9073"}],"curies":[{"name":"wp","href":"https:\/\/api.w.org\/{rel}","templated":true}]}}