{"id":9075,"date":"2025-11-20T18:11:23","date_gmt":"2025-11-20T15:11:23","guid":{"rendered":"https:\/\/leinfelder-juweler.com\/?post_type=product&#038;p=9075"},"modified":"2025-11-20T20:20:52","modified_gmt":"2025-11-20T17:20:52","slug":"klappcreolen-750-weissgold-3","status":"publish","type":"product","link":"https:\/\/leinfelder-juweler.com\/en\/product\/klappcreolen-750-weissgold-3\/","title":{"rendered":"Klappcreolen 750 Wei\u00dfgold"},"content":{"rendered":"<p><strong>Ohrschmuck Klappcreolen<span data-mce-fragment=\"1\"><\/span><\/strong><\/p>\n<p><strong>Material: <\/strong>750 Wei\u00dfgold<\/p>\n<p><strong>Ma\u00dfe: <\/strong>2,3 mm breit \/\u00a0au\u00dfen \u00d8 13,4 mm<\/p>\n<div>\n<p class=\"MsoNormal\"><strong><span style=\"font-size: 11.0pt; font-family: 'Calibri',sans-serif; mso-ascii-theme-font: minor-latin; mso-hansi-theme-font: minor-latin; mso-bidi-theme-font: minor-latin;\">Pur- Schlichte Eleganz in reinem Gold.<\/span><\/strong><span style=\"font-size: 11.0pt; font-family: 'Calibri',sans-serif; mso-ascii-theme-font: minor-latin; mso-hansi-theme-font: minor-latin; mso-bidi-theme-font: minor-latin;\"><br \/><strong><span style=\"font-family: 'Calibri',sans-serif; mso-ascii-theme-font: minor-latin; mso-hansi-theme-font: minor-latin; mso-bidi-theme-font: minor-latin;\">Unsere &#8218;Pur&#8216;-Kollektion besticht durch ihre klare, unverf\u00e4lschte Formensprache. In 750 Gold gefertigt, ohne den Einsatz von Edelsteinen, verk\u00f6rpern diese Schmuckst\u00fccke zeitlose Sch\u00f6nheit und reduzierte Eleganz. Perfekt f\u00fcr alle, die das Wesentliche sch\u00e4tzen und den Luxus der Einfachheit lieben.<\/span><\/strong><\/span><\/p>\n<p><strong>Diese schmalen Creolen mit ihrer abgerundeten Form sind sehr angenehm <\/strong>\n<\/div>\n<div><strong>zu tragen. Sie lassen sich perfekt mit unseren vielf\u00e4ltigen Einh\u00e4ngern erg\u00e4nzen.<\/strong><\/div>\n<p>\u00a0<\/p>\n<p>\u00a0<\/p>","protected":false},"excerpt":{"rendered":"<p>Ohrschmuck Klappcreolen Material: 750 Wei\u00dfgold Ma\u00dfe: 2,3 mm breit \/\u00a0au\u00dfen \u00d8 13,4 mm Pur- Schlichte Eleganz in reinem Gold.Unsere &#8218;Pur&#8216;-Kollektion besticht durch ihre klare, unverf\u00e4lschte Formensprache. In 750 Gold gefertigt, ohne den Einsatz von Edelsteinen, verk\u00f6rpern diese Schmuckst\u00fccke zeitlose Sch\u00f6nheit und reduzierte Eleganz. Perfekt f\u00fcr alle, die das Wesentliche sch\u00e4tzen und den Luxus der Einfachheit [&hellip;]<\/p>","protected":false},"featured_media":10244,"comment_status":"open","ping_status":"closed","template":"","meta":{"_acf_changed":false,"_et_pb_use_builder":"","_et_pb_old_content":"","_et_gb_content_width":"","inline_featured_image":false},"product_brand":[332],"product_cat":[331],"product_tag":[],"class_list":{"0":"post-9075","1":"product","2":"type-product","3":"status-publish","4":"has-post-thumbnail","6":"product_brand-leinfelder","7":"product_cat-ohrschmuck","9":"first","10":"outofstock","11":"shipping-taxable","12":"purchasable","13":"product-type-simple"},"acf":[],"_links":{"self":[{"href":"https:\/\/leinfelder-juweler.com\/en\/wp-json\/wp\/v2\/product\/9075","targetHints":{"allow":["GET"]}}],"collection":[{"href":"https:\/\/leinfelder-juweler.com\/en\/wp-json\/wp\/v2\/product"}],"about":[{"href":"https:\/\/leinfelder-juweler.com\/en\/wp-json\/wp\/v2\/types\/product"}],"replies":[{"embeddable":true,"href":"https:\/\/leinfelder-juweler.com\/en\/wp-json\/wp\/v2\/comments?post=9075"}],"wp:featuredmedia":[{"embeddable":true,"href":"https:\/\/leinfelder-juweler.com\/en\/wp-json\/wp\/v2\/media\/10244"}],"wp:attachment":[{"href":"https:\/\/leinfelder-juweler.com\/en\/wp-json\/wp\/v2\/media?parent=9075"}],"wp:term":[{"taxonomy":"product_brand","embeddable":true,"href":"https:\/\/leinfelder-juweler.com\/en\/wp-json\/wp\/v2\/product_brand?post=9075"},{"taxonomy":"product_cat","embeddable":true,"href":"https:\/\/leinfelder-juweler.com\/en\/wp-json\/wp\/v2\/product_cat?post=9075"},{"taxonomy":"product_tag","embeddable":true,"href":"https:\/\/leinfelder-juweler.com\/en\/wp-json\/wp\/v2\/product_tag?post=9075"}],"curies":[{"name":"wp","href":"https:\/\/api.w.org\/{rel}","templated":true}]}}