{"id":9076,"date":"2025-11-20T18:11:23","date_gmt":"2025-11-20T15:11:23","guid":{"rendered":"https:\/\/leinfelder-juweler.com\/?post_type=product&#038;p=9076"},"modified":"2025-11-20T20:21:00","modified_gmt":"2025-11-20T17:21:00","slug":"clipoese-mon-cuer-an-satinband","status":"publish","type":"product","link":"https:\/\/leinfelder-juweler.com\/en\/product\/clipoese-mon-cuer-an-satinband\/","title":{"rendered":"Clip\u00f6se &#8222;mon cuer&#8230;&#8220; an Satinband"},"content":{"rendered":"<p><strong>Satinband mit H\u00fclsen<\/strong><\/p>\n<p><strong>Material:<\/strong> Satin, 750 Gelbgold, L\u00e4nge 75 cm<\/p>\n<p>\u00a0<\/p>\n<p><strong>Eine Clip\u00f6se\u00a0\u201emon cuer\u2026\u201c\u00a0<\/strong><\/p>\n<p><strong>MON CUER AVEZ CANC DECYPARTIR<\/strong><\/p>\n<p><strong>&#8222;Du hast mein Herz ganz ungeteilt&#8220;<\/strong><\/p>\n<p><strong>Die Inschrift stammt aus dem Marienkult und wurde ab dem sp\u00e4ten Mittelalter auf Liebesringen eingraviert. Diesen sch\u00f6nen Brauch f\u00fchrt Leinfelder weiter.<\/strong><\/p>\n<p><strong>Material:<\/strong> 750 Yellow Gold<\/p>\n<p><strong>Stones:<\/strong>\u00a0<span style=\"mso-bidi-font-family: Calibri; mso-bidi-theme-font: minor-latin;\">2 Brillanten<\/span><span style=\"mso-fareast-font-family: 'Times New Roman'; mso-bidi-font-family: Calibri; mso-bidi-theme-font: minor-latin; mso-fareast-language: DE;\"> \u00d8 1,0 mm = 0,01 ct tw vs<\/span><span style=\"mso-bidi-font-family: Calibri; mso-bidi-theme-font: minor-latin;\"><\/span><\/p>\n<p><strong>Ma\u00dfe:<\/strong> 18 mm<\/p>\n<div><strong>Au\u00dfergew\u00f6hnliche, aus zwei Teilen bestehende Kettenvariante. <\/strong><\/div>\n<div><strong>Das Satinband mit den H\u00fclsen aus 750 Gelbgold ist die Basis <\/strong><\/div>\n<div><strong>f\u00fcr die Clip\u00f6se, die als Verschlu\u00df und zugleich als Tr\u00e4ger f\u00fcr unz\u00e4hlige <\/strong><\/div>\n<div><strong>unserer Anh\u00e4nger dient.<\/strong><\/div>\n<p><\/p>","protected":false},"excerpt":{"rendered":"<p>Satinband mit H\u00fclsen Material: Satin, 750 Gelbgold, L\u00e4nge 75 cm \u00a0 Eine Clip\u00f6se\u00a0\u201emon cuer\u2026\u201c\u00a0 MON CUER AVEZ CANC DECYPARTIR &#8222;Du hast mein Herz ganz ungeteilt&#8220; Die Inschrift stammt aus dem Marienkult und wurde ab dem sp\u00e4ten Mittelalter auf Liebesringen eingraviert. Diesen sch\u00f6nen Brauch f\u00fchrt Leinfelder weiter. Material: 750 Gelbgold Steine:\u00a02 Brillanten \u00d8 1,0 mm = [&hellip;]<\/p>","protected":false},"featured_media":10245,"comment_status":"open","ping_status":"closed","template":"","meta":{"_acf_changed":false,"_et_pb_use_builder":"","_et_pb_old_content":"","_et_gb_content_width":"","inline_featured_image":false},"product_brand":[332],"product_cat":[333],"product_tag":[],"class_list":{"0":"post-9076","1":"product","2":"type-product","3":"status-publish","4":"has-post-thumbnail","6":"product_brand-leinfelder","7":"product_cat-halsschmuck","9":"first","10":"instock","11":"shipping-taxable","12":"purchasable","13":"product-type-simple"},"acf":[],"_links":{"self":[{"href":"https:\/\/leinfelder-juweler.com\/en\/wp-json\/wp\/v2\/product\/9076","targetHints":{"allow":["GET"]}}],"collection":[{"href":"https:\/\/leinfelder-juweler.com\/en\/wp-json\/wp\/v2\/product"}],"about":[{"href":"https:\/\/leinfelder-juweler.com\/en\/wp-json\/wp\/v2\/types\/product"}],"replies":[{"embeddable":true,"href":"https:\/\/leinfelder-juweler.com\/en\/wp-json\/wp\/v2\/comments?post=9076"}],"wp:featuredmedia":[{"embeddable":true,"href":"https:\/\/leinfelder-juweler.com\/en\/wp-json\/wp\/v2\/media\/10245"}],"wp:attachment":[{"href":"https:\/\/leinfelder-juweler.com\/en\/wp-json\/wp\/v2\/media?parent=9076"}],"wp:term":[{"taxonomy":"product_brand","embeddable":true,"href":"https:\/\/leinfelder-juweler.com\/en\/wp-json\/wp\/v2\/product_brand?post=9076"},{"taxonomy":"product_cat","embeddable":true,"href":"https:\/\/leinfelder-juweler.com\/en\/wp-json\/wp\/v2\/product_cat?post=9076"},{"taxonomy":"product_tag","embeddable":true,"href":"https:\/\/leinfelder-juweler.com\/en\/wp-json\/wp\/v2\/product_tag?post=9076"}],"curies":[{"name":"wp","href":"https:\/\/api.w.org\/{rel}","templated":true}]}}