{"id":9078,"date":"2025-11-20T18:11:24","date_gmt":"2025-11-20T15:11:24","guid":{"rendered":"https:\/\/leinfelder-juweler.com\/?post_type=product&#038;p=9078"},"modified":"2025-11-20T20:21:14","modified_gmt":"2025-11-20T17:21:14","slug":"anhaenger-750-weissgold-mit-schwarzen-spinellstraengen","status":"publish","type":"product","link":"https:\/\/leinfelder-juweler.com\/en\/product\/anhaenger-750-weissgold-mit-schwarzen-spinellstraengen\/","title":{"rendered":"Anh\u00e4nger 750 Wei\u00dfgold mit schwarzen Spinellstr\u00e4ngen"},"content":{"rendered":"<p data-mce-fragment=\"1\"><strong>Anh\u00e4nger 750 Wei\u00dfgold mit schwarzen Spinellstr\u00e4ngen<\/strong><\/p>\n<p data-mce-fragment=\"1\"><strong>Material: <\/strong>750 Wei\u00dfgold<\/p>\n<p data-mce-fragment=\"1\"><strong>Stones:\u00a0<\/strong>schwarze Spinelle an\u00a024 Str\u00e4ngen\u00a0<\/p>\n<div><strong>Sehr dekorativ ist dieser Anh\u00e4nger aus poliertem Wei\u00dfgold <\/strong><\/div>\n<div><strong>und einer Quaste aus schwarz schimmernden Spinellen. <\/strong><\/div>\n<div><strong>Der Black &amp; White Effekt erinnert an die Golden Twenties.\u00a0<\/strong><\/div>","protected":false},"excerpt":{"rendered":"<p>Anh\u00e4nger 750 Wei\u00dfgold mit schwarzen Spinellstr\u00e4ngen Material: 750 Wei\u00dfgold Steine:\u00a0schwarze Spinelle an\u00a024 Str\u00e4ngen\u00a0 Sehr dekorativ ist dieser Anh\u00e4nger aus poliertem Wei\u00dfgold und einer Quaste aus schwarz schimmernden Spinellen. Der Black &amp; White Effekt erinnert an die Golden Twenties.\u00a0<\/p>","protected":false},"featured_media":10247,"comment_status":"open","ping_status":"closed","template":"","meta":{"_acf_changed":false,"_et_pb_use_builder":"","_et_pb_old_content":"","_et_gb_content_width":"","inline_featured_image":false},"product_brand":[332],"product_cat":[333],"product_tag":[],"class_list":{"0":"post-9078","1":"product","2":"type-product","3":"status-publish","4":"has-post-thumbnail","6":"product_brand-leinfelder","7":"product_cat-halsschmuck","9":"first","10":"outofstock","11":"shipping-taxable","12":"purchasable","13":"product-type-simple"},"acf":[],"_links":{"self":[{"href":"https:\/\/leinfelder-juweler.com\/en\/wp-json\/wp\/v2\/product\/9078","targetHints":{"allow":["GET"]}}],"collection":[{"href":"https:\/\/leinfelder-juweler.com\/en\/wp-json\/wp\/v2\/product"}],"about":[{"href":"https:\/\/leinfelder-juweler.com\/en\/wp-json\/wp\/v2\/types\/product"}],"replies":[{"embeddable":true,"href":"https:\/\/leinfelder-juweler.com\/en\/wp-json\/wp\/v2\/comments?post=9078"}],"wp:featuredmedia":[{"embeddable":true,"href":"https:\/\/leinfelder-juweler.com\/en\/wp-json\/wp\/v2\/media\/10247"}],"wp:attachment":[{"href":"https:\/\/leinfelder-juweler.com\/en\/wp-json\/wp\/v2\/media?parent=9078"}],"wp:term":[{"taxonomy":"product_brand","embeddable":true,"href":"https:\/\/leinfelder-juweler.com\/en\/wp-json\/wp\/v2\/product_brand?post=9078"},{"taxonomy":"product_cat","embeddable":true,"href":"https:\/\/leinfelder-juweler.com\/en\/wp-json\/wp\/v2\/product_cat?post=9078"},{"taxonomy":"product_tag","embeddable":true,"href":"https:\/\/leinfelder-juweler.com\/en\/wp-json\/wp\/v2\/product_tag?post=9078"}],"curies":[{"name":"wp","href":"https:\/\/api.w.org\/{rel}","templated":true}]}}