{"id":9079,"date":"2025-11-20T18:11:24","date_gmt":"2025-11-20T15:11:24","guid":{"rendered":"https:\/\/leinfelder-juweler.com\/?post_type=product&#038;p=9079"},"modified":"2025-11-20T20:21:20","modified_gmt":"2025-11-20T17:21:20","slug":"collier-750-gelbgold-mit-suesswasserperlen-2","status":"publish","type":"product","link":"https:\/\/leinfelder-juweler.com\/en\/product\/collier-750-gelbgold-mit-suesswasserperlen-2\/","title":{"rendered":"Collier 750 Gelbgold mit S\u00fc\u00dfwasserperlen"},"content":{"rendered":"<p data-mce-fragment=\"1\"><strong>Collier 750 Gelbgold mit <span data-mce-fragment=\"1\">S\u00fc\u00dfwasserperlen<\/span><span data-mce-fragment=\"1\"><\/span><\/strong><\/p>\n<p data-mce-fragment=\"1\"><strong>Material: <\/strong>750 Yellow Gold<\/p>\n<p data-mce-fragment=\"1\"><strong>Stones:<\/strong> <span data-mce-fragment=\"1\">S\u00fc\u00dfwasserperlen (FW)\u00a0\u00d8 8mm<\/span><span data-mce-fragment=\"1\"><\/span><span data-mce-fragment=\"1\"><\/span><\/p>\n<p data-mce-fragment=\"1\"><strong>Dimensions<span data-mce-fragment=\"1\" lang=\"EN-US\">: <\/span><\/strong><span data-mce-fragment=\"1\" lang=\"EN-US\">48 cm<\/span><\/p>\n<p><strong>Das klassische Collier mit seinen feinen wei\u00dfen Perlen schmeichelt jedem Teint. Der edel geformte Verschluss aus mattem Gelbgold ist schm\u00fcckend und funktional zugleich.<\/strong><\/p>","protected":false},"excerpt":{"rendered":"<p>Collier 750 Gelbgold mit S\u00fc\u00dfwasserperlen Material: 750 Gelbgold Steine: S\u00fc\u00dfwasserperlen (FW)\u00a0\u00d8 8mm Ma\u00dfe: 48 cm Das klassische Collier mit seinen feinen wei\u00dfen Perlen schmeichelt jedem Teint. Der edel geformte Verschluss aus mattem Gelbgold ist schm\u00fcckend und funktional zugleich.<\/p>","protected":false},"featured_media":10248,"comment_status":"open","ping_status":"closed","template":"","meta":{"_acf_changed":false,"_et_pb_use_builder":"","_et_pb_old_content":"","_et_gb_content_width":"","inline_featured_image":false},"product_brand":[332],"product_cat":[333],"product_tag":[],"class_list":{"0":"post-9079","1":"product","2":"type-product","3":"status-publish","4":"has-post-thumbnail","6":"product_brand-leinfelder","7":"product_cat-halsschmuck","9":"first","10":"outofstock","11":"shipping-taxable","12":"purchasable","13":"product-type-simple"},"acf":[],"_links":{"self":[{"href":"https:\/\/leinfelder-juweler.com\/en\/wp-json\/wp\/v2\/product\/9079","targetHints":{"allow":["GET"]}}],"collection":[{"href":"https:\/\/leinfelder-juweler.com\/en\/wp-json\/wp\/v2\/product"}],"about":[{"href":"https:\/\/leinfelder-juweler.com\/en\/wp-json\/wp\/v2\/types\/product"}],"replies":[{"embeddable":true,"href":"https:\/\/leinfelder-juweler.com\/en\/wp-json\/wp\/v2\/comments?post=9079"}],"wp:featuredmedia":[{"embeddable":true,"href":"https:\/\/leinfelder-juweler.com\/en\/wp-json\/wp\/v2\/media\/10248"}],"wp:attachment":[{"href":"https:\/\/leinfelder-juweler.com\/en\/wp-json\/wp\/v2\/media?parent=9079"}],"wp:term":[{"taxonomy":"product_brand","embeddable":true,"href":"https:\/\/leinfelder-juweler.com\/en\/wp-json\/wp\/v2\/product_brand?post=9079"},{"taxonomy":"product_cat","embeddable":true,"href":"https:\/\/leinfelder-juweler.com\/en\/wp-json\/wp\/v2\/product_cat?post=9079"},{"taxonomy":"product_tag","embeddable":true,"href":"https:\/\/leinfelder-juweler.com\/en\/wp-json\/wp\/v2\/product_tag?post=9079"}],"curies":[{"name":"wp","href":"https:\/\/api.w.org\/{rel}","templated":true}]}}