{"id":9082,"date":"2025-11-20T18:11:25","date_gmt":"2025-11-20T15:11:25","guid":{"rendered":"https:\/\/leinfelder-juweler.com\/?post_type=product&#038;p=9082"},"modified":"2025-11-20T20:21:39","modified_gmt":"2025-11-20T17:21:39","slug":"mantelring-mit-korall-cabochon","status":"publish","type":"product","link":"https:\/\/leinfelder-juweler.com\/en\/product\/mantelring-mit-korall-cabochon\/","title":{"rendered":"Mantelring mit Korall Cabochon"},"content":{"rendered":"<p><strong><span data-mce-fragment=\"1\">Mantelring 750 Gelbgold mit\u00a0Korall Cabochon<\/span><\/strong><\/p>\n<p><strong>Material:\u00a0<\/strong>750 Yellow Gold<\/p>\n<p><strong>Stein:\u00a0<\/strong>Korall Cabochon \u00a04,11 g \u00a019,4 x 17 mm<\/p>\n<div><strong>Optisch und haptisch ein Genuss. <\/strong><\/div>\n<div>\n<strong>Wie ein \u00fcppiger Goldrausch umschlie\u00dft der Ring die orange gl\u00e4nzende \u00a0Koralle.<\/strong><br \/><strong>\u00a0<\/strong>\n<\/div>\n<p><b>Hinweis: <\/b>Unsere Ringe sind in der angegebenen Gr\u00f6\u00dfe sofort lieferbar. Sollten sie sich einen Ring in einer anderen Gr\u00f6\u00dfe w\u00fcnschen, kontaktieren sie uns bitte. Wir informieren sie gerne \u00fcber die M\u00f6glichkeit und Dauer von Gr\u00f6\u00dfenanpassungen.<\/p>\n<p><\/p>","protected":false},"excerpt":{"rendered":"<p>Mantelring 750 Gelbgold mit\u00a0Korall Cabochon Material:\u00a0750 Gelbgold Stein:\u00a0Korall Cabochon \u00a04,11 g \u00a019,4 x 17 mm Optisch und haptisch ein Genuss. Wie ein \u00fcppiger Goldrausch umschlie\u00dft der Ring die orange gl\u00e4nzende \u00a0Koralle.\u00a0 Hinweis: Unsere Ringe sind in der angegebenen Gr\u00f6\u00dfe sofort lieferbar. Sollten sie sich einen Ring in einer anderen Gr\u00f6\u00dfe w\u00fcnschen, kontaktieren sie uns bitte. [&hellip;]<\/p>","protected":false},"featured_media":10251,"comment_status":"open","ping_status":"closed","template":"","meta":{"_acf_changed":false,"_et_pb_use_builder":"","_et_pb_old_content":"","_et_gb_content_width":"","inline_featured_image":false},"product_brand":[332],"product_cat":[295],"product_tag":[],"class_list":{"0":"post-9082","1":"product","2":"type-product","3":"status-publish","4":"has-post-thumbnail","6":"product_brand-leinfelder","7":"product_cat-ringe","9":"first","10":"outofstock","11":"shipping-taxable","12":"purchasable","13":"product-type-simple"},"acf":[],"_links":{"self":[{"href":"https:\/\/leinfelder-juweler.com\/en\/wp-json\/wp\/v2\/product\/9082","targetHints":{"allow":["GET"]}}],"collection":[{"href":"https:\/\/leinfelder-juweler.com\/en\/wp-json\/wp\/v2\/product"}],"about":[{"href":"https:\/\/leinfelder-juweler.com\/en\/wp-json\/wp\/v2\/types\/product"}],"replies":[{"embeddable":true,"href":"https:\/\/leinfelder-juweler.com\/en\/wp-json\/wp\/v2\/comments?post=9082"}],"wp:featuredmedia":[{"embeddable":true,"href":"https:\/\/leinfelder-juweler.com\/en\/wp-json\/wp\/v2\/media\/10251"}],"wp:attachment":[{"href":"https:\/\/leinfelder-juweler.com\/en\/wp-json\/wp\/v2\/media?parent=9082"}],"wp:term":[{"taxonomy":"product_brand","embeddable":true,"href":"https:\/\/leinfelder-juweler.com\/en\/wp-json\/wp\/v2\/product_brand?post=9082"},{"taxonomy":"product_cat","embeddable":true,"href":"https:\/\/leinfelder-juweler.com\/en\/wp-json\/wp\/v2\/product_cat?post=9082"},{"taxonomy":"product_tag","embeddable":true,"href":"https:\/\/leinfelder-juweler.com\/en\/wp-json\/wp\/v2\/product_tag?post=9082"}],"curies":[{"name":"wp","href":"https:\/\/api.w.org\/{rel}","templated":true}]}}