{"id":9083,"date":"2025-11-20T18:11:26","date_gmt":"2025-11-20T15:11:26","guid":{"rendered":"https:\/\/leinfelder-juweler.com\/?post_type=product&#038;p=9083"},"modified":"2025-11-20T20:21:46","modified_gmt":"2025-11-20T17:21:46","slug":"anhaenger-750-weissgold-mit-brillant-inklusive-kette","status":"publish","type":"product","link":"https:\/\/leinfelder-juweler.com\/en\/product\/anhaenger-750-weissgold-mit-brillant-inklusive-kette\/","title":{"rendered":"Anh\u00e4nger 750 Wei\u00dfgold mit Brillant inklusive Kette"},"content":{"rendered":"<p><strong>Ein Anh\u00e4nger 750 Wei\u00dfgold mit Brillant in Knopffassung mit Rundankerkette<\/strong><\/p>\n<p data-mce-fragment=\"1\"><strong>Material: <\/strong>750 Wei\u00dfgold<\/p>\n<p data-mce-fragment=\"1\"><strong>Stones: <\/strong><span lang=\"EN-US\" data-mce-fragment=\"1\">Brillant \u00d8 3,5 mm 0,18 ct tw vsi<\/span><\/p>\n<p data-mce-fragment=\"1\"><span lang=\"EN-US\" data-mce-fragment=\"1\"><strong>Kette:<\/strong>\u00a0Rundankerkette 1,3mm \/ 42 cm<span data-mce-fragment=\"1\"><\/span><\/span><\/p>\n<div data-mce-fragment=\"1\">\n<p class=\"MsoNormal\" style=\"margin-bottom: .0001pt;\"><b style=\"mso-bidi-font-weight: normal;\"><span style=\"mso-bidi-font-family: Calibri; mso-bidi-theme-font: minor-latin;\">Ein Solit\u00e4ranh\u00e4nger verk\u00f6rpert pure Eleganz und zeitlose Raffinesse. Im Mittelpunkt steht ein einziger, pr\u00e4chtig funkelnder Edelstein, der sanft an einer filigranen Kette h\u00e4ngt und durch seine Schlichtheit besonders edel wirkt. Der Stein \u2013 oft ein funkelnder Diamant \u2013 ist meisterhaft gefasst, sodass er das Licht in einem atemberaubenden Spiel einf\u00e4ngt und reflektiert. Dieser Anh\u00e4nger symbolisiert die Klarheit und Reinheit der Liebe, weshalb er gerne als Geschenk f\u00fcr unvergessliche Momente gew\u00e4hlt wird.<\/span><\/b><\/p>\n<p class=\"MsoNormal\" style=\"margin-bottom: .0001pt;\">\u00a0<\/p>\n<p><strong><span lang=\"EN-US\" data-mce-fragment=\"1\">Der funkelnde Brillant wir durch die runde Fassung perfekt in Szene gesetzt. <\/span><\/strong>\n<\/div>\n<div data-mce-fragment=\"1\"><strong><span lang=\"EN-US\" data-mce-fragment=\"1\">Die feingliedrige Kette ist seitlich an dem Anh\u00e4nger fixiert.<\/span><\/strong><\/div>","protected":false},"excerpt":{"rendered":"<p>Ein Anh\u00e4nger 750 Wei\u00dfgold mit Brillant in Knopffassung mit Rundankerkette Material: 750 Wei\u00dfgold Steine: Brillant \u00d8 3,5 mm 0,18 ct tw vsi Kette:\u00a0Rundankerkette 1,3mm \/ 42 cm Ein Solit\u00e4ranh\u00e4nger verk\u00f6rpert pure Eleganz und zeitlose Raffinesse. Im Mittelpunkt steht ein einziger, pr\u00e4chtig funkelnder Edelstein, der sanft an einer filigranen Kette h\u00e4ngt und durch seine Schlichtheit besonders [&hellip;]<\/p>","protected":false},"featured_media":10252,"comment_status":"open","ping_status":"closed","template":"","meta":{"_acf_changed":false,"_et_pb_use_builder":"","_et_pb_old_content":"","_et_gb_content_width":"","inline_featured_image":false},"product_brand":[332],"product_cat":[333],"product_tag":[],"class_list":{"0":"post-9083","1":"product","2":"type-product","3":"status-publish","4":"has-post-thumbnail","6":"product_brand-leinfelder","7":"product_cat-halsschmuck","9":"first","10":"outofstock","11":"shipping-taxable","12":"purchasable","13":"product-type-simple"},"acf":[],"_links":{"self":[{"href":"https:\/\/leinfelder-juweler.com\/en\/wp-json\/wp\/v2\/product\/9083","targetHints":{"allow":["GET"]}}],"collection":[{"href":"https:\/\/leinfelder-juweler.com\/en\/wp-json\/wp\/v2\/product"}],"about":[{"href":"https:\/\/leinfelder-juweler.com\/en\/wp-json\/wp\/v2\/types\/product"}],"replies":[{"embeddable":true,"href":"https:\/\/leinfelder-juweler.com\/en\/wp-json\/wp\/v2\/comments?post=9083"}],"wp:featuredmedia":[{"embeddable":true,"href":"https:\/\/leinfelder-juweler.com\/en\/wp-json\/wp\/v2\/media\/10252"}],"wp:attachment":[{"href":"https:\/\/leinfelder-juweler.com\/en\/wp-json\/wp\/v2\/media?parent=9083"}],"wp:term":[{"taxonomy":"product_brand","embeddable":true,"href":"https:\/\/leinfelder-juweler.com\/en\/wp-json\/wp\/v2\/product_brand?post=9083"},{"taxonomy":"product_cat","embeddable":true,"href":"https:\/\/leinfelder-juweler.com\/en\/wp-json\/wp\/v2\/product_cat?post=9083"},{"taxonomy":"product_tag","embeddable":true,"href":"https:\/\/leinfelder-juweler.com\/en\/wp-json\/wp\/v2\/product_tag?post=9083"}],"curies":[{"name":"wp","href":"https:\/\/api.w.org\/{rel}","templated":true}]}}