{"id":9084,"date":"2025-11-20T18:11:26","date_gmt":"2025-11-20T15:11:26","guid":{"rendered":"https:\/\/leinfelder-juweler.com\/?post_type=product&#038;p=9084"},"modified":"2025-11-20T20:21:53","modified_gmt":"2025-11-20T17:21:53","slug":"anhaenger-750-weissgold-mit-brillant-inklusive-kette-2","status":"publish","type":"product","link":"https:\/\/leinfelder-juweler.com\/en\/product\/anhaenger-750-weissgold-mit-brillant-inklusive-kette-2\/","title":{"rendered":"Anh\u00e4nger 750 Wei\u00dfgold mit Brillant inklusive Kette"},"content":{"rendered":"<p><strong>Ein Anh\u00e4nger 750 Wei\u00dfgold mit Brillant in doppelter Knopffassung mit Rundankerkette<\/strong><\/p>\n<p data-mce-fragment=\"1\"><strong>Material: <\/strong>750 Wei\u00dfgold<\/p>\n<p data-mce-fragment=\"1\"><strong>Stones: <\/strong><span data-mce-fragment=\"1\" lang=\"EN-US\">Brillant \u00d8 3,95 mm = 0,24 ct tw vsi<\/span><\/p>\n<p data-mce-fragment=\"1\"><span data-mce-fragment=\"1\" lang=\"EN-US\"><strong>Kette:<\/strong>\u00a0Rundankerkette 1,3mm \/ 43 cm<span data-mce-fragment=\"1\"><\/span><\/span><\/p>\n<div data-mce-fragment=\"1\"><strong><span data-mce-fragment=\"1\" lang=\"EN-US\">Der funkelnde Brillant wir durch die runde Fassung perfekt in Szene gesetzt. <\/span><\/strong><\/div>\n<div data-mce-fragment=\"1\"><strong><span data-mce-fragment=\"1\" lang=\"EN-US\">Die feingliedrige Kette verl\u00e4uft direkt durch den Anh\u00e4nger.<\/span><\/strong><\/div>","protected":false},"excerpt":{"rendered":"<p>Ein Anh\u00e4nger 750 Wei\u00dfgold mit Brillant in doppelter Knopffassung mit Rundankerkette Material: 750 Wei\u00dfgold Steine: Brillant \u00d8 3,95 mm = 0,24 ct tw vsi Kette:\u00a0Rundankerkette 1,3mm \/ 43 cm Der funkelnde Brillant wir durch die runde Fassung perfekt in Szene gesetzt. Die feingliedrige Kette verl\u00e4uft direkt durch den Anh\u00e4nger.<\/p>","protected":false},"featured_media":10253,"comment_status":"open","ping_status":"closed","template":"","meta":{"_acf_changed":false,"_et_pb_use_builder":"","_et_pb_old_content":"","_et_gb_content_width":"","inline_featured_image":false},"product_brand":[332],"product_cat":[333],"product_tag":[],"class_list":{"0":"post-9084","1":"product","2":"type-product","3":"status-publish","4":"has-post-thumbnail","6":"product_brand-leinfelder","7":"product_cat-halsschmuck","9":"first","10":"outofstock","11":"shipping-taxable","12":"purchasable","13":"product-type-simple"},"acf":[],"_links":{"self":[{"href":"https:\/\/leinfelder-juweler.com\/en\/wp-json\/wp\/v2\/product\/9084","targetHints":{"allow":["GET"]}}],"collection":[{"href":"https:\/\/leinfelder-juweler.com\/en\/wp-json\/wp\/v2\/product"}],"about":[{"href":"https:\/\/leinfelder-juweler.com\/en\/wp-json\/wp\/v2\/types\/product"}],"replies":[{"embeddable":true,"href":"https:\/\/leinfelder-juweler.com\/en\/wp-json\/wp\/v2\/comments?post=9084"}],"wp:featuredmedia":[{"embeddable":true,"href":"https:\/\/leinfelder-juweler.com\/en\/wp-json\/wp\/v2\/media\/10253"}],"wp:attachment":[{"href":"https:\/\/leinfelder-juweler.com\/en\/wp-json\/wp\/v2\/media?parent=9084"}],"wp:term":[{"taxonomy":"product_brand","embeddable":true,"href":"https:\/\/leinfelder-juweler.com\/en\/wp-json\/wp\/v2\/product_brand?post=9084"},{"taxonomy":"product_cat","embeddable":true,"href":"https:\/\/leinfelder-juweler.com\/en\/wp-json\/wp\/v2\/product_cat?post=9084"},{"taxonomy":"product_tag","embeddable":true,"href":"https:\/\/leinfelder-juweler.com\/en\/wp-json\/wp\/v2\/product_tag?post=9084"}],"curies":[{"name":"wp","href":"https:\/\/api.w.org\/{rel}","templated":true}]}}