{"id":9087,"date":"2025-11-20T18:11:27","date_gmt":"2025-11-20T15:11:27","guid":{"rendered":"https:\/\/leinfelder-juweler.com\/?post_type=product&#038;p=9087"},"modified":"2025-11-20T20:22:08","modified_gmt":"2025-11-20T17:22:08","slug":"ohrstecker-voluten-mit-268-brillanten-und-perleinhaengern","status":"publish","type":"product","link":"https:\/\/leinfelder-juweler.com\/en\/product\/ohrstecker-voluten-mit-268-brillanten-und-perleinhaengern\/","title":{"rendered":"Ohrstecker &#8222;Voluten&#8220; mit 268 Brillanten und Perleinh\u00e4ngern"},"content":{"rendered":"<p><strong>Ein Paar Ohrstecker:<br \/><\/strong><\/p>\n<p><strong>Material: <\/strong>750 Wei\u00dfgold<\/p>\n<p><strong>Stones: <\/strong>268 Brillanten, gesamt 2,21 ct tw vsi<\/p>\n<p><strong>Ein Paar Einh\u00e4nger:<\/strong><\/p>\n<p><strong data-mce-fragment=\"1\">Material:\u00a0<\/strong>750 Wei\u00dfgold<\/p>\n<p><strong data-mce-fragment=\"1\">Stones: <\/strong>S\u00fc\u00dfwasserperlen<span>\u00a0<\/span>10-11 mm<\/p>\n<div>\n<p class=\"MsoNormal\" style=\"margin-bottom: .0001pt;\"><b style=\"mso-bidi-font-weight: normal;\">Lustvoll und \u00fcppig erinnern die Pretiosen der Leinfelder Kollektion \u201eVoluten\u201c <\/b><\/p>\n<p><strong><b style=\"mso-bidi-font-weight: normal;\"><span style=\"font-size: 11.0pt; line-height: 115%; font-family: 'Calibri',sans-serif; mso-ascii-theme-font: minor-latin; mso-fareast-font-family: Calibri; mso-fareast-theme-font: minor-latin; mso-hansi-theme-font: minor-latin; mso-bidi-font-family: 'Times New Roman'; mso-bidi-theme-font: minor-bidi; mso-ansi-language: DE; mso-fareast-language: EN-US; mso-bidi-language: AR-SA;\">an das barocke Zeitalter. Die geschwungenen Formen versetzen den Betrachter in eine Zeit opulenter Kleider und ausschweifender Feste. <\/span><span style=\"font-size: 11.0pt; line-height: 115%; font-family: 'Calibri',sans-serif; mso-ascii-theme-font: minor-latin; mso-fareast-font-family: Calibri; mso-fareast-theme-font: minor-latin; mso-hansi-theme-font: minor-latin; mso-bidi-theme-font: minor-latin; mso-ansi-language: DE; mso-fareast-language: EN-US; mso-bidi-language: AR-SA;\">Die Kollektion umfasst Ohrschmuck, Ringe, Anh\u00e4nger und Armb\u00e4nder aus 750 Gelb-, Ros\u00e9- und Wei\u00dfgold, veredelt mit hochwertigen, farbigen Edelsteinen im Cabochon- und Facettenschliff. <\/span><\/b><\/strong>\n<\/div>\n<div><strong>Die Perlen unterstreichen den sommerlichen Look.<\/strong><\/div>","protected":false},"excerpt":{"rendered":"<p>Ein Paar Ohrstecker: Material: 750 Wei\u00dfgold Steine: 268 Brillanten, gesamt 2,21 ct tw vsi Ein Paar Einh\u00e4nger: Material:\u00a0750 Wei\u00dfgold Steine: S\u00fc\u00dfwasserperlen\u00a010-11 mm Lustvoll und \u00fcppig erinnern die Pretiosen der Leinfelder Kollektion \u201eVoluten\u201c an das barocke Zeitalter. Die geschwungenen Formen versetzen den Betrachter in eine Zeit opulenter Kleider und ausschweifender Feste. Die Kollektion umfasst Ohrschmuck, Ringe, [&hellip;]<\/p>","protected":false},"featured_media":10255,"comment_status":"open","ping_status":"closed","template":"","meta":{"_acf_changed":false,"_et_pb_use_builder":"","_et_pb_old_content":"","_et_gb_content_width":"","inline_featured_image":false},"product_brand":[332],"product_cat":[331],"product_tag":[],"class_list":{"0":"post-9087","1":"product","2":"type-product","3":"status-publish","4":"has-post-thumbnail","6":"product_brand-leinfelder","7":"product_cat-ohrschmuck","9":"first","10":"instock","11":"shipping-taxable","12":"purchasable","13":"product-type-simple"},"acf":[],"_links":{"self":[{"href":"https:\/\/leinfelder-juweler.com\/en\/wp-json\/wp\/v2\/product\/9087","targetHints":{"allow":["GET"]}}],"collection":[{"href":"https:\/\/leinfelder-juweler.com\/en\/wp-json\/wp\/v2\/product"}],"about":[{"href":"https:\/\/leinfelder-juweler.com\/en\/wp-json\/wp\/v2\/types\/product"}],"replies":[{"embeddable":true,"href":"https:\/\/leinfelder-juweler.com\/en\/wp-json\/wp\/v2\/comments?post=9087"}],"wp:featuredmedia":[{"embeddable":true,"href":"https:\/\/leinfelder-juweler.com\/en\/wp-json\/wp\/v2\/media\/10255"}],"wp:attachment":[{"href":"https:\/\/leinfelder-juweler.com\/en\/wp-json\/wp\/v2\/media?parent=9087"}],"wp:term":[{"taxonomy":"product_brand","embeddable":true,"href":"https:\/\/leinfelder-juweler.com\/en\/wp-json\/wp\/v2\/product_brand?post=9087"},{"taxonomy":"product_cat","embeddable":true,"href":"https:\/\/leinfelder-juweler.com\/en\/wp-json\/wp\/v2\/product_cat?post=9087"},{"taxonomy":"product_tag","embeddable":true,"href":"https:\/\/leinfelder-juweler.com\/en\/wp-json\/wp\/v2\/product_tag?post=9087"}],"curies":[{"name":"wp","href":"https:\/\/api.w.org\/{rel}","templated":true}]}}