{"id":9096,"date":"2025-11-20T18:11:31","date_gmt":"2025-11-20T15:11:31","guid":{"rendered":"https:\/\/leinfelder-juweler.com\/?post_type=product&#038;p=9096"},"modified":"2025-11-20T20:23:09","modified_gmt":"2025-11-20T17:23:09","slug":"klappcreolen-wiener-brisur-750-gelbgold-mit-aquamarin-einhaengern","status":"publish","type":"product","link":"https:\/\/leinfelder-juweler.com\/en\/product\/klappcreolen-wiener-brisur-750-gelbgold-mit-aquamarin-einhaengern\/","title":{"rendered":"Klappcreolen Wiener Brisur 750 Gelbgold mit Aquamarin Einh\u00e4ngern"},"content":{"rendered":"<p><strong>Ohrschmuck\u00a0Klappcreolen<\/strong><\/p>\n<p><strong>Material: <\/strong>750 Yellow Gold<\/p>\n<p><strong>Ma\u00dfe: <\/strong>2,4 mm breit \/ 17 mm lang<\/p>\n<p><strong>Einh\u00e4nger:\u00a0<\/strong>750 Gelbgold mit 3,42 ct <span data-mce-fragment=\"1\">Aquamarinen 9<\/span><span data-mce-fragment=\"1\"> x 7 mm facettiert oval<\/span><span data-mce-fragment=\"1\"><\/span><\/p>\n<p><span data-mce-fragment=\"1\"><strong>Als \u201cWiener Brisur\u201d war dieses besondere Design f\u00fcr Klappcreolen schon zu Zeiten von Kaiserin Sissi beliebt. Die abnehmbaren Einh\u00e4nger mit den himmelblauen Aquamarinen verleihen dem Ohrschmuck eine pers\u00f6nliche Note.<\/strong><\/span><\/p>","protected":false},"excerpt":{"rendered":"<p>Ohrschmuck\u00a0Klappcreolen Material: 750 Gelbgold Ma\u00dfe: 2,4 mm breit \/ 17 mm lang Einh\u00e4nger:\u00a0\ufeff750 Gelbgold mit 3,42 ct Aquamarinen 9 x 7 mm facettiert oval Als \u201cWiener Brisur\u201d war dieses besondere Design f\u00fcr Klappcreolen schon zu Zeiten von Kaiserin Sissi beliebt. Die abnehmbaren Einh\u00e4nger mit den himmelblauen Aquamarinen verleihen dem Ohrschmuck eine pers\u00f6nliche Note.<\/p>","protected":false},"featured_media":10264,"comment_status":"open","ping_status":"closed","template":"","meta":{"_acf_changed":false,"_et_pb_use_builder":"","_et_pb_old_content":"","_et_gb_content_width":"","inline_featured_image":false},"product_brand":[332],"product_cat":[331],"product_tag":[],"class_list":{"0":"post-9096","1":"product","2":"type-product","3":"status-publish","4":"has-post-thumbnail","6":"product_brand-leinfelder","7":"product_cat-ohrschmuck","9":"first","10":"instock","11":"shipping-taxable","12":"purchasable","13":"product-type-simple"},"acf":[],"_links":{"self":[{"href":"https:\/\/leinfelder-juweler.com\/en\/wp-json\/wp\/v2\/product\/9096","targetHints":{"allow":["GET"]}}],"collection":[{"href":"https:\/\/leinfelder-juweler.com\/en\/wp-json\/wp\/v2\/product"}],"about":[{"href":"https:\/\/leinfelder-juweler.com\/en\/wp-json\/wp\/v2\/types\/product"}],"replies":[{"embeddable":true,"href":"https:\/\/leinfelder-juweler.com\/en\/wp-json\/wp\/v2\/comments?post=9096"}],"wp:featuredmedia":[{"embeddable":true,"href":"https:\/\/leinfelder-juweler.com\/en\/wp-json\/wp\/v2\/media\/10264"}],"wp:attachment":[{"href":"https:\/\/leinfelder-juweler.com\/en\/wp-json\/wp\/v2\/media?parent=9096"}],"wp:term":[{"taxonomy":"product_brand","embeddable":true,"href":"https:\/\/leinfelder-juweler.com\/en\/wp-json\/wp\/v2\/product_brand?post=9096"},{"taxonomy":"product_cat","embeddable":true,"href":"https:\/\/leinfelder-juweler.com\/en\/wp-json\/wp\/v2\/product_cat?post=9096"},{"taxonomy":"product_tag","embeddable":true,"href":"https:\/\/leinfelder-juweler.com\/en\/wp-json\/wp\/v2\/product_tag?post=9096"}],"curies":[{"name":"wp","href":"https:\/\/api.w.org\/{rel}","templated":true}]}}