{"id":9100,"date":"2025-11-20T18:11:32","date_gmt":"2025-11-20T15:11:32","guid":{"rendered":"https:\/\/leinfelder-juweler.com\/?post_type=product&#038;p=9100"},"modified":"2025-11-20T20:23:38","modified_gmt":"2025-11-20T17:23:38","slug":"ohrstecker-mit-blauen-saphiren","status":"publish","type":"product","link":"https:\/\/leinfelder-juweler.com\/en\/product\/ohrstecker-mit-blauen-saphiren\/","title":{"rendered":"Ohrstecker mit blauen Saphiren"},"content":{"rendered":"<p><strong>Ein Paar Ohrstecker mit <span data-mce-fragment=\"1\" lang=\"EN-US\">Knopffassung<\/span><span data-mce-fragment=\"1\"><\/span><br \/><\/strong><\/p>\n<p><strong>Material: <\/strong>750 Wei\u00dfgold<\/p>\n<p><strong>Stones:\u00a0<\/strong>blaue Saphire 0,36 ct\u00a0\u00d8 3 mm rund facettiert<\/p>\n<div><strong>M\u00e4dchenhaft zart sind diese Ohrstecker mit den k\u00f6nigsblauen Saphiren <\/strong><\/div>\n<div><strong>in ihrer schlichten Wei\u00dfgoldfassung.<\/strong><\/div>","protected":false},"excerpt":{"rendered":"<p>Ein Paar Ohrstecker mit Knopffassung Material: 750 Wei\u00dfgold Steine:\u00a0blaue Saphire 0,36 ct\u00a0\u00d8 3 mm rund facettiert M\u00e4dchenhaft zart sind diese Ohrstecker mit den k\u00f6nigsblauen Saphiren in ihrer schlichten Wei\u00dfgoldfassung.<\/p>","protected":false},"featured_media":10268,"comment_status":"open","ping_status":"closed","template":"","meta":{"_acf_changed":false,"_et_pb_use_builder":"","_et_pb_old_content":"","_et_gb_content_width":"","inline_featured_image":false},"product_brand":[332],"product_cat":[331],"product_tag":[],"class_list":{"0":"post-9100","1":"product","2":"type-product","3":"status-publish","4":"has-post-thumbnail","6":"product_brand-leinfelder","7":"product_cat-ohrschmuck","9":"first","10":"instock","11":"shipping-taxable","12":"purchasable","13":"product-type-simple"},"acf":[],"_links":{"self":[{"href":"https:\/\/leinfelder-juweler.com\/en\/wp-json\/wp\/v2\/product\/9100","targetHints":{"allow":["GET"]}}],"collection":[{"href":"https:\/\/leinfelder-juweler.com\/en\/wp-json\/wp\/v2\/product"}],"about":[{"href":"https:\/\/leinfelder-juweler.com\/en\/wp-json\/wp\/v2\/types\/product"}],"replies":[{"embeddable":true,"href":"https:\/\/leinfelder-juweler.com\/en\/wp-json\/wp\/v2\/comments?post=9100"}],"wp:featuredmedia":[{"embeddable":true,"href":"https:\/\/leinfelder-juweler.com\/en\/wp-json\/wp\/v2\/media\/10268"}],"wp:attachment":[{"href":"https:\/\/leinfelder-juweler.com\/en\/wp-json\/wp\/v2\/media?parent=9100"}],"wp:term":[{"taxonomy":"product_brand","embeddable":true,"href":"https:\/\/leinfelder-juweler.com\/en\/wp-json\/wp\/v2\/product_brand?post=9100"},{"taxonomy":"product_cat","embeddable":true,"href":"https:\/\/leinfelder-juweler.com\/en\/wp-json\/wp\/v2\/product_cat?post=9100"},{"taxonomy":"product_tag","embeddable":true,"href":"https:\/\/leinfelder-juweler.com\/en\/wp-json\/wp\/v2\/product_tag?post=9100"}],"curies":[{"name":"wp","href":"https:\/\/api.w.org\/{rel}","templated":true}]}}