{"id":9109,"date":"2025-11-20T18:11:50","date_gmt":"2025-11-20T15:11:50","guid":{"rendered":"https:\/\/leinfelder-juweler.com\/?post_type=product&#038;p=9109"},"modified":"2025-11-20T20:24:30","modified_gmt":"2025-11-20T17:24:30","slug":"collier-750-gelbgold-mit-korallkugeln","status":"publish","type":"product","link":"https:\/\/leinfelder-juweler.com\/en\/product\/collier-750-gelbgold-mit-korallkugeln\/","title":{"rendered":"750 Yellow Gold Necklace with Coral Beads"},"content":{"rendered":"<p data-mce-fragment=\"1\"><strong>750 Yellow Gold Necklace with Coral Beads<\/strong><\/p>\n<p data-mce-fragment=\"1\"><strong>Material: <\/strong>750 Yellow Gold<\/p>\n<p data-mce-fragment=\"1\"><strong>Stones:<\/strong>\u00a0<span data-mce-fragment=\"1\">Coral Beads, \u00d8 6.5 mm<\/span><span data-mce-fragment=\"1\"><\/span><\/p>\n<p data-mce-fragment=\"1\"><strong>Dimensions<span data-mce-fragment=\"1\" lang=\"EN-US\">: <\/span><\/strong><span data-mce-fragment=\"1\" lang=\"EN-US\">42 cm<\/span><\/p>\n<div><strong>Dreamingly beautiful! <\/strong><\/div>\n<div><strong>Thanks to its flexibility, this necklace fits perfectly\nto the contours of your neck. <\/strong><\/div>\n<div><strong>A visual and tactile delight.<\/strong><\/div>","protected":false},"excerpt":{"rendered":"<p>Collier 750 Gelbgold mit Korallkugeln Material: 750 Gelbgold Steine:\u00a0Korallkugeln\u00a0\u00d8 6,5 mm Ma\u00dfe: 42 cm Traumhaft sch\u00f6n ! Dieses Collier schmiegt sich dank seiner Flexibilit\u00e4t exakt den Konturen des Halses an. Optisch und haptisch ein Hochgenuss.<\/p>","protected":false},"featured_media":7954,"comment_status":"open","ping_status":"closed","template":"","meta":{"_acf_changed":false,"_et_pb_use_builder":"","_et_pb_old_content":"","_et_gb_content_width":"","inline_featured_image":false},"product_brand":[332],"product_cat":[333],"product_tag":[],"class_list":{"0":"post-9109","1":"product","2":"type-product","3":"status-publish","4":"has-post-thumbnail","6":"product_brand-leinfelder","7":"product_cat-halsschmuck","9":"first","10":"outofstock","11":"shipping-taxable","12":"purchasable","13":"product-type-simple"},"acf":[],"_links":{"self":[{"href":"https:\/\/leinfelder-juweler.com\/en\/wp-json\/wp\/v2\/product\/9109","targetHints":{"allow":["GET"]}}],"collection":[{"href":"https:\/\/leinfelder-juweler.com\/en\/wp-json\/wp\/v2\/product"}],"about":[{"href":"https:\/\/leinfelder-juweler.com\/en\/wp-json\/wp\/v2\/types\/product"}],"replies":[{"embeddable":true,"href":"https:\/\/leinfelder-juweler.com\/en\/wp-json\/wp\/v2\/comments?post=9109"}],"wp:featuredmedia":[{"embeddable":true,"href":"https:\/\/leinfelder-juweler.com\/en\/wp-json\/wp\/v2\/media\/7954"}],"wp:attachment":[{"href":"https:\/\/leinfelder-juweler.com\/en\/wp-json\/wp\/v2\/media?parent=9109"}],"wp:term":[{"taxonomy":"product_brand","embeddable":true,"href":"https:\/\/leinfelder-juweler.com\/en\/wp-json\/wp\/v2\/product_brand?post=9109"},{"taxonomy":"product_cat","embeddable":true,"href":"https:\/\/leinfelder-juweler.com\/en\/wp-json\/wp\/v2\/product_cat?post=9109"},{"taxonomy":"product_tag","embeddable":true,"href":"https:\/\/leinfelder-juweler.com\/en\/wp-json\/wp\/v2\/product_tag?post=9109"}],"curies":[{"name":"wp","href":"https:\/\/api.w.org\/{rel}","templated":true}]}}