{"id":9113,"date":"2025-11-20T18:11:51","date_gmt":"2025-11-20T15:11:51","guid":{"rendered":"https:\/\/leinfelder-juweler.com\/?post_type=product&#038;p=9113"},"modified":"2025-11-20T20:24:56","modified_gmt":"2025-11-20T17:24:56","slug":"vario-ohrschmuck-oberteile-rund-konkav","status":"publish","type":"product","link":"https:\/\/leinfelder-juweler.com\/en\/product\/vario-ohrschmuck-oberteile-rund-konkav\/","title":{"rendered":"Vario Ohrschmuck Oberteile rund, konkav"},"content":{"rendered":"<p><strong>Vario Ohrschmuck Oberteile kombinierbar mit verschiedenen Einh\u00e4ngern:<\/strong><\/p>\n<p><strong>Runde konkave Ohrstecker<br \/><\/strong><\/p>\n<p><strong>Material: <\/strong>750 Yellow Gold<\/p>\n<p><strong>Ma\u00dfe:<\/strong> <span data-mce-fragment=\"1\" lang=\"EN-US\">\u00d8 11,8 mm rund, konkav<\/span><\/p>\n<div><strong><span data-mce-fragment=\"1\" lang=\"EN-US\">Eine magische Anmutung geht von diesen Ohrsteckern unserer Vario- Kollektion aus. Die nach innen gew\u00f6lbte, polierte Goldscheibe spiegelt die Farben in ihrem Umfeld.<\/span><\/strong><\/div>","protected":false},"excerpt":{"rendered":"<p>Vario Ohrschmuck Oberteile kombinierbar mit verschiedenen Einh\u00e4ngern: Runde konkave Ohrstecker Material: 750 Gelbgold Ma\u00dfe: \u00d8 11,8 mm rund, konkav Eine magische Anmutung geht von diesen Ohrsteckern unserer Vario- Kollektion aus. Die nach innen gew\u00f6lbte, polierte Goldscheibe spiegelt die Farben in ihrem Umfeld.<\/p>","protected":false},"featured_media":10280,"comment_status":"open","ping_status":"closed","template":"","meta":{"_acf_changed":false,"_et_pb_use_builder":"","_et_pb_old_content":"","_et_gb_content_width":"","inline_featured_image":false},"product_brand":[332],"product_cat":[331],"product_tag":[],"class_list":{"0":"post-9113","1":"product","2":"type-product","3":"status-publish","4":"has-post-thumbnail","6":"product_brand-leinfelder","7":"product_cat-ohrschmuck","9":"first","10":"outofstock","11":"shipping-taxable","12":"purchasable","13":"product-type-simple"},"acf":[],"_links":{"self":[{"href":"https:\/\/leinfelder-juweler.com\/en\/wp-json\/wp\/v2\/product\/9113","targetHints":{"allow":["GET"]}}],"collection":[{"href":"https:\/\/leinfelder-juweler.com\/en\/wp-json\/wp\/v2\/product"}],"about":[{"href":"https:\/\/leinfelder-juweler.com\/en\/wp-json\/wp\/v2\/types\/product"}],"replies":[{"embeddable":true,"href":"https:\/\/leinfelder-juweler.com\/en\/wp-json\/wp\/v2\/comments?post=9113"}],"wp:featuredmedia":[{"embeddable":true,"href":"https:\/\/leinfelder-juweler.com\/en\/wp-json\/wp\/v2\/media\/10280"}],"wp:attachment":[{"href":"https:\/\/leinfelder-juweler.com\/en\/wp-json\/wp\/v2\/media?parent=9113"}],"wp:term":[{"taxonomy":"product_brand","embeddable":true,"href":"https:\/\/leinfelder-juweler.com\/en\/wp-json\/wp\/v2\/product_brand?post=9113"},{"taxonomy":"product_cat","embeddable":true,"href":"https:\/\/leinfelder-juweler.com\/en\/wp-json\/wp\/v2\/product_cat?post=9113"},{"taxonomy":"product_tag","embeddable":true,"href":"https:\/\/leinfelder-juweler.com\/en\/wp-json\/wp\/v2\/product_tag?post=9113"}],"curies":[{"name":"wp","href":"https:\/\/api.w.org\/{rel}","templated":true}]}}