{"id":9114,"date":"2025-11-20T18:11:52","date_gmt":"2025-11-20T15:11:52","guid":{"rendered":"https:\/\/leinfelder-juweler.com\/?post_type=product&#038;p=9114"},"modified":"2025-11-20T20:25:01","modified_gmt":"2025-11-20T17:25:01","slug":"ohrstecker-750-gelbgold-mit-suesswasserperlen","status":"publish","type":"product","link":"https:\/\/leinfelder-juweler.com\/en\/product\/ohrstecker-750-gelbgold-mit-suesswasserperlen\/","title":{"rendered":"Ohrstecker 750 Gelbgold mit S\u00fc\u00dfwasserperlen"},"content":{"rendered":"<p><strong>Ein Paar Ohrstecker 750 Gelbgold mit S\u00fc\u00dfwasserperlen<br \/><\/strong><\/p>\n<p><strong>Material: <\/strong>750 Yellow Gold<\/p>\n<p><strong>Stones: <\/strong>S\u00fc\u00dfwasserperlen (FW) 8-9,8 mm<\/p>\n<div><strong>Perlstecker einmal anders. <\/strong><\/div>\n<div><strong>Die Stifte sind so geschickt an den formsch\u00f6nen Oberteilen platziert, <\/strong><\/div>\n<div><strong>dass die Ohrl\u00f6chlein verdeckt werden.<\/strong><\/div>\n<p>\u00a0<\/p>","protected":false},"excerpt":{"rendered":"<p>Ein Paar Ohrstecker 750 Gelbgold mit S\u00fc\u00dfwasserperlen Material: 750 Gelbgold Steine: S\u00fc\u00dfwasserperlen (FW) 8-9,8 mm Perlstecker einmal anders. Die Stifte sind so geschickt an den formsch\u00f6nen Oberteilen platziert, dass die Ohrl\u00f6chlein verdeckt werden. \u00a0<\/p>","protected":false},"featured_media":10281,"comment_status":"open","ping_status":"closed","template":"","meta":{"_acf_changed":false,"_et_pb_use_builder":"","_et_pb_old_content":"","_et_gb_content_width":"","inline_featured_image":false},"product_brand":[332],"product_cat":[331],"product_tag":[],"class_list":{"0":"post-9114","1":"product","2":"type-product","3":"status-publish","4":"has-post-thumbnail","6":"product_brand-leinfelder","7":"product_cat-ohrschmuck","9":"first","10":"outofstock","11":"shipping-taxable","12":"purchasable","13":"product-type-simple"},"acf":[],"_links":{"self":[{"href":"https:\/\/leinfelder-juweler.com\/en\/wp-json\/wp\/v2\/product\/9114","targetHints":{"allow":["GET"]}}],"collection":[{"href":"https:\/\/leinfelder-juweler.com\/en\/wp-json\/wp\/v2\/product"}],"about":[{"href":"https:\/\/leinfelder-juweler.com\/en\/wp-json\/wp\/v2\/types\/product"}],"replies":[{"embeddable":true,"href":"https:\/\/leinfelder-juweler.com\/en\/wp-json\/wp\/v2\/comments?post=9114"}],"wp:featuredmedia":[{"embeddable":true,"href":"https:\/\/leinfelder-juweler.com\/en\/wp-json\/wp\/v2\/media\/10281"}],"wp:attachment":[{"href":"https:\/\/leinfelder-juweler.com\/en\/wp-json\/wp\/v2\/media?parent=9114"}],"wp:term":[{"taxonomy":"product_brand","embeddable":true,"href":"https:\/\/leinfelder-juweler.com\/en\/wp-json\/wp\/v2\/product_brand?post=9114"},{"taxonomy":"product_cat","embeddable":true,"href":"https:\/\/leinfelder-juweler.com\/en\/wp-json\/wp\/v2\/product_cat?post=9114"},{"taxonomy":"product_tag","embeddable":true,"href":"https:\/\/leinfelder-juweler.com\/en\/wp-json\/wp\/v2\/product_tag?post=9114"}],"curies":[{"name":"wp","href":"https:\/\/api.w.org\/{rel}","templated":true}]}}