{"id":9116,"date":"2025-11-20T18:11:52","date_gmt":"2025-11-20T15:11:52","guid":{"rendered":"https:\/\/leinfelder-juweler.com\/?post_type=product&#038;p=9116"},"modified":"2025-11-20T20:25:18","modified_gmt":"2025-11-20T17:25:18","slug":"klappcreolen-750-weissgold-mit-ebenholz","status":"publish","type":"product","link":"https:\/\/leinfelder-juweler.com\/en\/product\/klappcreolen-750-weissgold-mit-ebenholz\/","title":{"rendered":"Klappcreolen 750 Wei\u00dfgold mit Ebenholz"},"content":{"rendered":"<p><strong>Ohrschmuck Klappcreolen<\/strong><\/p>\n<p><strong>Material: <\/strong>750 Wei\u00dfgold<\/p>\n<p><strong>Elemente:\u00a0<\/strong>Ebenholz in gew\u00f6lbter\u00a0Form<\/p>\n<p><strong>Ma\u00dfe: <\/strong><span data-mce-fragment=\"1\">10,3 mm \/ \u00d8 17,4 mm au\u00dfen<\/span><\/p>\n<div><strong>Schlicht und edel sind diese abgerundeten Klappcreolen <\/strong><\/div>\n<div><strong>aus schwarzem Ebenholz, kombiniert mit gl\u00e4nzendem Wei\u00dfgold.<\/strong><\/div>","protected":false},"excerpt":{"rendered":"<p>Ohrschmuck Klappcreolen Material: 750 Wei\u00dfgold Elemente:\u00a0\ufeffEbenholz in gew\u00f6lbter\u00a0Form Ma\u00dfe: 10,3 mm \/ \u00d8 17,4 mm au\u00dfen Schlicht und edel sind diese abgerundeten Klappcreolen aus schwarzem Ebenholz, kombiniert mit gl\u00e4nzendem Wei\u00dfgold.<\/p>","protected":false},"featured_media":10283,"comment_status":"open","ping_status":"closed","template":"","meta":{"_acf_changed":false,"_et_pb_use_builder":"","_et_pb_old_content":"","_et_gb_content_width":"","inline_featured_image":false},"product_brand":[332],"product_cat":[331],"product_tag":[302],"class_list":{"0":"post-9116","1":"product","2":"type-product","3":"status-publish","4":"has-post-thumbnail","6":"product_brand-leinfelder","7":"product_cat-ohrschmuck","8":"product_tag-ebenholz","10":"first","11":"instock","12":"shipping-taxable","13":"purchasable","14":"product-type-simple"},"acf":[],"_links":{"self":[{"href":"https:\/\/leinfelder-juweler.com\/en\/wp-json\/wp\/v2\/product\/9116","targetHints":{"allow":["GET"]}}],"collection":[{"href":"https:\/\/leinfelder-juweler.com\/en\/wp-json\/wp\/v2\/product"}],"about":[{"href":"https:\/\/leinfelder-juweler.com\/en\/wp-json\/wp\/v2\/types\/product"}],"replies":[{"embeddable":true,"href":"https:\/\/leinfelder-juweler.com\/en\/wp-json\/wp\/v2\/comments?post=9116"}],"wp:featuredmedia":[{"embeddable":true,"href":"https:\/\/leinfelder-juweler.com\/en\/wp-json\/wp\/v2\/media\/10283"}],"wp:attachment":[{"href":"https:\/\/leinfelder-juweler.com\/en\/wp-json\/wp\/v2\/media?parent=9116"}],"wp:term":[{"taxonomy":"product_brand","embeddable":true,"href":"https:\/\/leinfelder-juweler.com\/en\/wp-json\/wp\/v2\/product_brand?post=9116"},{"taxonomy":"product_cat","embeddable":true,"href":"https:\/\/leinfelder-juweler.com\/en\/wp-json\/wp\/v2\/product_cat?post=9116"},{"taxonomy":"product_tag","embeddable":true,"href":"https:\/\/leinfelder-juweler.com\/en\/wp-json\/wp\/v2\/product_tag?post=9116"}],"curies":[{"name":"wp","href":"https:\/\/api.w.org\/{rel}","templated":true}]}}