{"id":9117,"date":"2025-11-20T18:11:53","date_gmt":"2025-11-20T15:11:53","guid":{"rendered":"https:\/\/leinfelder-juweler.com\/?post_type=product&#038;p=9117"},"modified":"2025-11-20T20:25:24","modified_gmt":"2025-11-20T17:25:24","slug":"ohrclips-4-eck-kissen-750-weissgold","status":"publish","type":"product","link":"https:\/\/leinfelder-juweler.com\/en\/product\/ohrclips-4-eck-kissen-750-weissgold\/","title":{"rendered":"Ohrclips 4-eck Kissen 750 Wei\u00dfgold"},"content":{"rendered":"<p><strong>Ohrclips 4-eck Kissen 750 Wei\u00dfgold<\/strong><\/p>\n<p><strong>Material: <\/strong>750 Wei\u00dfgold<\/p>\n<p><strong>Ma\u00dfe: <\/strong>14,8 x 14,8 mm x 8,7 mm<\/p>\n<div><strong>Sportlich und konsequent wirken diese Ohrclip in mattiertem Wei\u00dfgold. <\/strong><\/div>\n<div>\n<strong>Die strenge, quadratische Grundform wir durch den Kisseneffekt aufgelockert.<\/strong><\/p>\n<\/div>\n<p><strong>Achtung, kein Vario Ohrschmuck<\/strong><\/p>","protected":false},"excerpt":{"rendered":"<p>Ohrclips 4-eck Kissen 750 Wei\u00dfgold Material: 750 Wei\u00dfgold Ma\u00dfe: 14,8 x 14,8 mm x 8,7 mm Sportlich und konsequent wirken diese Ohrclip in mattiertem Wei\u00dfgold. Die strenge, quadratische Grundform wir durch den Kisseneffekt aufgelockert. Achtung, kein Vario Ohrschmuck<\/p>","protected":false},"featured_media":10284,"comment_status":"open","ping_status":"closed","template":"","meta":{"_acf_changed":false,"_et_pb_use_builder":"","_et_pb_old_content":"","_et_gb_content_width":"","inline_featured_image":false},"product_brand":[332],"product_cat":[331],"product_tag":[364],"class_list":{"0":"post-9117","1":"product","2":"type-product","3":"status-publish","4":"has-post-thumbnail","6":"product_brand-leinfelder","7":"product_cat-ohrschmuck","8":"product_tag-kissen","10":"first","11":"outofstock","12":"shipping-taxable","13":"purchasable","14":"product-type-simple"},"acf":[],"_links":{"self":[{"href":"https:\/\/leinfelder-juweler.com\/en\/wp-json\/wp\/v2\/product\/9117","targetHints":{"allow":["GET"]}}],"collection":[{"href":"https:\/\/leinfelder-juweler.com\/en\/wp-json\/wp\/v2\/product"}],"about":[{"href":"https:\/\/leinfelder-juweler.com\/en\/wp-json\/wp\/v2\/types\/product"}],"replies":[{"embeddable":true,"href":"https:\/\/leinfelder-juweler.com\/en\/wp-json\/wp\/v2\/comments?post=9117"}],"wp:featuredmedia":[{"embeddable":true,"href":"https:\/\/leinfelder-juweler.com\/en\/wp-json\/wp\/v2\/media\/10284"}],"wp:attachment":[{"href":"https:\/\/leinfelder-juweler.com\/en\/wp-json\/wp\/v2\/media?parent=9117"}],"wp:term":[{"taxonomy":"product_brand","embeddable":true,"href":"https:\/\/leinfelder-juweler.com\/en\/wp-json\/wp\/v2\/product_brand?post=9117"},{"taxonomy":"product_cat","embeddable":true,"href":"https:\/\/leinfelder-juweler.com\/en\/wp-json\/wp\/v2\/product_cat?post=9117"},{"taxonomy":"product_tag","embeddable":true,"href":"https:\/\/leinfelder-juweler.com\/en\/wp-json\/wp\/v2\/product_tag?post=9117"}],"curies":[{"name":"wp","href":"https:\/\/api.w.org\/{rel}","templated":true}]}}