{"id":9118,"date":"2025-11-20T18:11:53","date_gmt":"2025-11-20T15:11:53","guid":{"rendered":"https:\/\/leinfelder-juweler.com\/?post_type=product&#038;p=9118"},"modified":"2025-11-20T20:25:31","modified_gmt":"2025-11-20T17:25:31","slug":"ohrclips-3-eck-kissen-750-weissgold","status":"publish","type":"product","link":"https:\/\/leinfelder-juweler.com\/en\/product\/ohrclips-3-eck-kissen-750-weissgold\/","title":{"rendered":"Ohrclips 3-eck Kissen 750 Wei\u00dfgold"},"content":{"rendered":"<p><strong>Ohrclips 3-eck Kissen 750 Wei\u00dfgold<\/strong><\/p>\n<p><strong>Material: <\/strong>750 Wei\u00dfgold<\/p>\n<p><strong>Ma\u00dfe: <\/strong>17,5\u00a0mm\u00a0Kantenl\u00e4nge<\/p>\n<div><strong>Den Impuls puristischer Klarheit vermittelt dieser Ohrschmuck <\/strong><\/div>\n<div><strong>in seiner 3eckigen Kissenform.<\/strong><\/div>\n<p><strong><br \/><\/strong><\/p>\n<p>\u00a0<\/p>\n<p><strong>Achtung, kein Vario Ohrschmuck<\/strong><\/p>","protected":false},"excerpt":{"rendered":"<p>Ohrclips 3-eck Kissen 750 Wei\u00dfgold Material: 750 Wei\u00dfgold Ma\u00dfe: 17,5\u00a0mm\u00a0Kantenl\u00e4nge Den Impuls puristischer Klarheit vermittelt dieser Ohrschmuck in seiner 3eckigen Kissenform. \u00a0 Achtung, kein Vario Ohrschmuck<\/p>","protected":false},"featured_media":10285,"comment_status":"open","ping_status":"closed","template":"","meta":{"_acf_changed":false,"_et_pb_use_builder":"","_et_pb_old_content":"","_et_gb_content_width":"","inline_featured_image":false},"product_brand":[332],"product_cat":[331],"product_tag":[364],"class_list":{"0":"post-9118","1":"product","2":"type-product","3":"status-publish","4":"has-post-thumbnail","6":"product_brand-leinfelder","7":"product_cat-ohrschmuck","8":"product_tag-kissen","10":"first","11":"outofstock","12":"shipping-taxable","13":"purchasable","14":"product-type-simple"},"acf":[],"_links":{"self":[{"href":"https:\/\/leinfelder-juweler.com\/en\/wp-json\/wp\/v2\/product\/9118","targetHints":{"allow":["GET"]}}],"collection":[{"href":"https:\/\/leinfelder-juweler.com\/en\/wp-json\/wp\/v2\/product"}],"about":[{"href":"https:\/\/leinfelder-juweler.com\/en\/wp-json\/wp\/v2\/types\/product"}],"replies":[{"embeddable":true,"href":"https:\/\/leinfelder-juweler.com\/en\/wp-json\/wp\/v2\/comments?post=9118"}],"wp:featuredmedia":[{"embeddable":true,"href":"https:\/\/leinfelder-juweler.com\/en\/wp-json\/wp\/v2\/media\/10285"}],"wp:attachment":[{"href":"https:\/\/leinfelder-juweler.com\/en\/wp-json\/wp\/v2\/media?parent=9118"}],"wp:term":[{"taxonomy":"product_brand","embeddable":true,"href":"https:\/\/leinfelder-juweler.com\/en\/wp-json\/wp\/v2\/product_brand?post=9118"},{"taxonomy":"product_cat","embeddable":true,"href":"https:\/\/leinfelder-juweler.com\/en\/wp-json\/wp\/v2\/product_cat?post=9118"},{"taxonomy":"product_tag","embeddable":true,"href":"https:\/\/leinfelder-juweler.com\/en\/wp-json\/wp\/v2\/product_tag?post=9118"}],"curies":[{"name":"wp","href":"https:\/\/api.w.org\/{rel}","templated":true}]}}