{"id":9120,"date":"2025-11-20T18:11:54","date_gmt":"2025-11-20T15:11:54","guid":{"rendered":"https:\/\/leinfelder-juweler.com\/?post_type=product&#038;p=9120"},"modified":"2025-11-20T20:25:44","modified_gmt":"2025-11-20T17:25:44","slug":"vario-ohrschmuck-oberteile-mephisto-klein","status":"publish","type":"product","link":"https:\/\/leinfelder-juweler.com\/en\/product\/vario-ohrschmuck-oberteile-mephisto-klein\/","title":{"rendered":"Vario Ohrschmuck Oberteile Mephisto &#8211; klein"},"content":{"rendered":"<p><strong>Vario Ohrschmuck Oberteile kombinierbar mit verschiedenen Einh\u00e4ngern:<\/strong><\/p>\n<p><strong>Mephisto, klein<br \/><\/strong><\/p>\n<p><strong>Material: <\/strong>750 Yellow Gold<\/p>\n<p><strong>Ma\u00dfe: <\/strong>13,5 mm<\/p>\n<p><strong>Der Mephisto aus Goethes Faust gab die Inspiration f\u00fcr diese Ohrstecker aus unserer Vario- Kollektion.<\/strong><\/p>","protected":false},"excerpt":{"rendered":"<p>Vario Ohrschmuck Oberteile kombinierbar mit verschiedenen Einh\u00e4ngern: Mephisto, klein Material: 750 Gelbgold Ma\u00dfe: 13,5 mm Der Mephisto aus Goethes Faust gab die Inspiration f\u00fcr diese Ohrstecker aus unserer Vario- Kollektion.<\/p>","protected":false},"featured_media":10287,"comment_status":"open","ping_status":"closed","template":"","meta":{"_acf_changed":false,"_et_pb_use_builder":"","_et_pb_old_content":"","_et_gb_content_width":"","inline_featured_image":false},"product_brand":[332],"product_cat":[331],"product_tag":[],"class_list":{"0":"post-9120","1":"product","2":"type-product","3":"status-publish","4":"has-post-thumbnail","6":"product_brand-leinfelder","7":"product_cat-ohrschmuck","9":"first","10":"instock","11":"shipping-taxable","12":"purchasable","13":"product-type-simple"},"acf":[],"_links":{"self":[{"href":"https:\/\/leinfelder-juweler.com\/en\/wp-json\/wp\/v2\/product\/9120","targetHints":{"allow":["GET"]}}],"collection":[{"href":"https:\/\/leinfelder-juweler.com\/en\/wp-json\/wp\/v2\/product"}],"about":[{"href":"https:\/\/leinfelder-juweler.com\/en\/wp-json\/wp\/v2\/types\/product"}],"replies":[{"embeddable":true,"href":"https:\/\/leinfelder-juweler.com\/en\/wp-json\/wp\/v2\/comments?post=9120"}],"wp:featuredmedia":[{"embeddable":true,"href":"https:\/\/leinfelder-juweler.com\/en\/wp-json\/wp\/v2\/media\/10287"}],"wp:attachment":[{"href":"https:\/\/leinfelder-juweler.com\/en\/wp-json\/wp\/v2\/media?parent=9120"}],"wp:term":[{"taxonomy":"product_brand","embeddable":true,"href":"https:\/\/leinfelder-juweler.com\/en\/wp-json\/wp\/v2\/product_brand?post=9120"},{"taxonomy":"product_cat","embeddable":true,"href":"https:\/\/leinfelder-juweler.com\/en\/wp-json\/wp\/v2\/product_cat?post=9120"},{"taxonomy":"product_tag","embeddable":true,"href":"https:\/\/leinfelder-juweler.com\/en\/wp-json\/wp\/v2\/product_tag?post=9120"}],"curies":[{"name":"wp","href":"https:\/\/api.w.org\/{rel}","templated":true}]}}