{"id":9128,"date":"2025-11-20T18:11:56","date_gmt":"2025-11-20T15:11:56","guid":{"rendered":"https:\/\/leinfelder-juweler.com\/?post_type=product&#038;p=9128"},"modified":"2025-11-20T20:26:36","modified_gmt":"2025-11-20T17:26:36","slug":"anhaenger-750-gelbgold-mit-brillant-und-perle","status":"publish","type":"product","link":"https:\/\/leinfelder-juweler.com\/en\/product\/anhaenger-750-gelbgold-mit-brillant-und-perle\/","title":{"rendered":"Anh\u00e4nger 750 Gelbgold mit Brillant und Perle"},"content":{"rendered":"<p data-mce-fragment=\"1\"><strong>Anh\u00e4nger 750 Gelbgold mit\u00a0Brillant und\u00a0<span data-mce-fragment=\"1\">S\u00fc\u00dfwasserperle<\/span><span data-mce-fragment=\"1\"><\/span><\/strong><\/p>\n<p data-mce-fragment=\"1\"><strong>Material: <\/strong>750 Yellow Gold<\/p>\n<p data-mce-fragment=\"1\"><strong>Stones:\u00a0<\/strong>Brillant 0,06 ct<span>\u00a0 <\/span>tw vsi\u00a0und eine\u00a0S\u00fc\u00dfwasserperle \u00d8 11,2mm<\/p>\n<p data-mce-fragment=\"1\"><strong>Die schimmernde S\u00fc\u00dfwasserperle verbindet sich mit dem schlichten Kreuz zu einem zauberhaften Anh\u00e4nger. Der Brillant sorgt f\u00fcr zus\u00e4tzliche Spannung.<\/strong><\/p>","protected":false},"excerpt":{"rendered":"<p>Anh\u00e4nger 750 Gelbgold mit\u00a0Brillant und\u00a0S\u00fc\u00dfwasserperle Material: 750 Gelbgold Steine:\u00a0Brillant 0,06 ct\u00a0 tw vsi\u00a0und eine\u00a0S\u00fc\u00dfwasserperle \u00d8 11,2mm Die schimmernde S\u00fc\u00dfwasserperle verbindet sich mit dem schlichten Kreuz zu einem zauberhaften Anh\u00e4nger. Der Brillant sorgt f\u00fcr zus\u00e4tzliche Spannung.<\/p>","protected":false},"featured_media":10295,"comment_status":"open","ping_status":"closed","template":"","meta":{"_acf_changed":false,"_et_pb_use_builder":"","_et_pb_old_content":"","_et_gb_content_width":"","inline_featured_image":false},"product_brand":[332],"product_cat":[333],"product_tag":[],"class_list":{"0":"post-9128","1":"product","2":"type-product","3":"status-publish","4":"has-post-thumbnail","6":"product_brand-leinfelder","7":"product_cat-halsschmuck","9":"first","10":"instock","11":"shipping-taxable","12":"purchasable","13":"product-type-simple"},"acf":[],"_links":{"self":[{"href":"https:\/\/leinfelder-juweler.com\/en\/wp-json\/wp\/v2\/product\/9128","targetHints":{"allow":["GET"]}}],"collection":[{"href":"https:\/\/leinfelder-juweler.com\/en\/wp-json\/wp\/v2\/product"}],"about":[{"href":"https:\/\/leinfelder-juweler.com\/en\/wp-json\/wp\/v2\/types\/product"}],"replies":[{"embeddable":true,"href":"https:\/\/leinfelder-juweler.com\/en\/wp-json\/wp\/v2\/comments?post=9128"}],"wp:featuredmedia":[{"embeddable":true,"href":"https:\/\/leinfelder-juweler.com\/en\/wp-json\/wp\/v2\/media\/10295"}],"wp:attachment":[{"href":"https:\/\/leinfelder-juweler.com\/en\/wp-json\/wp\/v2\/media?parent=9128"}],"wp:term":[{"taxonomy":"product_brand","embeddable":true,"href":"https:\/\/leinfelder-juweler.com\/en\/wp-json\/wp\/v2\/product_brand?post=9128"},{"taxonomy":"product_cat","embeddable":true,"href":"https:\/\/leinfelder-juweler.com\/en\/wp-json\/wp\/v2\/product_cat?post=9128"},{"taxonomy":"product_tag","embeddable":true,"href":"https:\/\/leinfelder-juweler.com\/en\/wp-json\/wp\/v2\/product_tag?post=9128"}],"curies":[{"name":"wp","href":"https:\/\/api.w.org\/{rel}","templated":true}]}}