{"id":9130,"date":"2025-11-20T18:11:57","date_gmt":"2025-11-20T15:11:57","guid":{"rendered":"https:\/\/leinfelder-juweler.com\/?post_type=product&#038;p=9130"},"modified":"2025-11-20T20:26:49","modified_gmt":"2025-11-20T17:26:49","slug":"ring-750-rosegold-mit-morganit","status":"publish","type":"product","link":"https:\/\/leinfelder-juweler.com\/en\/product\/ring-750-rosegold-mit-morganit\/","title":{"rendered":"Ring 750 Ros\u00e9gold mit Morganit"},"content":{"rendered":"<p data-mce-fragment=\"1\"><strong>Ring 750 Ros\u00e9gold mit Morganit <\/strong><\/p>\n<p data-mce-fragment=\"1\"><strong>Material: <\/strong>750 Ros\u00e9gold<\/p>\n<p data-mce-fragment=\"1\"><strong>Stein:\u00a0<\/strong>Morganit<span>\u00a0 <\/span>38,50 ct<span>\u00a0 <\/span>Iaa++\u00a024,5 x 19,5 mm facettiert oval<\/p>\n<div data-mce-fragment=\"1\"><strong><\/strong><\/div>\n<p><b>Hinweis: <\/b>Unsere Ringe sind in der angegebenen Gr\u00f6\u00dfe sofort lieferbar. Sollten sie sich einen Ring in einer anderen Gr\u00f6\u00dfe w\u00fcnschen, kontaktieren sie uns bitte. Wir informieren sie gerne \u00fcber die M\u00f6glichkeit und Dauer von Gr\u00f6\u00dfenanpassungen.<\/p>\n<div data-mce-fragment=\"1\"><strong>Viva la Diva! <\/strong><\/div>\n<div data-mce-fragment=\"1\"><strong>Der prachtvolle Morganit kommt in dieser ungew\u00f6hnlich dynamischen Fassung perfekt zur Geltung.<\/strong><\/div>","protected":false},"excerpt":{"rendered":"<p>Ring 750 Ros\u00e9gold mit Morganit Material: 750 Ros\u00e9gold Stein:\u00a0Morganit\u00a0 38,50 ct\u00a0 Iaa++\u00a024,5 x 19,5 mm facettiert oval Hinweis: Unsere Ringe sind in der angegebenen Gr\u00f6\u00dfe sofort lieferbar. Sollten sie sich einen Ring in einer anderen Gr\u00f6\u00dfe w\u00fcnschen, kontaktieren sie uns bitte. Wir informieren sie gerne \u00fcber die M\u00f6glichkeit und Dauer von Gr\u00f6\u00dfenanpassungen. Viva la Diva! [&hellip;]<\/p>","protected":false},"featured_media":10297,"comment_status":"open","ping_status":"closed","template":"","meta":{"_acf_changed":false,"_et_pb_use_builder":"","_et_pb_old_content":"","_et_gb_content_width":"","inline_featured_image":false},"product_brand":[332],"product_cat":[295],"product_tag":[],"class_list":{"0":"post-9130","1":"product","2":"type-product","3":"status-publish","4":"has-post-thumbnail","6":"product_brand-leinfelder","7":"product_cat-ringe","9":"first","10":"outofstock","11":"shipping-taxable","12":"purchasable","13":"product-type-simple"},"acf":[],"_links":{"self":[{"href":"https:\/\/leinfelder-juweler.com\/en\/wp-json\/wp\/v2\/product\/9130","targetHints":{"allow":["GET"]}}],"collection":[{"href":"https:\/\/leinfelder-juweler.com\/en\/wp-json\/wp\/v2\/product"}],"about":[{"href":"https:\/\/leinfelder-juweler.com\/en\/wp-json\/wp\/v2\/types\/product"}],"replies":[{"embeddable":true,"href":"https:\/\/leinfelder-juweler.com\/en\/wp-json\/wp\/v2\/comments?post=9130"}],"wp:featuredmedia":[{"embeddable":true,"href":"https:\/\/leinfelder-juweler.com\/en\/wp-json\/wp\/v2\/media\/10297"}],"wp:attachment":[{"href":"https:\/\/leinfelder-juweler.com\/en\/wp-json\/wp\/v2\/media?parent=9130"}],"wp:term":[{"taxonomy":"product_brand","embeddable":true,"href":"https:\/\/leinfelder-juweler.com\/en\/wp-json\/wp\/v2\/product_brand?post=9130"},{"taxonomy":"product_cat","embeddable":true,"href":"https:\/\/leinfelder-juweler.com\/en\/wp-json\/wp\/v2\/product_cat?post=9130"},{"taxonomy":"product_tag","embeddable":true,"href":"https:\/\/leinfelder-juweler.com\/en\/wp-json\/wp\/v2\/product_tag?post=9130"}],"curies":[{"name":"wp","href":"https:\/\/api.w.org\/{rel}","templated":true}]}}