{"id":9132,"date":"2025-11-20T18:12:13","date_gmt":"2025-11-20T15:12:13","guid":{"rendered":"https:\/\/leinfelder-juweler.com\/?post_type=product&#038;p=9132"},"modified":"2025-11-20T20:27:01","modified_gmt":"2025-11-20T17:27:01","slug":"anhaenger-750-gelbgold-mit-ebenholzzapfen","status":"publish","type":"product","link":"https:\/\/leinfelder-juweler.com\/en\/product\/anhaenger-750-gelbgold-mit-ebenholzzapfen\/","title":{"rendered":"Anh\u00e4nger 750 Gelbgold mit Ebenholzzapfen"},"content":{"rendered":"<p><strong>Anh\u00e4nger\u00a0750 Gelbgold mit Ebenholzzapfen<br \/><\/strong><\/p>\n<p><strong>Material: <\/strong>750 Yellow Gold<\/p>\n<p><strong>Element:\u00a0<\/strong>Ebenholzzapfen 35 x 16 mm<\/p>\n<div>\n<p class=\"MsoNormal\" style=\"margin-bottom: .0001pt;\"><strong><span style=\"font-family: 'Calibri',sans-serif; mso-ascii-theme-font: minor-latin; mso-hansi-theme-font: minor-latin; mso-bidi-font-family: 'Times New Roman'; mso-bidi-theme-font: minor-bidi;\">Ebenholz und Gold: Zeitlose Harmonie.<\/span><\/strong><br \/><strong><span style=\"font-family: 'Calibri',sans-serif; mso-ascii-theme-font: minor-latin; mso-hansi-theme-font: minor-latin; mso-bidi-font-family: 'Times New Roman'; mso-bidi-theme-font: minor-bidi;\">Unsere &#8218;Ebenholz&#8216;-Kollektion verbindet die tiefe, dunkle Eleganz von Ebenholz mit der W\u00e4rme des Goldes. Jedes St\u00fcck ist ein Ausdruck von nat\u00fcrlicher Sch\u00f6nheit und handwerklicher Perfektion.<\/span><\/strong><\/p>\n<\/div>\n<p>\u00a0<\/p>","protected":false},"excerpt":{"rendered":"<p>Anh\u00e4nger\u00a0750 Gelbgold mit Ebenholzzapfen Material: 750 Gelbgold Element:\u00a0Ebenholzzapfen 35 x 16 mm Ebenholz und Gold: Zeitlose Harmonie.Unsere &#8218;Ebenholz&#8216;-Kollektion verbindet die tiefe, dunkle Eleganz von Ebenholz mit der W\u00e4rme des Goldes. Jedes St\u00fcck ist ein Ausdruck von nat\u00fcrlicher Sch\u00f6nheit und handwerklicher Perfektion. \u00a0<\/p>","protected":false},"featured_media":10299,"comment_status":"open","ping_status":"closed","template":"","meta":{"_acf_changed":false,"_et_pb_use_builder":"","_et_pb_old_content":"","_et_gb_content_width":"","inline_featured_image":false},"product_brand":[332],"product_cat":[333],"product_tag":[],"class_list":{"0":"post-9132","1":"product","2":"type-product","3":"status-publish","4":"has-post-thumbnail","6":"product_brand-leinfelder","7":"product_cat-halsschmuck","9":"first","10":"instock","11":"shipping-taxable","12":"purchasable","13":"product-type-simple"},"acf":[],"_links":{"self":[{"href":"https:\/\/leinfelder-juweler.com\/en\/wp-json\/wp\/v2\/product\/9132","targetHints":{"allow":["GET"]}}],"collection":[{"href":"https:\/\/leinfelder-juweler.com\/en\/wp-json\/wp\/v2\/product"}],"about":[{"href":"https:\/\/leinfelder-juweler.com\/en\/wp-json\/wp\/v2\/types\/product"}],"replies":[{"embeddable":true,"href":"https:\/\/leinfelder-juweler.com\/en\/wp-json\/wp\/v2\/comments?post=9132"}],"wp:featuredmedia":[{"embeddable":true,"href":"https:\/\/leinfelder-juweler.com\/en\/wp-json\/wp\/v2\/media\/10299"}],"wp:attachment":[{"href":"https:\/\/leinfelder-juweler.com\/en\/wp-json\/wp\/v2\/media?parent=9132"}],"wp:term":[{"taxonomy":"product_brand","embeddable":true,"href":"https:\/\/leinfelder-juweler.com\/en\/wp-json\/wp\/v2\/product_brand?post=9132"},{"taxonomy":"product_cat","embeddable":true,"href":"https:\/\/leinfelder-juweler.com\/en\/wp-json\/wp\/v2\/product_cat?post=9132"},{"taxonomy":"product_tag","embeddable":true,"href":"https:\/\/leinfelder-juweler.com\/en\/wp-json\/wp\/v2\/product_tag?post=9132"}],"curies":[{"name":"wp","href":"https:\/\/api.w.org\/{rel}","templated":true}]}}