{"id":9133,"date":"2025-11-20T18:12:13","date_gmt":"2025-11-20T15:12:13","guid":{"rendered":"https:\/\/leinfelder-juweler.com\/?post_type=product&#038;p=9133"},"modified":"2025-11-20T20:27:07","modified_gmt":"2025-11-20T17:27:07","slug":"anhaenger-750-gelbgold-mit-mandaringranat-spinellstraengen-und-perlchen","status":"publish","type":"product","link":"https:\/\/leinfelder-juweler.com\/en\/product\/anhaenger-750-gelbgold-mit-mandaringranat-spinellstraengen-und-perlchen\/","title":{"rendered":"Anh\u00e4nger 750 Gelbgold mit Mandaringranat, Spinellstr\u00e4ngen und Perlchen"},"content":{"rendered":"<p data-mce-fragment=\"1\"><strong>Anh\u00e4nger Gelbgold mit Mandaringranat, Spinellstr\u00e4ngen und Perlchen<\/strong><\/p>\n<p data-mce-fragment=\"1\"><strong>Material: <\/strong>750 Yellow Gold<\/p>\n<p data-mce-fragment=\"1\"><strong>Stones:\u00a0<\/strong>0,67 ct Mandaringranat\u00a0\u00d8 5 mm rund facettiert,\u00a019 Spinellstr\u00e4ngen \u00d8 3-3,4 mm\u00a0und\u00a019 FW-Perlchen \u00d8 2,5 mm<\/p>\n<p><strong>Spielerisch tanzen die feuerroten Spinellkugeln, gehalten von ihrer Goldkappe. Winzige Perlchen bilden den Abschlu\u00df der einzelnen Str\u00e4nge. F\u00fcr eine reizvolle Farbkombination sorgt der orange Mandaringranat im Brillantschliff.<\/strong><\/p>\n<p data-mce-fragment=\"1\">\u00a0<\/p>\n<p><strong>Passend zu diesem Anh\u00e4nger empfehlen wir eine der folgenden Ketten: <\/strong><\/p>\n<p><strong>Ovale Erbskette 4,4 mm \/ 63 cm:<\/strong><\/p>\n<p><a href=\"https:\/\/shop.leinfelder-goldschmiede.de\/products\/ovale-erbskette-4-4-63-cm\"><img decoding=\"async\" alt=\"Ovale Erbskette  4,4 mm \/ 63 cm\" src=\"https:\/\/cdn.shopify.com\/s\/files\/1\/0537\/7205\/8797\/files\/38_55_19_D_4_4_zugeschnitten.jpg?v=1616745740\" rel=\"noopener\" target=\"_blank\"><\/a><\/p>\n<p><strong>Schn\u00fcre 5-reihig 5,4 mm \/ 45 cm:<\/strong><\/p>\n<p><a href=\"https:\/\/shop.leinfelder-goldschmiede.de\/products\/schnure-5-reihig-5-4-mm-45-cm\"><img decoding=\"async\" alt=\"Schn\u00fcre 5-reihig 5,4 mm \/ 45 cm\" src=\"https:\/\/cdn.shopify.com\/s\/files\/1\/0537\/7205\/8797\/files\/97_55_112_Schnuere_5-reihig_zugeschnitten.jpg?v=1616748901\"><\/a><\/p>\n<p><strong>Satinband mit Bajonett 2,7 mm \/ 50 cm:<\/strong><\/p>\n<p><a href=\"https:\/\/shop.leinfelder-goldschmiede.de\/products\/satinband-mit-bajonett-2-7-mm-50-cm\"><img decoding=\"async\" alt=\"Satinband mit Bajonett 2,7 mm \/ 50 cm\" src=\"https:\/\/cdn.shopify.com\/s\/files\/1\/0537\/7205\/8797\/files\/97_55_433_Satinband_mit_Bajonett_2_7_mm_zugeschnitten.jpg?v=1616748928\"><\/a><\/p>","protected":false},"excerpt":{"rendered":"<p>Anh\u00e4nger Gelbgold mit Mandaringranat, Spinellstr\u00e4ngen und Perlchen Material: 750 Gelbgold Steine:\u00a00,67 ct Mandaringranat\u00a0\u00d8 5 mm rund facettiert,\u00a019 Spinellstr\u00e4ngen \u00d8 3-3,4 mm\u00a0und\u00a019 FW-Perlchen \u00d8 2,5 mm Spielerisch tanzen die feuerroten Spinellkugeln, gehalten von ihrer Goldkappe. Winzige Perlchen bilden den Abschlu\u00df der einzelnen Str\u00e4nge. F\u00fcr eine reizvolle Farbkombination sorgt der orange Mandaringranat im Brillantschliff. \u00a0 Passend zu [&hellip;]<\/p>","protected":false},"featured_media":10300,"comment_status":"open","ping_status":"closed","template":"","meta":{"_acf_changed":false,"_et_pb_use_builder":"","_et_pb_old_content":"","_et_gb_content_width":"","inline_featured_image":false},"product_brand":[332],"product_cat":[333],"product_tag":[],"class_list":{"0":"post-9133","1":"product","2":"type-product","3":"status-publish","4":"has-post-thumbnail","6":"product_brand-leinfelder","7":"product_cat-halsschmuck","9":"first","10":"outofstock","11":"shipping-taxable","12":"purchasable","13":"product-type-simple"},"acf":[],"_links":{"self":[{"href":"https:\/\/leinfelder-juweler.com\/en\/wp-json\/wp\/v2\/product\/9133","targetHints":{"allow":["GET"]}}],"collection":[{"href":"https:\/\/leinfelder-juweler.com\/en\/wp-json\/wp\/v2\/product"}],"about":[{"href":"https:\/\/leinfelder-juweler.com\/en\/wp-json\/wp\/v2\/types\/product"}],"replies":[{"embeddable":true,"href":"https:\/\/leinfelder-juweler.com\/en\/wp-json\/wp\/v2\/comments?post=9133"}],"wp:featuredmedia":[{"embeddable":true,"href":"https:\/\/leinfelder-juweler.com\/en\/wp-json\/wp\/v2\/media\/10300"}],"wp:attachment":[{"href":"https:\/\/leinfelder-juweler.com\/en\/wp-json\/wp\/v2\/media?parent=9133"}],"wp:term":[{"taxonomy":"product_brand","embeddable":true,"href":"https:\/\/leinfelder-juweler.com\/en\/wp-json\/wp\/v2\/product_brand?post=9133"},{"taxonomy":"product_cat","embeddable":true,"href":"https:\/\/leinfelder-juweler.com\/en\/wp-json\/wp\/v2\/product_cat?post=9133"},{"taxonomy":"product_tag","embeddable":true,"href":"https:\/\/leinfelder-juweler.com\/en\/wp-json\/wp\/v2\/product_tag?post=9133"}],"curies":[{"name":"wp","href":"https:\/\/api.w.org\/{rel}","templated":true}]}}