{"id":9134,"date":"2025-11-20T18:12:13","date_gmt":"2025-11-20T15:12:13","guid":{"rendered":"https:\/\/leinfelder-juweler.com\/?post_type=product&#038;p=9134"},"modified":"2025-11-20T20:27:15","modified_gmt":"2025-11-20T17:27:15","slug":"anhaenger-750-gelbgold-mit-brillant-2","status":"publish","type":"product","link":"https:\/\/leinfelder-juweler.com\/en\/product\/anhaenger-750-gelbgold-mit-brillant-2\/","title":{"rendered":"Anh\u00e4nger 750 Gelbgold mit Brillant"},"content":{"rendered":"<p data-mce-fragment=\"1\"><strong>Anh\u00e4nger 750 Gelbgold mit\u00a0Brillant in doppelter Knopffassung mit Kette<\/strong><\/p>\n<p data-mce-fragment=\"1\"><strong>Material: <\/strong>750 Gelbgold, Innenfassung 750 Wei\u00dfgold<\/p>\n<p data-mce-fragment=\"1\"><strong>Stein:\u00a0<\/strong>Brillant \u00d8 5,1mm = 0,51 ct G vs2\u00a0GIA 2376127620<\/p>\n<p data-mce-fragment=\"1\"><strong>Kette:\u00a0<\/strong><span lang=\"EN-US\" data-mce-fragment=\"1\">Rundankerkette 1,3mm \/ 42 cm durchlaufend<\/span><span data-mce-fragment=\"1\"><\/span><\/p>\n<p class=\"MsoNormal\" style=\"margin-bottom: .0001pt;\"><b style=\"mso-bidi-font-weight: normal;\"><span style=\"mso-bidi-font-family: Calibri; mso-bidi-theme-font: minor-latin;\">Ein Solit\u00e4ranh\u00e4nger verk\u00f6rpert pure Eleganz und zeitlose Raffinesse. Im Mittelpunkt steht ein einziger, pr\u00e4chtig funkelnder Edelstein, der sanft an einer filigranen Kette h\u00e4ngt und durch seine Schlichtheit besonders edel wirkt. Der Stein \u2013 oft ein funkelnder Diamant \u2013 ist meisterhaft gefasst, sodass er das Licht in einem atemberaubenden Spiel einf\u00e4ngt und reflektiert. Dieser Anh\u00e4nger symbolisiert die Klarheit und Reinheit der Liebe, weshalb er gerne als Geschenk f\u00fcr unvergessliche Momente gew\u00e4hlt wird.<\/span><\/b><\/p>\n<p data-mce-fragment=\"1\"><strong><br \/><\/strong><\/p>","protected":false},"excerpt":{"rendered":"<p>Anh\u00e4nger 750 Gelbgold mit\u00a0Brillant in doppelter Knopffassung mit Kette Material: 750 Gelbgold, Innenfassung 750 Wei\u00dfgold Stein:\u00a0Brillant \u00d8 5,1mm = 0,51 ct G vs2\u00a0GIA 2376127620 Kette:\u00a0Rundankerkette 1,3mm \/ 42 cm durchlaufend Ein Solit\u00e4ranh\u00e4nger verk\u00f6rpert pure Eleganz und zeitlose Raffinesse. Im Mittelpunkt steht ein einziger, pr\u00e4chtig funkelnder Edelstein, der sanft an einer filigranen Kette h\u00e4ngt und durch [&hellip;]<\/p>","protected":false},"featured_media":10301,"comment_status":"open","ping_status":"closed","template":"","meta":{"_acf_changed":false,"_et_pb_use_builder":"","_et_pb_old_content":"","_et_gb_content_width":"","inline_featured_image":false},"product_brand":[332],"product_cat":[333],"product_tag":[],"class_list":{"0":"post-9134","1":"product","2":"type-product","3":"status-publish","4":"has-post-thumbnail","6":"product_brand-leinfelder","7":"product_cat-halsschmuck","9":"first","10":"outofstock","11":"shipping-taxable","12":"purchasable","13":"product-type-simple"},"acf":[],"_links":{"self":[{"href":"https:\/\/leinfelder-juweler.com\/en\/wp-json\/wp\/v2\/product\/9134","targetHints":{"allow":["GET"]}}],"collection":[{"href":"https:\/\/leinfelder-juweler.com\/en\/wp-json\/wp\/v2\/product"}],"about":[{"href":"https:\/\/leinfelder-juweler.com\/en\/wp-json\/wp\/v2\/types\/product"}],"replies":[{"embeddable":true,"href":"https:\/\/leinfelder-juweler.com\/en\/wp-json\/wp\/v2\/comments?post=9134"}],"wp:featuredmedia":[{"embeddable":true,"href":"https:\/\/leinfelder-juweler.com\/en\/wp-json\/wp\/v2\/media\/10301"}],"wp:attachment":[{"href":"https:\/\/leinfelder-juweler.com\/en\/wp-json\/wp\/v2\/media?parent=9134"}],"wp:term":[{"taxonomy":"product_brand","embeddable":true,"href":"https:\/\/leinfelder-juweler.com\/en\/wp-json\/wp\/v2\/product_brand?post=9134"},{"taxonomy":"product_cat","embeddable":true,"href":"https:\/\/leinfelder-juweler.com\/en\/wp-json\/wp\/v2\/product_cat?post=9134"},{"taxonomy":"product_tag","embeddable":true,"href":"https:\/\/leinfelder-juweler.com\/en\/wp-json\/wp\/v2\/product_tag?post=9134"}],"curies":[{"name":"wp","href":"https:\/\/api.w.org\/{rel}","templated":true}]}}