{"id":9139,"date":"2025-11-20T18:12:15","date_gmt":"2025-11-20T15:12:15","guid":{"rendered":"https:\/\/leinfelder-juweler.com\/?post_type=product&#038;p=9139"},"modified":"2025-11-20T20:27:48","modified_gmt":"2025-11-20T17:27:48","slug":"ring-mit-ebenholz-und-brillanten","status":"publish","type":"product","link":"https:\/\/leinfelder-juweler.com\/en\/product\/ring-mit-ebenholz-und-brillanten\/","title":{"rendered":"Ring mit Ebenholz und Brillanten"},"content":{"rendered":"<p style=\"margin-bottom: .0001pt;\" class=\"MsoNormal\"><\/p>\n<p><strong><\/strong><strong>Material: <\/strong>750 Wei\u00dfgold, Ebenholz<\/p>\n<p><strong>Stones: <\/strong><span style=\"mso-fareast-font-family: 'Times New Roman'; mso-bidi-font-family: Calibri; mso-bidi-theme-font: minor-latin; mso-ansi-language: EN-US; mso-fareast-language: DE;\" lang=\"EN-US\">Ein Brillant <span style=\"mso-spacerun: yes;\">\u00a0<\/span>\u00d8 7,8 mm = 2,03 ct natur si <span style=\"mso-spacerun: yes;\">\u00a0<\/span>und 126 braune Brillanten\u00a0<\/span><span style=\"mso-fareast-font-family: 'Times New Roman'; mso-bidi-font-family: Calibri; mso-bidi-theme-font: minor-latin; mso-ansi-language: EN-US; mso-fareast-language: DE;\" lang=\"EN-US\">\u00d8 1,2 \u2013 1,4 mm, gesamt 0,80 ct<\/span><span style=\"mso-bidi-font-family: Calibri; mso-bidi-theme-font: minor-latin;\"><\/span><\/p>\n<p style=\"margin-bottom: .0001pt;\" class=\"MsoNormal\">\u00a0<\/p>\n<p><strong><\/strong><b>Hinweis: <\/b>Unsere Ringe sind in der angegebenen Gr\u00f6\u00dfe sofort lieferbar. Sollten sie sich einen Ring in einer anderen Gr\u00f6\u00dfe w\u00fcnschen, kontaktieren sie uns bitte. Wir informieren sie gerne \u00fcber die M\u00f6glichkeit und Dauer von Gr\u00f6\u00dfenanpassungen.<\/p>\n<p style=\"margin-bottom: .0001pt;\" class=\"MsoNormal\"><strong>Edles Wei\u00dfgold trifft auf tiefes Ebenholz \u2013 ein spannender Kontrast, der durch funkelnde braune Diamanten vollendet wird. Ein Unikat, das W\u00e4rme, Eleganz und Individualit\u00e4t vereint.<\/strong><span style=\"mso-bidi-font-family: Calibri; mso-bidi-theme-font: minor-latin;\"><\/span><\/p>\n<p class=\"MsoNormal\" style=\"margin-bottom: .0001pt;\">\u00a0<\/p>\n<p>\u00a0<\/p>\n<p><\/p>","protected":false},"excerpt":{"rendered":"<p>Material: 750 Wei\u00dfgold, Ebenholz Steine: Ein Brillant \u00a0\u00d8 7,8 mm = 2,03 ct natur si \u00a0und 126 braune Brillanten\u00a0\u00d8 1,2 \u2013 1,4 mm, gesamt 0,80 ct \u00a0 Hinweis: Unsere Ringe sind in der angegebenen Gr\u00f6\u00dfe sofort lieferbar. Sollten sie sich einen Ring in einer anderen Gr\u00f6\u00dfe w\u00fcnschen, kontaktieren sie uns bitte. Wir informieren sie gerne [&hellip;]<\/p>","protected":false},"featured_media":10306,"comment_status":"open","ping_status":"closed","template":"","meta":{"_acf_changed":false,"_et_pb_use_builder":"","_et_pb_old_content":"","_et_gb_content_width":"","inline_featured_image":false},"product_brand":[332],"product_cat":[295],"product_tag":[302],"class_list":{"0":"post-9139","1":"product","2":"type-product","3":"status-publish","4":"has-post-thumbnail","6":"product_brand-leinfelder","7":"product_cat-ringe","8":"product_tag-ebenholz","10":"first","11":"outofstock","12":"shipping-taxable","13":"purchasable","14":"product-type-simple"},"acf":[],"_links":{"self":[{"href":"https:\/\/leinfelder-juweler.com\/en\/wp-json\/wp\/v2\/product\/9139","targetHints":{"allow":["GET"]}}],"collection":[{"href":"https:\/\/leinfelder-juweler.com\/en\/wp-json\/wp\/v2\/product"}],"about":[{"href":"https:\/\/leinfelder-juweler.com\/en\/wp-json\/wp\/v2\/types\/product"}],"replies":[{"embeddable":true,"href":"https:\/\/leinfelder-juweler.com\/en\/wp-json\/wp\/v2\/comments?post=9139"}],"wp:featuredmedia":[{"embeddable":true,"href":"https:\/\/leinfelder-juweler.com\/en\/wp-json\/wp\/v2\/media\/10306"}],"wp:attachment":[{"href":"https:\/\/leinfelder-juweler.com\/en\/wp-json\/wp\/v2\/media?parent=9139"}],"wp:term":[{"taxonomy":"product_brand","embeddable":true,"href":"https:\/\/leinfelder-juweler.com\/en\/wp-json\/wp\/v2\/product_brand?post=9139"},{"taxonomy":"product_cat","embeddable":true,"href":"https:\/\/leinfelder-juweler.com\/en\/wp-json\/wp\/v2\/product_cat?post=9139"},{"taxonomy":"product_tag","embeddable":true,"href":"https:\/\/leinfelder-juweler.com\/en\/wp-json\/wp\/v2\/product_tag?post=9139"}],"curies":[{"name":"wp","href":"https:\/\/api.w.org\/{rel}","templated":true}]}}