{"id":9141,"date":"2025-11-20T18:12:16","date_gmt":"2025-11-20T15:12:16","guid":{"rendered":"https:\/\/leinfelder-juweler.com\/?post_type=product&#038;p=9141"},"modified":"2025-11-20T20:28:00","modified_gmt":"2025-11-20T17:28:00","slug":"ring-mit-schlangenholz","status":"publish","type":"product","link":"https:\/\/leinfelder-juweler.com\/en\/product\/ring-mit-schlangenholz\/","title":{"rendered":"Ring mit Schlangenholz"},"content":{"rendered":"<p><strong><\/strong><strong>Material: <\/strong>750 Gelbgold,\u00a0Schlangenholz<\/p>\n<p><strong>Ma\u00dfe: <\/strong>10 x 3,45 mm gew\u00f6lbte\u00a0Form\u00a0<\/p>\n<p><strong><\/strong><b data-mce-fragment=\"1\">Hinweis: <\/b>Unsere Ringe sind in der angegebenen Gr\u00f6\u00dfe sofort lieferbar. Sollten sie sich einen Ring in einer anderen Gr\u00f6\u00dfe w\u00fcnschen, kontaktieren sie uns bitte. Wir informieren sie gerne \u00fcber die M\u00f6glichkeit und Dauer von Gr\u00f6\u00dfenanpassungen.<\/p>\n<div><strong>Gemasertes Schlangenholz, eingebettet in warmes Gelbgold bewirkt den Charme dieses Ringes.<\/strong><\/div>\n<div><strong>Der Querschnitt ist oval, die Innenfl\u00e4che ist leicht gew\u00f6lbt und poliert \u2013 das sorgt f\u00fcr den wunderbaren Tragekomfort.<\/strong><\/div>\n<p><\/p>","protected":false},"excerpt":{"rendered":"<p>Material: 750 Gelbgold,\u00a0Schlangenholz Ma\u00dfe: 10 x 3,45 mm gew\u00f6lbte\u00a0Form\u00a0 Hinweis: Unsere Ringe sind in der angegebenen Gr\u00f6\u00dfe sofort lieferbar. Sollten sie sich einen Ring in einer anderen Gr\u00f6\u00dfe w\u00fcnschen, kontaktieren sie uns bitte. Wir informieren sie gerne \u00fcber die M\u00f6glichkeit und Dauer von Gr\u00f6\u00dfenanpassungen. Gemasertes Schlangenholz, eingebettet in warmes Gelbgold bewirkt den Charme dieses Ringes. [&hellip;]<\/p>","protected":false},"featured_media":10308,"comment_status":"open","ping_status":"closed","template":"","meta":{"_acf_changed":false,"_et_pb_use_builder":"","_et_pb_old_content":"","_et_gb_content_width":"","inline_featured_image":false},"product_brand":[332],"product_cat":[295],"product_tag":[],"class_list":{"0":"post-9141","1":"product","2":"type-product","3":"status-publish","4":"has-post-thumbnail","6":"product_brand-leinfelder","7":"product_cat-ringe","9":"first","10":"outofstock","11":"shipping-taxable","12":"purchasable","13":"product-type-simple"},"acf":[],"_links":{"self":[{"href":"https:\/\/leinfelder-juweler.com\/en\/wp-json\/wp\/v2\/product\/9141","targetHints":{"allow":["GET"]}}],"collection":[{"href":"https:\/\/leinfelder-juweler.com\/en\/wp-json\/wp\/v2\/product"}],"about":[{"href":"https:\/\/leinfelder-juweler.com\/en\/wp-json\/wp\/v2\/types\/product"}],"replies":[{"embeddable":true,"href":"https:\/\/leinfelder-juweler.com\/en\/wp-json\/wp\/v2\/comments?post=9141"}],"wp:featuredmedia":[{"embeddable":true,"href":"https:\/\/leinfelder-juweler.com\/en\/wp-json\/wp\/v2\/media\/10308"}],"wp:attachment":[{"href":"https:\/\/leinfelder-juweler.com\/en\/wp-json\/wp\/v2\/media?parent=9141"}],"wp:term":[{"taxonomy":"product_brand","embeddable":true,"href":"https:\/\/leinfelder-juweler.com\/en\/wp-json\/wp\/v2\/product_brand?post=9141"},{"taxonomy":"product_cat","embeddable":true,"href":"https:\/\/leinfelder-juweler.com\/en\/wp-json\/wp\/v2\/product_cat?post=9141"},{"taxonomy":"product_tag","embeddable":true,"href":"https:\/\/leinfelder-juweler.com\/en\/wp-json\/wp\/v2\/product_tag?post=9141"}],"curies":[{"name":"wp","href":"https:\/\/api.w.org\/{rel}","templated":true}]}}