{"id":9142,"date":"2025-11-20T18:12:16","date_gmt":"2025-11-20T15:12:16","guid":{"rendered":"https:\/\/leinfelder-juweler.com\/?post_type=product&#038;p=9142"},"modified":"2025-11-20T20:28:09","modified_gmt":"2025-11-20T17:28:09","slug":"ring-mit-ebenholz-2","status":"publish","type":"product","link":"https:\/\/leinfelder-juweler.com\/en\/product\/ring-mit-ebenholz-2\/","title":{"rendered":"Ring mit Ebenholz"},"content":{"rendered":"<p><strong><\/strong><strong>Material: <\/strong>750 Rotgold, Ebenholz<\/p>\n<p><strong>Ma\u00dfe: <\/strong>10 x 3,1 mm gew\u00f6lbte\u00a0Form\u00a0<\/p>\n<p><strong><\/strong><b data-mce-fragment=\"1\">Hinweis: <\/b>Unsere Ringe sind in der angegebenen Gr\u00f6\u00dfe sofort lieferbar. Sollten sie sich einen Ring in einer anderen Gr\u00f6\u00dfe w\u00fcnschen, kontaktieren sie uns bitte. Wir informieren sie gerne \u00fcber die M\u00f6glichkeit und Dauer von Gr\u00f6\u00dfenanpassungen.<\/p>\n<div><strong>Schwarzes Ebenholz, eingebettet in zartes Rotgold bewirkt den Charme dieses Ringes.<\/strong><\/div>\n<div><strong>Der Querschnitt ist oval, die Innenfl\u00e4che ist leicht gew\u00f6lbt und poliert \u2013 das sorgt f\u00fcr den wunderbaren Tragekomfort.<\/strong><\/div>\n<p><\/p>","protected":false},"excerpt":{"rendered":"<p>Material: 750 Rotgold, Ebenholz Ma\u00dfe: 10 x 3,1 mm gew\u00f6lbte\u00a0Form\u00a0 Hinweis: Unsere Ringe sind in der angegebenen Gr\u00f6\u00dfe sofort lieferbar. Sollten sie sich einen Ring in einer anderen Gr\u00f6\u00dfe w\u00fcnschen, kontaktieren sie uns bitte. Wir informieren sie gerne \u00fcber die M\u00f6glichkeit und Dauer von Gr\u00f6\u00dfenanpassungen. Schwarzes Ebenholz, eingebettet in zartes Rotgold bewirkt den Charme dieses [&hellip;]<\/p>","protected":false},"featured_media":10309,"comment_status":"open","ping_status":"closed","template":"","meta":{"_acf_changed":false,"_et_pb_use_builder":"","_et_pb_old_content":"","_et_gb_content_width":"","inline_featured_image":false},"product_brand":[332],"product_cat":[295],"product_tag":[],"class_list":{"0":"post-9142","1":"product","2":"type-product","3":"status-publish","4":"has-post-thumbnail","6":"product_brand-leinfelder","7":"product_cat-ringe","9":"first","10":"outofstock","11":"shipping-taxable","12":"purchasable","13":"product-type-simple"},"acf":[],"_links":{"self":[{"href":"https:\/\/leinfelder-juweler.com\/en\/wp-json\/wp\/v2\/product\/9142","targetHints":{"allow":["GET"]}}],"collection":[{"href":"https:\/\/leinfelder-juweler.com\/en\/wp-json\/wp\/v2\/product"}],"about":[{"href":"https:\/\/leinfelder-juweler.com\/en\/wp-json\/wp\/v2\/types\/product"}],"replies":[{"embeddable":true,"href":"https:\/\/leinfelder-juweler.com\/en\/wp-json\/wp\/v2\/comments?post=9142"}],"wp:featuredmedia":[{"embeddable":true,"href":"https:\/\/leinfelder-juweler.com\/en\/wp-json\/wp\/v2\/media\/10309"}],"wp:attachment":[{"href":"https:\/\/leinfelder-juweler.com\/en\/wp-json\/wp\/v2\/media?parent=9142"}],"wp:term":[{"taxonomy":"product_brand","embeddable":true,"href":"https:\/\/leinfelder-juweler.com\/en\/wp-json\/wp\/v2\/product_brand?post=9142"},{"taxonomy":"product_cat","embeddable":true,"href":"https:\/\/leinfelder-juweler.com\/en\/wp-json\/wp\/v2\/product_cat?post=9142"},{"taxonomy":"product_tag","embeddable":true,"href":"https:\/\/leinfelder-juweler.com\/en\/wp-json\/wp\/v2\/product_tag?post=9142"}],"curies":[{"name":"wp","href":"https:\/\/api.w.org\/{rel}","templated":true}]}}