{"id":9143,"date":"2025-11-20T18:12:16","date_gmt":"2025-11-20T15:12:16","guid":{"rendered":"https:\/\/leinfelder-juweler.com\/?post_type=product&#038;p=9143"},"modified":"2025-11-20T20:28:11","modified_gmt":"2025-11-20T17:28:11","slug":"armband-750-weissgold-mit-32-brillanten","status":"publish","type":"product","link":"https:\/\/leinfelder-juweler.com\/en\/product\/armband-750-weissgold-mit-32-brillanten\/","title":{"rendered":"Armband 750 Wei\u00dfgold mit 32 Brillanten"},"content":{"rendered":"<p data-mce-fragment=\"1\"><strong>Armband 750 Wei\u00dfgold mit 32 Brillanten<\/strong><\/p>\n<p data-mce-fragment=\"1\"><strong>Material: <\/strong>750 Wei\u00dfgold<\/p>\n<p data-mce-fragment=\"1\"><strong>Stones:\u00a0<\/strong><span data-mce-fragment=\"1\" lang=\"EN-US\">32 Brillanten \u00d8 3,0 mm = 3,52 ct tw vsi<\/span><\/p>\n<p data-mce-fragment=\"1\"><strong>Ma\u00dfe: <\/strong>18,5 cm<\/p>\n<p style=\"margin-bottom: .0001pt;\" class=\"MsoNormal\"><strong><span style=\"font-family: 'Calibri',sans-serif; mso-ascii-theme-font: minor-latin; mso-hansi-theme-font: minor-latin; mso-bidi-font-family: 'Times New Roman'; mso-bidi-theme-font: minor-bidi;\">Einzigartige Brillanz: Diamantschmuck in meisterhafter Handarbeit.<\/span><\/strong><br \/><strong><span style=\"font-family: 'Calibri',sans-serif; mso-ascii-theme-font: minor-latin; mso-hansi-theme-font: minor-latin; mso-bidi-font-family: 'Times New Roman'; mso-bidi-theme-font: minor-bidi;\">jedes Schmuckst\u00fcck \u2013 mit Sorgfalt und Hingabe f\u00fcr Sie gefertigt.<\/span><\/strong><\/p>\n<p style=\"margin-bottom: .0001pt;\" class=\"MsoNormal\">\u00a0<\/p>\n<p style=\"margin-bottom: .0001pt;\" class=\"MsoNormal\"><b style=\"mso-bidi-font-weight: normal;\">Unser handgefertigtes Armband aus 750 Gold verbindet zeitlose Eleganz mit raffinierten Details. Die runden Knopffassungen sind durch flexible Verbindungen miteinander verbunden, wodurch ein angenehm bewegliches Tragegef\u00fchl entsteht. Dieses exquisite Armband ist wahlweise mit funkelnden Diamanten, leuchtend gr\u00fcnen Tsavoriten oder strahlend pinken Saphiren erh\u00e4ltlich. Ein wahres Schmuckst\u00fcck, das durch seine Vielseitigkeit und edle Verarbeitung besticht.<\/b><\/p>\n<p data-mce-fragment=\"1\"><strong><br \/><\/strong><\/p>","protected":false},"excerpt":{"rendered":"<p>Armband 750 Wei\u00dfgold mit 32 Brillanten Material: 750 Wei\u00dfgold Steine:\u00a032 Brillanten \u00d8 3,0 mm = 3,52 ct tw vsi Ma\u00dfe: 18,5 cm Einzigartige Brillanz: Diamantschmuck in meisterhafter Handarbeit.jedes Schmuckst\u00fcck \u2013 mit Sorgfalt und Hingabe f\u00fcr Sie gefertigt. \u00a0 Unser handgefertigtes Armband aus 750 Gold verbindet zeitlose Eleganz mit raffinierten Details. Die runden Knopffassungen sind durch [&hellip;]<\/p>","protected":false},"featured_media":10310,"comment_status":"open","ping_status":"closed","template":"","meta":{"_acf_changed":false,"_et_pb_use_builder":"","_et_pb_old_content":"","_et_gb_content_width":"","inline_featured_image":false},"product_brand":[332],"product_cat":[335],"product_tag":[],"class_list":{"0":"post-9143","1":"product","2":"type-product","3":"status-publish","4":"has-post-thumbnail","6":"product_brand-leinfelder","7":"product_cat-armschmuck","9":"first","10":"instock","11":"shipping-taxable","12":"purchasable","13":"product-type-simple"},"acf":[],"_links":{"self":[{"href":"https:\/\/leinfelder-juweler.com\/en\/wp-json\/wp\/v2\/product\/9143","targetHints":{"allow":["GET"]}}],"collection":[{"href":"https:\/\/leinfelder-juweler.com\/en\/wp-json\/wp\/v2\/product"}],"about":[{"href":"https:\/\/leinfelder-juweler.com\/en\/wp-json\/wp\/v2\/types\/product"}],"replies":[{"embeddable":true,"href":"https:\/\/leinfelder-juweler.com\/en\/wp-json\/wp\/v2\/comments?post=9143"}],"wp:featuredmedia":[{"embeddable":true,"href":"https:\/\/leinfelder-juweler.com\/en\/wp-json\/wp\/v2\/media\/10310"}],"wp:attachment":[{"href":"https:\/\/leinfelder-juweler.com\/en\/wp-json\/wp\/v2\/media?parent=9143"}],"wp:term":[{"taxonomy":"product_brand","embeddable":true,"href":"https:\/\/leinfelder-juweler.com\/en\/wp-json\/wp\/v2\/product_brand?post=9143"},{"taxonomy":"product_cat","embeddable":true,"href":"https:\/\/leinfelder-juweler.com\/en\/wp-json\/wp\/v2\/product_cat?post=9143"},{"taxonomy":"product_tag","embeddable":true,"href":"https:\/\/leinfelder-juweler.com\/en\/wp-json\/wp\/v2\/product_tag?post=9143"}],"curies":[{"name":"wp","href":"https:\/\/api.w.org\/{rel}","templated":true}]}}