{"id":9144,"date":"2025-11-20T18:12:17","date_gmt":"2025-11-20T15:12:17","guid":{"rendered":"https:\/\/leinfelder-juweler.com\/?post_type=product&#038;p=9144"},"modified":"2025-11-20T20:28:16","modified_gmt":"2025-11-20T17:28:16","slug":"ring-set-swing","status":"publish","type":"product","link":"https:\/\/leinfelder-juweler.com\/en\/product\/ring-set-swing\/","title":{"rendered":"Ring Set &#8222;Swing&#8220;"},"content":{"rendered":"<p data-mce-fragment=\"1\"><strong>Ring Set &#8222;Swing&#8220; bestehend aus zwei puren geschwungenen Ringen und einem\u00a0<\/strong><strong>Alliancering mit 41\u00a0Brillanten <\/strong><\/p>\n<p data-mce-fragment=\"1\"><strong>Material: <\/strong>750 Yellow Gold<\/p>\n<p data-mce-fragment=\"1\"><strong>Stones:\u00a0<\/strong>41 Brillanten = gesamt 0,62 ct tw vsi\u00a0\u00d8 1,0- 2,0 mm<\/p>\n<p class=\"MsoNormal\" style=\"mso-margin-top-alt: auto; margin-bottom: .0001pt; line-height: normal;\"><b style=\"mso-bidi-font-weight: normal;\"><span style=\"mso-fareast-font-family: 'Times New Roman'; mso-bidi-font-family: Calibri; mso-bidi-theme-font: minor-latin; mso-fareast-language: DE;\">Allianceringe symbolisieren die endlose Liebe und Verbundenheit in einer Beziehung. Diese schlichten, aber eleganten Ringe sind mit funkelnden Diamanten oder anderen Edelsteinen rundum besetzt und verk\u00f6rpern die Ewigkeit durch ihr flie\u00dfendes Design. <\/span><\/b><span style=\"mso-fareast-font-family: 'Times New Roman'; mso-bidi-font-family: Calibri; mso-bidi-theme-font: minor-latin; mso-fareast-language: DE;\"><\/span><\/p>\n<p class=\"MsoNormal\" style=\"margin-bottom: .0001pt; line-height: normal;\"><b><span style=\"mso-fareast-font-family: 'Times New Roman'; mso-bidi-font-family: Calibri; mso-bidi-theme-font: minor-latin; mso-fareast-language: DE;\">Die funkelnden Brillanten verleihen diesem Alliancering seinen edlen Charme.<\/span><\/b><span style=\"mso-fareast-font-family: 'Times New Roman'; mso-bidi-font-family: Calibri; mso-bidi-theme-font: minor-latin; mso-fareast-language: DE;\"><\/span><\/p>\n<p class=\"MsoNormal\" style=\"margin-bottom: .0001pt; line-height: normal;\"><b><span style=\"mso-fareast-font-family: 'Times New Roman'; mso-bidi-font-family: Calibri; mso-bidi-theme-font: minor-latin; mso-fareast-language: DE;\">Einzeln oder als Zusteckring kombiniert, ein Statement.<\/span><\/b><span style=\"mso-fareast-font-family: 'Times New Roman'; mso-bidi-font-family: Calibri; mso-bidi-theme-font: minor-latin; mso-fareast-language: DE;\"><\/span><\/p>\n<p class=\"MsoNormal\" style=\"margin-bottom: .0001pt; line-height: normal;\">\u00a0<\/p>\n<p class=\"MsoNormal\" style=\"margin-bottom: .0001pt;\"><strong><span style=\"font-family: 'Calibri',sans-serif; mso-ascii-theme-font: minor-latin; mso-hansi-theme-font: minor-latin; mso-bidi-theme-font: minor-latin;\">3-teilige Kombination, bestehend aus einem mit Brillanten ausgefassten Mittelring und zwei goldenen, geschwungenen Ringen.<\/span><\/strong><\/p>\n<p class=\"MsoNormal\" style=\"margin-bottom: .0001pt;\">\u00a0<\/p>\n<p data-mce-fragment=\"1\"><strong>Hinweis:\u00a0<\/strong><span>Unsere Ringe sind in der angegebenen Gr\u00f6\u00dfe sofort lieferbar. Sollten sie sich einen Ring in einer anderen Gr\u00f6\u00dfe w\u00fcnschen, kontaktieren sie uns bitte. Wir informieren sie gerne \u00fcber die M\u00f6glichkeit und Dauer von Gr\u00f6\u00dfenanpassungen.<\/span><\/p>\n<div><strong><br \/><\/strong><\/div>\n<div data-mce-fragment=\"1\"><strong><br \/><\/strong><\/div>","protected":false},"excerpt":{"rendered":"<p>Ring Set &#8222;Swing&#8220; bestehend aus zwei puren geschwungenen Ringen und einem\u00a0Alliancering mit 41\u00a0Brillanten Material: 750 Gelbgold Steine:\u00a041 Brillanten = gesamt 0,62 ct tw vsi\u00a0\u00d8 1,0- 2,0 mm Allianceringe symbolisieren die endlose Liebe und Verbundenheit in einer Beziehung. Diese schlichten, aber eleganten Ringe sind mit funkelnden Diamanten oder anderen Edelsteinen rundum besetzt und verk\u00f6rpern die Ewigkeit [&hellip;]<\/p>","protected":false},"featured_media":10311,"comment_status":"open","ping_status":"closed","template":"","meta":{"_acf_changed":false,"_et_pb_use_builder":"","_et_pb_old_content":"","_et_gb_content_width":"","inline_featured_image":false},"product_brand":[332],"product_cat":[295],"product_tag":[],"class_list":{"0":"post-9144","1":"product","2":"type-product","3":"status-publish","4":"has-post-thumbnail","6":"product_brand-leinfelder","7":"product_cat-ringe","9":"first","10":"outofstock","11":"shipping-taxable","12":"purchasable","13":"product-type-simple"},"acf":[],"_links":{"self":[{"href":"https:\/\/leinfelder-juweler.com\/en\/wp-json\/wp\/v2\/product\/9144","targetHints":{"allow":["GET"]}}],"collection":[{"href":"https:\/\/leinfelder-juweler.com\/en\/wp-json\/wp\/v2\/product"}],"about":[{"href":"https:\/\/leinfelder-juweler.com\/en\/wp-json\/wp\/v2\/types\/product"}],"replies":[{"embeddable":true,"href":"https:\/\/leinfelder-juweler.com\/en\/wp-json\/wp\/v2\/comments?post=9144"}],"wp:featuredmedia":[{"embeddable":true,"href":"https:\/\/leinfelder-juweler.com\/en\/wp-json\/wp\/v2\/media\/10311"}],"wp:attachment":[{"href":"https:\/\/leinfelder-juweler.com\/en\/wp-json\/wp\/v2\/media?parent=9144"}],"wp:term":[{"taxonomy":"product_brand","embeddable":true,"href":"https:\/\/leinfelder-juweler.com\/en\/wp-json\/wp\/v2\/product_brand?post=9144"},{"taxonomy":"product_cat","embeddable":true,"href":"https:\/\/leinfelder-juweler.com\/en\/wp-json\/wp\/v2\/product_cat?post=9144"},{"taxonomy":"product_tag","embeddable":true,"href":"https:\/\/leinfelder-juweler.com\/en\/wp-json\/wp\/v2\/product_tag?post=9144"}],"curies":[{"name":"wp","href":"https:\/\/api.w.org\/{rel}","templated":true}]}}