{"id":9145,"date":"2025-11-20T18:12:17","date_gmt":"2025-11-20T15:12:17","guid":{"rendered":"https:\/\/leinfelder-juweler.com\/?post_type=product&#038;p=9145"},"modified":"2025-11-20T20:28:23","modified_gmt":"2025-11-20T17:28:23","slug":"ring-swing-750-gelbgold","status":"publish","type":"product","link":"https:\/\/leinfelder-juweler.com\/en\/product\/ring-swing-750-gelbgold\/","title":{"rendered":"Ring &#8222;Swing&#8220; 750 Gelbgold"},"content":{"rendered":"<p><strong>Ein Ring 750 Gelbgold \u201eSwing\u201c pur<\/strong><span><\/span><\/p>\n<p><strong>Material: <\/strong>750 Yellow Gold<\/p>\n<p><strong>Hinweis:\u00a0<\/strong><span>Unsere Ringe sind in der angegebenen Gr\u00f6\u00dfe sofort lieferbar. Sollten sie sich einen Ring in einer anderen Gr\u00f6\u00dfe w\u00fcnschen, kontaktieren sie uns bitte. Wir informieren sie gerne \u00fcber die M\u00f6glichkeit und Dauer von Gr\u00f6\u00dfenanpassungen.<\/span><\/p>\n<div>\n<p class=\"MsoNormal\" style=\"margin-bottom: .0001pt;\"><b style=\"mso-bidi-font-weight: normal;\">Trauringe symbolisieren ein Versprechen und ewige Verbundenheit. Dank \u201ebombierter\u201c Innenfl\u00e4chen bieten sie h\u00f6chsten Tragekomfort. Au\u00dfenprofil, Breite und Materialst\u00e4rke gestalten wir nach Ihren W\u00fcnschen. Seitliche Abs\u00e4tze verleihen eine besondere, elegante Note.<\/b><span style=\"color: #0070c0;\"><\/span><\/p>\n<p class=\"MsoNormal\" style=\"margin-bottom: .0001pt;\">\u00a0<\/p>\n<\/div>\n<div><strong>Der zart geschwungene Goldreif ist die perfekte Erg\u00e4nzung zu seinem mit Brillanten ausgefassten Pendant.<\/strong><\/div>","protected":false},"excerpt":{"rendered":"<p>Ein Ring 750 Gelbgold \u201eSwing\u201c pur Material: 750 Gelbgold Hinweis:\u00a0Unsere Ringe sind in der angegebenen Gr\u00f6\u00dfe sofort lieferbar. Sollten sie sich einen Ring in einer anderen Gr\u00f6\u00dfe w\u00fcnschen, kontaktieren sie uns bitte. Wir informieren sie gerne \u00fcber die M\u00f6glichkeit und Dauer von Gr\u00f6\u00dfenanpassungen. Trauringe symbolisieren ein Versprechen und ewige Verbundenheit. Dank \u201ebombierter\u201c Innenfl\u00e4chen bieten sie [&hellip;]<\/p>","protected":false},"featured_media":10312,"comment_status":"open","ping_status":"closed","template":"","meta":{"_acf_changed":false,"_et_pb_use_builder":"","_et_pb_old_content":"","_et_gb_content_width":"","inline_featured_image":false},"product_brand":[332],"product_cat":[295],"product_tag":[370],"class_list":{"0":"post-9145","1":"product","2":"type-product","3":"status-publish","4":"has-post-thumbnail","6":"product_brand-leinfelder","7":"product_cat-ringe","8":"product_tag-pur","10":"first","11":"outofstock","12":"sold-individually","13":"shipping-taxable","14":"purchasable","15":"product-type-simple"},"acf":[],"_links":{"self":[{"href":"https:\/\/leinfelder-juweler.com\/en\/wp-json\/wp\/v2\/product\/9145","targetHints":{"allow":["GET"]}}],"collection":[{"href":"https:\/\/leinfelder-juweler.com\/en\/wp-json\/wp\/v2\/product"}],"about":[{"href":"https:\/\/leinfelder-juweler.com\/en\/wp-json\/wp\/v2\/types\/product"}],"replies":[{"embeddable":true,"href":"https:\/\/leinfelder-juweler.com\/en\/wp-json\/wp\/v2\/comments?post=9145"}],"wp:featuredmedia":[{"embeddable":true,"href":"https:\/\/leinfelder-juweler.com\/en\/wp-json\/wp\/v2\/media\/10312"}],"wp:attachment":[{"href":"https:\/\/leinfelder-juweler.com\/en\/wp-json\/wp\/v2\/media?parent=9145"}],"wp:term":[{"taxonomy":"product_brand","embeddable":true,"href":"https:\/\/leinfelder-juweler.com\/en\/wp-json\/wp\/v2\/product_brand?post=9145"},{"taxonomy":"product_cat","embeddable":true,"href":"https:\/\/leinfelder-juweler.com\/en\/wp-json\/wp\/v2\/product_cat?post=9145"},{"taxonomy":"product_tag","embeddable":true,"href":"https:\/\/leinfelder-juweler.com\/en\/wp-json\/wp\/v2\/product_tag?post=9145"}],"curies":[{"name":"wp","href":"https:\/\/api.w.org\/{rel}","templated":true}]}}